{"id":589,"date":"2021-04-20T19:05:13","date_gmt":"2021-04-20T22:05:13","guid":{"rendered":"http:\/\/eventos.ifg.edu.br\/eventosmatematica\/?page_id=589"},"modified":"2024-11-25T13:58:25","modified_gmt":"2024-11-25T16:58:25","slug":"programacao","status":"publish","type":"page","link":"https:\/\/eventos.ifg.edu.br\/eventosmatematica\/semana-da-matematica\/programacao\/","title":{"rendered":"Programa\u00e7\u00e3o SEMAT 2024"},"content":{"rendered":"\n<p><\/p>\n\n\n\n<figure class=\"wp-block-image size-large\"><img fetchpriority=\"high\" decoding=\"async\" width=\"1024\" height=\"552\" src=\"https:\/\/eventos.ifg.edu.br\/eventosmatematica\/wp-content\/uploads\/sites\/46\/2024\/11\/quadro2024-2-1024x552.jpeg\" alt=\"\" class=\"wp-image-977\" srcset=\"https:\/\/eventos.ifg.edu.br\/eventosmatematica\/wp-content\/uploads\/sites\/46\/2024\/11\/quadro2024-2-1024x552.jpeg 1024w, https:\/\/eventos.ifg.edu.br\/eventosmatematica\/wp-content\/uploads\/sites\/46\/2024\/11\/quadro2024-2-300x162.jpeg 300w, https:\/\/eventos.ifg.edu.br\/eventosmatematica\/wp-content\/uploads\/sites\/46\/2024\/11\/quadro2024-2-768x414.jpeg 768w, https:\/\/eventos.ifg.edu.br\/eventosmatematica\/wp-content\/uploads\/sites\/46\/2024\/11\/quadro2024-2.jpeg 1221w\" sizes=\"(max-width: 1024px) 100vw, 1024px\" \/><\/figure>\n\n\n<div class=\"section\">\n<h3 style=\"text-align: center\">Ter\u00e7a-feira 26\/11<\/h3>\n<div class=\"program-item\"><strong><span class=\"highlight\">Credenciamento:<\/span><\/strong> 12:30 \u00e0s 13:30<br><span class=\"location\"><strong>Local:<\/strong> Hall da Cinemateca<\/span><\/div>\n<div>&nbsp;<\/div>\n<div class=\"program-item\"><strong><span class=\"highlight\">Momento Cultural:<\/span><\/strong> 13:30 \u00e0s 14:00<\/div>\n<div><span class=\"location\"><strong>Local:<\/strong> Cinemateca<\/span><\/div>\n<div>&nbsp;<\/div>\n<div class=\"program-item\"><strong><span class=\"highlight\">Sess\u00e3o Solene de Abertura:<\/span><\/strong> 14:00 \u00e0s 14:30<br><span class=\"location\"><strong>Local:<\/strong> Cinemateca<\/span><\/div>\n<div>&nbsp;<\/div>\n<div class=\"program-item\"><strong><span class=\"highlight\">Palestra:<\/span><\/strong> 14:30 \u00e0s 16:00<br><b>T\u00edtulo:<\/b> A matem\u00e1tica da ci\u00eancia de dados e intelig\u00eancia artificial<br><b>Palestrante:<\/b> Prof. Dr. Adriano Oliveira Barbosa<br><span class=\"location\"><strong>Local:<\/strong> Cinemateca<\/span><\/div>\n<div>&nbsp;<\/div>\n<div class=\"program-item\"><strong><span class=\"highlight\">Coffee break:<\/span><\/strong> 16:00 \u00e0s 16:30<br><span class=\"location\"><strong>Local:<\/strong> Sala dos Servidores em frente ao Audit\u00f3rio Demartin Bizerra<\/span><\/div>\n<div>&nbsp;<\/div>\n<div class=\"program-item\"><strong><span class=\"highlight\">Roda de Conversa:<\/span><\/strong> 16:30 \u00e0s 18:00<br><b>T\u00edtulo:<\/b> Carreira em Matem\u00e1tica: Possibilidades e Desafios para Novos Profissionais<br><b>Convidados:<\/b> <span style=\"font-weight: 400\">Maria Eduarda Pereira Costa, Me. Gabriel Diego de Aguiar Aranha, Esp. Pedro Boaratti Braga, Juliana Moreno Oliveira<\/span><br><span class=\"location\"><strong>Local:<\/strong> Cinemateca<\/span><\/div>\n<h3>&nbsp;<\/h3>\n<h3 style=\"text-align: center\">Quarta-feira 27\/11<\/h3>\n<div class=\"program-item\"><strong><span class=\"highlight\">Comunica\u00e7\u00f5es Orais:<\/span><\/strong> 13:00 \u00e0s 14:00<br><span class=\"location\">Local: S502-B e S503-B (rela\u00e7\u00e3o ao final da p\u00e1gina)<\/span><\/div>\n<p><!-- Add detailed entries for this section similar to above --><\/p>\n<div class=\"program-item\"><strong><span class=\"highlight\">Momento Cultural:<\/span> <\/strong>14:00 \u00e0s 14:30<\/div>\n<div><span class=\"location\"><strong>Local:<\/strong> Cinemateca<\/span><\/div>\n<div>&nbsp;<\/div>\n<div class=\"program-item\"><strong><span class=\"highlight\">Palestra:<\/span><\/strong> 14:30 \u00e0s 16:00<br><b>T\u00edtulo:<\/b> O Novo Ensino M\u00e9dio no Brasil: Reflex\u00f5es sobre os impactos da reforma na forma\u00e7\u00e3o humana<br><b>Palestrante:<\/b> Prof. Dr. N\u00e9ri Em\u00edlio Soares J\u00fanior<br><span class=\"location\"><strong>Local:<\/strong> Cinemateca<\/span><\/div>\n<div>&nbsp;<\/div>\n<div class=\"program-item\"><strong><span class=\"highlight\">Coffee break:<\/span><\/strong> 16:00 \u00e0s 16:30<br><span class=\"location\"><strong>Local:<\/strong> Sala dos Servidores em frente ao Audit\u00f3rio Demartin Bizerra<\/span><\/div>\n<div>&nbsp;<\/div>\n<div class=\"program-item\"><strong><span class=\"highlight\">Minicursos:<\/span><\/strong> 16:30 \u00e0s 18:00<\/div>\n<h3>&nbsp;<\/h3>\n<h3 style=\"text-align: center\">Quinta-feira 28\/11<\/h3>\n<div class=\"program-item\"><strong><span class=\"highlight\">Exposi\u00e7\u00e3o de P\u00f4steres:<\/span><\/strong> 13:00 \u00e0s 14:00<br><span class=\"location\"><strong>Local:<\/strong> Hall da Cinemateca (rela\u00e7\u00e3o ao final da p\u00e1gina)<\/span><\/div>\n<div>&nbsp;<\/div>\n<div class=\"program-item\"><strong><span class=\"highlight\">Momento Cultural:<\/span><\/strong> 14:00 \u00e0s 14:30<\/div>\n<div><span class=\"location\"><strong>Local:<\/strong> Cinemateca<\/span><\/div>\n<div>&nbsp;<\/div>\n<div class=\"program-item\"><strong><span class=\"highlight\">Palestra:<\/span><\/strong> 14:30 \u00e0s 16:00<br><b>T\u00edtulo:<\/b> Alguns desafios relacionados ao ensino da Matem\u00e1tica no s\u00e9culo XXI<br><b>Palestrante:<\/b> Prof. Me. Lu\u00eds Cl\u00e1udio Lopes de Ara\u00fajo<br><span class=\"location\"><strong>Local:<\/strong> Cinemateca<\/span><\/div>\n<div>&nbsp;<\/div>\n<div class=\"program-item\"><strong><span class=\"highlight\">Coffee break:<\/span><\/strong> 16:00 \u00e0s 16:30<br><span class=\"location\"><strong>Local:<\/strong> Sala dos Servidores em frente ao Audit\u00f3rio Demartin Bizerra<\/span><\/div>\n<div>&nbsp;<\/div>\n<div class=\"program-item\"><strong><span class=\"highlight\">Minicursos:<\/span> <\/strong>16:30 \u00e0s 18:00<\/div>\n<\/div>\n<div class=\"section\">\n<h2>&nbsp;<\/h2>\n<h2 style=\"text-align: center\">Minicursos<\/h2>\n<p><strong><span class=\"highlight\">1) <\/span><\/strong><b>T\u00edtulo:<\/b> <span style=\"font-weight: 400\">Construindo atividades din\u00e2micas e envolventes com o Desmos Classroom<\/span><\/p>\n<p><b>Ministrante:<\/b> Prof. Me. Lu\u00eds Cl\u00e1udio Lopes de Ara\u00fajo<\/p>\n<p><span class=\"location\"><strong>Local:<\/strong> Cinemateca<\/span><\/p>\n<p><span style=\"font-weight: 400\"><strong>Datas:<\/strong> 27 e 28 de novembro<\/span><\/p>\n<p><span style=\"font-weight: 400\"><strong>Local:<\/strong>S401-B<\/span><\/p>\n<p><span style=\"font-weight: 400\"><strong>2) T\u00edtulo:<\/strong> Semigrupos de Operadores Lineares e suas Aplica\u00e7\u00f5es em Equa\u00e7\u00f5es Diferenciais Parciais<\/span><\/p>\n<p><span style=\"font-weight: 400\"><strong>Ministrante:<\/strong> Prof. Dr. Marcos Roberto Batista<\/span><\/p>\n<p><span style=\"font-weight: 400\"><strong>Datas:<\/strong> 27 e 28 de novembro<\/span><\/p>\n<p><span style=\"font-weight: 400\"><strong>Local:<\/strong>S403-C<\/span><\/p>\n<p><span style=\"font-weight: 400\"><strong>3) T\u00edtulo:<\/strong> Jogos de azar com Probabilidade<\/span><\/p>\n<p><span style=\"font-weight: 400\"><strong>Ministrante:<\/strong> Prof. Me. Weslley Pinheiro Barreto<\/span><\/p>\n<p><span style=\"font-weight: 400\"><strong>Datas:<\/strong> 27 e 28 de novembro<\/span><\/p>\n<p><span style=\"font-weight: 400\"><strong>Local: <\/strong>Laborat\u00f3rio de Ensino de Matem\u00e1tica \u2013 Bloco 800<\/span><\/p>\n<p><span style=\"font-weight: 400\"><strong>4) T\u00edtulo:<\/strong> Introdu\u00e7\u00e3o \u00e0 Programa\u00e7\u00e3o em Python com Aritm\u00e9tica<\/span><\/p>\n<p><span style=\"font-weight: 400\"><strong>Ministrante:<\/strong> Prof. Me. Rog\u00e9rio da Silva Cavalcante<\/span><\/p>\n<p><span style=\"font-weight: 400\"><strong>Data:<\/strong> 27 de novembro<\/span><\/p>\n<p><span style=\"font-weight: 400\"><strong>Local:<\/strong> S401-D<\/span><\/p>\n<p><span style=\"font-weight: 400\"><strong>5) T\u00edtulo:<\/strong> Computa\u00e7\u00e3o Alg\u00e9brica em sala de aula: Uma introdu\u00e7\u00e3o ao software M\u00e1xima<\/span><\/p>\n<p><span style=\"font-weight: 400\"><strong>Ministrante:<\/strong> Prof. Dr. Thiago Vedovatto<\/span><\/p>\n<p><span style=\"font-weight: 400\"><strong>Data:<\/strong> 27 de novembro<\/span><\/p>\n<p><span style=\"font-weight: 400\"><strong>Local:<\/strong> Laborat\u00f3rio de Tecnologias Matem\u00e1ticas<\/span><\/p>\n<p><span style=\"font-weight: 400\"><strong>6) T\u00edtulo:<\/strong> O Uso do Jogo EU SEI no Ensino de Multiplica\u00e7\u00e3o e Divis\u00e3o de Bin\u00f4mios&nbsp;<\/span><\/p>\n<p><span style=\"font-weight: 400\"><strong>Ministrantes:<\/strong> Prof\u00aa. Dra. Elaine Altino Freire Leite,&nbsp;<\/span><span style=\"font-weight: 400\">Prof\u00aa. Dra M\u00e1rcia do Socorro B. A. Cardoso<\/span><\/p>\n<p><span style=\"font-weight: 400\"><strong>Data:<\/strong> 27 de novembro<\/span><\/p>\n<p><span style=\"font-weight: 400\"><strong>Local:<\/strong>T &#8211; 203<\/span><\/p>\n<p><span style=\"font-weight: 400\"><strong>7) T\u00edtulo:<\/strong> Introdu\u00e7\u00e3o \u00e0 Rob\u00f3tica Educacional com Arduino: Possibilidades para o Ensino de Matem\u00e1tica e Ci\u00eancias da Natureza<\/span><\/p>\n<p><span style=\"font-weight: 400\"><strong>Ministrante:<\/strong> Prof. Dr. Gustavo da Silva Moc\u00f3<\/span><\/p>\n<p><span style=\"font-weight: 400\"><strong>Data:<\/strong> 28 de novembro<\/span><\/p>\n<p><span style=\"font-weight: 400\"><strong>Local:<\/strong> S401-C<\/span><\/p>\n<p><span style=\"font-weight: 400\"><strong>8) T\u00edtulo:<\/strong> Introdu\u00e7\u00e3o \u00e0 linguagem de programa\u00e7\u00e3o com R-Studio<\/span><\/p>\n<p><span style=\"font-weight: 400\"><strong>Ministrante<\/strong>: Prof. Dr. Jos\u00e9 Eder Salvador de Vasconcelos<\/span><\/p>\n<p><span style=\"font-weight: 400\"><strong>Data:<\/strong> 28 de novembro<\/span><\/p>\n<p><span style=\"font-weight: 400\"><strong>Local:<\/strong> Laborat\u00f3rio de Tecnologias Matem\u00e1ticas<\/span><\/p>\n<\/div>\n<h3 style=\"text-align: center\"><strong>COMUNICA\u00c7\u00d5ES ORAIS<\/strong><\/h3>\n<div style=\"text-align: justify\">\n<h4><strong>Local: S502-B<\/strong><\/h4>\n<p><span style=\"font-weight: 400\"><strong>13:00 \u00e0s 13:15<\/strong> \u2013 An\u00e1lise da precipita\u00e7\u00e3o nas capitais do nordeste brasileiro utilizando a transformada de Hilbert &#8211; Marluce Roberta Camargo Barbosa, Uender Barbosa de Souza<\/span><\/p>\n<p><span style=\"font-weight: 400\"><strong>13:15 \u00e0s 13:30<\/strong> \u2013 \u00c1lgebras quadr\u00e1tica e \u00e1lgebra associadas a grafos orientados em n\u00edveis &#8211; Jos\u00e9 Eder Salvador de Vasconcelos, Karoline Victor Fernandes, M\u00e1rcio Dias de Lima<\/span><\/p>\n<p><span style=\"font-weight: 400\"><strong>13:30 \u00e0s 13:45<\/strong> \u2013 Equa\u00e7\u00f5es diferenciais lineares de segunda ordem &#8211; Karoline Victor Fernandes, Ciro Castro De Ara\u00fajo<\/span><\/p>\n<p><span style=\"font-weight: 400\"><strong>13:45 \u00e0s 14:00<\/strong> &#8211; Analisando Fundos de Investimentos Pela Linguagem de Programa\u00e7\u00e3o Python &#8211; Andr\u00e9ia Ribeiro de Faria, M\u00e1rcio Dias de Lima<\/span><\/p>\n<h4><strong>Local: S503-B<\/strong><\/h4>\n<p><span style=\"font-weight: 400\"><strong>13:00 \u00e0s 13:15<\/strong> &#8211; O movimento l\u00f3gico-hist\u00f3rico da rob\u00f3tica pedag\u00f3gica na educa\u00e7\u00e3o matem\u00e1tica na perspectiva da teoria hist\u00f3rico-cultural &#8211; Pedro Victor Vieira de Matos, Duelci Aparecido de Freitas Vaz<\/span><\/p>\n<p><span style=\"font-weight: 400\"><strong>13:15 \u00e0s 13:30<\/strong> &#8211; Aplicando fun\u00e7\u00f5es no ensino da matem\u00e1tica: enfoque no processo criptogr\u00e1fico &#8211; Naam\u00e3 Galdino da Silva Neris<\/span><\/p>\n<p><span style=\"font-weight: 400\"><strong>13:30 \u00e0s 13:45<\/strong> &#8211; Desafios e Barreiras de G\u00eanero na Trajet\u00f3ria Profissional de Mulheres na Matem\u00e1tica: Uma An\u00e1lise em uma Institui\u00e7\u00e3o de Ensino Superior de Goi\u00e1s &#8211; Anna J\u00falia Alves de Oliveira, Ana Cristina Gomes de Jesus<\/span><\/p>\n<p><span style=\"font-weight: 400\"><strong>13:45 \u00e0s 14:00<\/strong> &#8211; Uma Abordagem Te\u00f3rica Sobre Os Conceitos Fundamentais De Semi-grupo Num\u00e9rico &#8211; Naam\u00e3 Galdino da Silva Neris, \u00c1tila Felipe de Souza Figueredo<\/span><\/p>\n<\/div>\n<div style=\"text-align: justify\">\n<h3 style=\"text-align: center\"><strong>P\u00d4STERES<\/strong><\/h3>\n<p><strong>Loca: Hall da Cinemateca<\/strong><\/p>\n<p>Uma proposta de sequ\u00eancia did\u00e1tica para o ensino de \u00e1rea e per\u00edmetro de figuras planas para alunos da zona rural, com atividades &#8211; Luciano Lopes de Sousa<\/p>\n<p>Proje\u00e7\u00f5es da COVID-19 em Inhumas: Uma Aplica\u00e7\u00e3o de Cadeias de Markov no Estudo Epidemiol\u00f3gico &#8211; Grazielly de Oliveira Costa, Pablo Vandr\u00e9 Jacob Furlan<\/p>\n<p>An\u00e1lise Clim\u00e1tica em Inhumas: Aplica\u00e7\u00e3o de Cadeias de Markov e Fun\u00e7\u00f5es Trigonom\u00e9tricas &#8211; Washington Pereira Campos, Pablo Vandr\u00e9 Jacob Furlan<\/p>\n<p>MathQuest: Aplicando Tecnologia para Agilizar a Cria\u00e7\u00e3o de Provas &#8211; Diogo dos Reis Almeida, Pablo Vandre Jacob Furlan, Marianna Clara de Natividade e Silva, Pedro Gabriel Cunha Mende, Rodrigo Candido Borge<\/p>\n<div class=\"section\">&nbsp;<\/div>\n<h2>Comiss\u00e3o Organizadora<\/h2>\n<ul>\n<li>Elaine Altino Freire Leite<\/li>\n<li>Hugo Leonardo da Silva Belisario<\/li>\n<li>M\u00e1rcia do Socorro Borges de Ara\u00fajo Cardoso<\/li>\n<li>Mariana Bernardes Borges da Cunha<\/li>\n<li>Maxwell Gon\u00e7alves Ara\u00fajo<\/li>\n<\/ul>\n<\/div>","protected":false},"excerpt":{"rendered":"<p>Ter\u00e7a-feira 26\/11 Credenciamento: 12:30 \u00e0s 13:30Local: Hall da Cinemateca &nbsp; Momento Cultural: 13:30 \u00e0s 14:00 Local: Cinemateca &nbsp; Sess\u00e3o Solene de Abertura: 14:00 \u00e0s 14:30Local: Cinemateca &nbsp; Palestra: 14:30 \u00e0s 16:00T\u00edtulo: A matem\u00e1tica da ci\u00eancia de dados e intelig\u00eancia artificialPalestrante: <a class=\"more-link\" href=\"https:\/\/eventos.ifg.edu.br\/eventosmatematica\/semana-da-matematica\/programacao\/\">Leia mais&#8230; &raquo;<\/a><\/p>\n","protected":false},"author":118,"featured_media":0,"parent":9,"menu_order":0,"comment_status":"closed","ping_status":"closed","template":"","meta":{"ngg_post_thumbnail":0,"footnotes":""},"class_list":["post-589","page","type-page","status-publish","hentry"],"_links":{"self":[{"href":"https:\/\/eventos.ifg.edu.br\/eventosmatematica\/wp-json\/wp\/v2\/pages\/589"}],"collection":[{"href":"https:\/\/eventos.ifg.edu.br\/eventosmatematica\/wp-json\/wp\/v2\/pages"}],"about":[{"href":"https:\/\/eventos.ifg.edu.br\/eventosmatematica\/wp-json\/wp\/v2\/types\/page"}],"author":[{"embeddable":true,"href":"https:\/\/eventos.ifg.edu.br\/eventosmatematica\/wp-json\/wp\/v2\/users\/118"}],"replies":[{"embeddable":true,"href":"https:\/\/eventos.ifg.edu.br\/eventosmatematica\/wp-json\/wp\/v2\/comments?post=589"}],"version-history":[{"count":54,"href":"https:\/\/eventos.ifg.edu.br\/eventosmatematica\/wp-json\/wp\/v2\/pages\/589\/revisions"}],"predecessor-version":[{"id":978,"href":"https:\/\/eventos.ifg.edu.br\/eventosmatematica\/wp-json\/wp\/v2\/pages\/589\/revisions\/978"}],"up":[{"embeddable":true,"href":"https:\/\/eventos.ifg.edu.br\/eventosmatematica\/wp-json\/wp\/v2\/pages\/9"}],"wp:attachment":[{"href":"https:\/\/eventos.ifg.edu.br\/eventosmatematica\/wp-json\/wp\/v2\/media?parent=589"}],"curies":[{"name":"wp","href":"https:\/\/api.w.org\/{rel}","templated":true}]}}