{"id":36,"date":"2019-03-18T19:55:25","date_gmt":"2019-03-18T22:55:25","guid":{"rendered":"http:\/\/eventos.ifg.edu.br\/eventosmatematica\/?page_id=36"},"modified":"2024-10-17T08:42:27","modified_gmt":"2024-10-17T11:42:27","slug":"sobre-o-evento","status":"publish","type":"page","link":"https:\/\/eventos.ifg.edu.br\/eventosmatematica\/semana-da-matematica\/sobre-o-evento\/","title":{"rendered":"Sobre o Evento"},"content":{"rendered":"\n<p style=\"text-align: justify\">A Semana da Licenciatura em Matem\u00e1tica do do Instituto Federal de Educa\u00e7\u00e3o, Ci\u00eancia e Tecnologia de Goi\u00e1s &#8211; Campus Goi\u00e2nia \u00e9 promovida anualmente desde 2010. A Semana, organizada pela Coordena\u00e7\u00e3o da \u00c1rea Acad\u00eamica de Matem\u00e1tica do IFG &#8211; C\u00e2mpus Goi\u00e2nia, destinada aos alunos do curso de licenciatura em matem\u00e1tica e demais cursos atendidos pela coordena\u00e7\u00e3o de matem\u00e1tica do IFG, objetiva difundir\/divulgar o conhecimento matem\u00e1tico produzido em \u00e2mbito regional \u00e0 comunidade acad\u00eamica do IFG &#8211; C\u00e2mpus Goi\u00e2nia, congregar alunos e professores, estimular os alunos a participar de eventos cient\u00edficos e divulgar os trabalhos realizados no \u00e2mbito do curso, al\u00e9m de reunir a comunidade acad\u00eamica para promover o interc\u00e2mbio entre as \u00e1reas afins \u00e0 Matem\u00e1tica, interagir conhecimentos e mostrar a import\u00e2ncia das parcerias entre pesquisadores\/institui\u00e7\u00f5es na forma\u00e7\u00e3o do professor de matem\u00e1tica.<\/p>\n\n\n\n<p style=\"text-align: justify\">A realiza\u00e7\u00e3o deste evento contribui com a forma\u00e7\u00e3o cientifica, tecnol\u00f3gica, inovadora e educacional dos participantes, de modo a incentivar a comunidade \u00e0 criatividade e \u00e0 inova\u00e7\u00e3o na produ\u00e7\u00e3o de conhecimentos e na import\u00e2ncia da participa\u00e7\u00e3o nos eventos cient\u00edficos.<\/p>\n\n\n\n<p style=\"text-align: justify\">A semana de Matem\u00e1tica conta ano a ano com a participa\u00e7\u00e3o de renomados professores e pesquisadores da \u00e1rea de matem\u00e1tica, n\u00e3o s\u00f3 da regi\u00e3o centro-oeste, mas tamb\u00e9m de todo o pa\u00eds. Tamb\u00e9m s\u00e3o promovidas se\u00e7\u00f5es t\u00e9cnicas em que os alunos dos cursos de Matem\u00e1tica (gradua\u00e7\u00e3o e p\u00f3s-gradua\u00e7\u00e3o) e \u00e1reas afins da regi\u00e3o t\u00eam a oportunidade de expor seus trabalhos, sejam de inicia\u00e7\u00e3o cientifica, trabalho de conclus\u00e3o de curso, monografia de especializa\u00e7\u00e3o, etc.<\/p>\n\n","protected":false},"excerpt":{"rendered":"<p>A Semana da Licenciatura em Matem\u00e1tica do do Instituto Federal de Educa\u00e7\u00e3o, Ci\u00eancia e Tecnologia de Goi\u00e1s &#8211; Campus Goi\u00e2nia \u00e9 promovida anualmente desde 2010. A Semana, organizada pela Coordena\u00e7\u00e3o da \u00c1rea Acad\u00eamica de Matem\u00e1tica do IFG &#8211; C\u00e2mpus Goi\u00e2nia, <a class=\"more-link\" href=\"https:\/\/eventos.ifg.edu.br\/eventosmatematica\/semana-da-matematica\/sobre-o-evento\/\">Leia mais&#8230; &raquo;<\/a><\/p>\n","protected":false},"author":81,"featured_media":0,"parent":9,"menu_order":2,"comment_status":"closed","ping_status":"closed","template":"","meta":{"ngg_post_thumbnail":0,"footnotes":""},"class_list":["post-36","page","type-page","status-publish","hentry"],"_links":{"self":[{"href":"https:\/\/eventos.ifg.edu.br\/eventosmatematica\/wp-json\/wp\/v2\/pages\/36"}],"collection":[{"href":"https:\/\/eventos.ifg.edu.br\/eventosmatematica\/wp-json\/wp\/v2\/pages"}],"about":[{"href":"https:\/\/eventos.ifg.edu.br\/eventosmatematica\/wp-json\/wp\/v2\/types\/page"}],"author":[{"embeddable":true,"href":"https:\/\/eventos.ifg.edu.br\/eventosmatematica\/wp-json\/wp\/v2\/users\/81"}],"replies":[{"embeddable":true,"href":"https:\/\/eventos.ifg.edu.br\/eventosmatematica\/wp-json\/wp\/v2\/comments?post=36"}],"version-history":[{"count":22,"href":"https:\/\/eventos.ifg.edu.br\/eventosmatematica\/wp-json\/wp\/v2\/pages\/36\/revisions"}],"predecessor-version":[{"id":815,"href":"https:\/\/eventos.ifg.edu.br\/eventosmatematica\/wp-json\/wp\/v2\/pages\/36\/revisions\/815"}],"up":[{"embeddable":true,"href":"https:\/\/eventos.ifg.edu.br\/eventosmatematica\/wp-json\/wp\/v2\/pages\/9"}],"wp:attachment":[{"href":"https:\/\/eventos.ifg.edu.br\/eventosmatematica\/wp-json\/wp\/v2\/media?parent=36"}],"curies":[{"name":"wp","href":"https:\/\/api.w.org\/{rel}","templated":true}]}}