{"id":282,"date":"2020-02-20T16:05:35","date_gmt":"2020-02-20T19:05:35","guid":{"rendered":"http:\/\/eventos.ifg.edu.br\/eventosmatematica\/?page_id=282"},"modified":"2024-12-09T19:03:01","modified_gmt":"2024-12-09T22:03:01","slug":"docentes","status":"publish","type":"page","link":"https:\/\/eventos.ifg.edu.br\/eventosmatematica\/comat\/docentes\/","title":{"rendered":"Docentes"},"content":{"rendered":"<table style=\"width: 100%;border-collapse: collapse\" border=\"1\">\n<thead>\n<tr>\n<th style=\"width: 5%\">N\u00ba<\/th>\n<th>Nome<\/th>\n<th style=\"width: 15%\">Titula\u00e7\u00e3o<\/th>\n<th>\u00c1rea<\/th>\n<th>Email<\/th>\n<\/tr>\n<\/thead>\n<tbody>\n<tr>\n<td>1<\/td>\n<td><a href=\"http:\/\/lattes.cnpq.br\/7615561585432211\">Alexandre Silva Duarte<\/a><\/td>\n<td>Mestre<\/td>\n<td>F\u00edsica<\/td>\n<td>alexandre.duarte@ifg.edu.br<\/td>\n<\/tr>\n<tr>\n<td>2<\/td>\n<td><a href=\"http:\/\/lattes.cnpq.br\/9257733284188858\">Aline Mota de Mesquita Assis<\/a><\/td>\n<td>Doutora<\/td>\n<td>Educa\u00e7\u00e3o<\/td>\n<td>aline.assis@ifg.edu.br<\/td>\n<\/tr>\n<tr>\n<td>3<\/td>\n<td><a href=\"http:\/\/lattes.cnpq.br\/1194951010166499\">Ana Cristina Gomes de Jesus<\/a><\/td>\n<td>Mestre<\/td>\n<td>Educa\u00e7\u00e3o Matem\u00e1tica<\/td>\n<td>ana.jesus@ifg.edu.br<\/td>\n<\/tr>\n<tr>\n<td>4<\/td>\n<td><a href=\"http:\/\/lattes.cnpq.br\/0953602795078221\">Arianny Grasielly Bai\u00e3o Malaquias<\/a><\/td>\n<td>Doutora<\/td>\n<td>Educa\u00e7\u00e3o<\/td>\n<td>arianny.malaquias@ifg.edu.br<\/td>\n<\/tr>\n<tr>\n<td>5<\/td>\n<td><a href=\"http:\/\/lattes.cnpq.br\/7276599246999990\">Douglas Nascimento Ribeiro<\/a><\/td>\n<td>Mestre<\/td>\n<td>Matem\u00e1tica<\/td>\n<td>douglas.ribeiro@ifg.edu.br<\/td>\n<\/tr>\n<tr>\n<td>5<\/td>\n<td><a href=\"http:\/\/lattes.cnpq.br\/7087050865236814\">Duelci Aparecido de Freitas Vaz<\/a><\/td>\n<td>Doutor<\/td>\n<td>Educa\u00e7\u00e3o Matem\u00e1tica<\/td>\n<td>duelci.vaz@ifg.edu.br<\/td>\n<\/tr>\n<tr>\n<td>6<\/td>\n<td><a href=\"http:\/\/lattes.cnpq.br\/0777904999799608\">Elaine Altino Freire<\/a><\/td>\n<td>Doutora<\/td>\n<td>Matem\u00e1tica<\/td>\n<td>elaine.freire@ifg.edu.br<\/td>\n<\/tr>\n<tr>\n<td>7<\/td>\n<td><a href=\"http:\/\/lattes.cnpq.br\/8152774071639992\">Fl\u00e1vio Morais de Miranda<\/a><\/td>\n<td>Mestre<\/td>\n<td>Matem\u00e1tica<\/td>\n<td>flavio.miranda@ifg.edu.br<\/td>\n<\/tr>\n<tr>\n<td>8<\/td>\n<td><a href=\"http:\/\/lattes.cnpq.br\/8207150721535743\">Fl\u00e1vio Raimundo de Souza<\/a><\/td>\n<td>Doutor<\/td>\n<td>Matem\u00e1tica<\/td>\n<td>flavio.souza@ifg.edu.br<\/td>\n<\/tr>\n<tr>\n<td>9<\/td>\n<td><a href=\"http:\/\/lattes.cnpq.br\/0478654363527826\">Franciane Jos\u00e9 da Silva<\/a><\/td>\n<td>Mestre<\/td>\n<td>Matem\u00e1tica<\/td>\n<td>franciane.silva@ifg.edu.br<\/td>\n<\/tr>\n<tr>\n<td>10<\/td>\n<td><a href=\"http:\/\/lattes.cnpq.br\/0039531856534989\">Hugo Leonardo da Silva Belis\u00e1rio<\/a><\/td>\n<td>Doutor<\/td>\n<td>Matem\u00e1tica<\/td>\n<td>hugo.belisario@ifg.edu.br<\/td>\n<\/tr>\n<tr>\n<td>11<\/td>\n<td><a href=\"http:\/\/lattes.cnpq.br\/1317166422825417\">Jo\u00e3o Batista de Paula Abreu<\/a><\/td>\n<td>Mestre<\/td>\n<td>Matem\u00e1tica<\/td>\n<td>joao.abreu@ifg.edu.br<\/td>\n<\/tr>\n<tr>\n<td>12<\/td>\n<td><a href=\"http:\/\/lattes.cnpq.br\/1566608534987668\">Jo\u00e3o Lopes Cardoso Filho<\/a><\/td>\n<td>Doutor<\/td>\n<td>Matem\u00e1tica<\/td>\n<td>joao.filho@ifg.edu.br<\/td>\n<\/tr>\n<tr>\n<td>13<\/td>\n<td><a href=\"http:\/\/lattes.cnpq.br\/9267311575322548\">Joliv\u00ea Mendes de Santana Filho<\/a><\/td>\n<td>Doutor<\/td>\n<td>Economia<\/td>\n<td>jolive.filho@ifg.edu.br<\/td>\n<\/tr>\n<tr>\n<td>14<\/td>\n<td><a href=\"http:\/\/lattes.cnpq.br\/4671065661357559\">Jos\u00e9 Eder Salvador de Vasconcelos<\/a><\/td>\n<td>Doutor<\/td>\n<td>Matem\u00e1tica<\/td>\n<td>jose.vasconcelos@ifg.edu.br<\/td>\n<\/tr>\n<tr>\n<td>15<\/td>\n<td><a href=\"http:\/\/lattes.cnpq.br\/9654702573176547\">Jos\u00e9 Elmo de Menezes<\/a><\/td>\n<td>Doutor<\/td>\n<td>Estat\u00edstica<\/td>\n<td>jose.menezes@ifg.edu.br<\/td>\n<\/tr>\n<tr>\n<td>16<\/td>\n<td><a href=\"http:\/\/lattes.cnpq.br\/2006481789339341\">Jos\u00e9 Maria Urz\u00eada<\/a><\/td>\n<td>Especialista<\/td>\n<td>Matem\u00e1tica<\/td>\n<td>jose.urzeda@ifg.edu.br<\/td>\n<\/tr>\n<tr>\n<td>17<\/td>\n<td><a href=\"http:\/\/lattes.cnpq.br\/2000139602877810\">J\u00falio Cezar Saavedra Vazques<\/a><\/td>\n<td>Doutor<\/td>\n<td>Matem\u00e1tica<\/td>\n<td>julio.vazques@ifg.edu.br<\/td>\n<\/tr>\n<tr>\n<td>18<\/td>\n<td><a href=\"http:\/\/lattes.cnpq.br\/1009292729883066\">Karoline Victor Fernandes<\/a><\/td>\n<td>Doutora<\/td>\n<td>Matem\u00e1tica<\/td>\n<td>karoline.fernandes@ifg.edu.br<\/td>\n<\/tr>\n<tr>\n<td>19<\/td>\n<td><a href=\"http:\/\/lattes.cnpq.br\/5395041066884586\">Kelvin Rodrigues Couto<\/a><\/td>\n<td>Mestre<\/td>\n<td>Matem\u00e1tica<\/td>\n<td>kelvin.couto@ifg.edu.br<\/td>\n<\/tr>\n<tr>\n<td>20<\/td>\n<td><a href=\"http:\/\/lattes.cnpq.br\/3865931848055252\">Luciano Duarte da Silva<\/a><\/td>\n<td>Doutor<\/td>\n<td>Educa\u00e7\u00e3o Matem\u00e1tica<\/td>\n<td>luciano.silva@ifg.edu.br<\/td>\n<\/tr>\n<tr>\n<td>21<\/td>\n<td><a href=\"http:\/\/lattes.cnpq.br\/5527501348895848\">Manoel Bernardes de Jesus<\/a><\/td>\n<td>Mestre<\/td>\n<td>Matem\u00e1tica<\/td>\n<td>manoel.jesus@ifg.edu.br<\/td>\n<\/tr>\n<tr>\n<td>22<\/td>\n<td><a href=\"http:\/\/lattes.cnpq.br\/4427292765397087\">M\u00e1rcia do Socorro Borges de Ara\u00fajo Cardoso<\/a><\/td>\n<td>Doutora<\/td>\n<td>Matem\u00e1tica<\/td>\n<td>marcia.cardoso@ifg.edu.br<\/td>\n<\/tr>\n<tr>\n<td>23<\/td>\n<td><a href=\"http:\/\/lattes.cnpq.br\/0871622130269869\">M\u00e1rcio Dias de Lima<\/a><\/td>\n<td>Doutor<\/td>\n<td>Ci\u00eancias da Computa\u00e7\u00e3o<\/td>\n<td>marcio.lima@ifg.edu.br<\/td>\n<\/tr>\n<tr>\n<td>24<\/td>\n<td><a href=\"http:\/\/lattes.cnpq.br\/4346718401861225\">Marcos Roberto Batista<\/a><\/td>\n<td>Doutor<\/td>\n<td>Matem\u00e1tica<\/td>\n<td>marcos.batista@ifg.edu.br<\/td>\n<\/tr>\n<tr>\n<td>25<\/td>\n<td><a href=\"http:\/\/lattes.cnpq.br\/7067157344802358\">Mariana Bernardes Borges da Cunha<\/a><\/td>\n<td>Mestre<\/td>\n<td>Engenharia de Produ\u00e7\u00e3o<\/td>\n<td>mariana.cunha@ifg.edu.br<\/td>\n<\/tr>\n<tr>\n<td>26<\/td>\n<td><a href=\"http:\/\/lattes.cnpq.br\/4736043944821771\">Maxwell Gon\u00e7alves Ara\u00fajo<\/a><\/td>\n<td>Doutor<\/td>\n<td>Educa\u00e7\u00e3o Matem\u00e1tica<\/td>\n<td>maxwell.araujo@ifg.edu.br<\/td>\n<\/tr>\n<tr>\n<td>27<\/td>\n<td><a href=\"http:\/\/lattes.cnpq.br\/2055261061681261\">Nilton Cezar Ferreira<\/a><\/td>\n<td>Doutor<\/td>\n<td>Educa\u00e7\u00e3o Matem\u00e1tica<\/td>\n<td>nilton.ferreira@ifg.edu.br<\/td>\n<\/tr>\n<tr>\n<td>28<\/td>\n<td><a href=\"http:\/\/lattes.cnpq.br\/4587921937083978\">Paulo Cesar da Silva J\u00fanior<\/a><\/td>\n<td>Mestre<\/td>\n<td>Matem\u00e1tica<\/td>\n<td>paulo.junior@ifg.edu.br<\/td>\n<\/tr>\n<tr>\n<td>29<\/td>\n<td><a href=\"http:\/\/lattes.cnpq.br\/7580686553219283\">Priscila Branquinho Xavier<\/a><\/td>\n<td>Mestre<\/td>\n<td>Engenharia El\u00e9trica e da Computa\u00e7\u00e3o<\/td>\n<td>priscila.xavier@ifg.edu.br<\/td>\n<\/tr>\n<tr>\n<td>30<\/td>\n<td><a href=\"http:\/\/lattes.cnpq.br\/6070020553868156\">Regina C\u00e9lia Bueno da Fonseca<\/a><\/td>\n<td>Doutora<\/td>\n<td>Matem\u00e1tica Aplicada<\/td>\n<td>regina.fonseca@ifg.edu.br<\/td>\n<\/tr>\n<tr>\n<td>31<\/td>\n<td><a href=\"http:\/\/lattes.cnpq.br\/8167544299893832\">Ricardo da Silva Santos<\/a><\/td>\n<td>Mestre<\/td>\n<td>Matem\u00e1tica<\/td>\n<td>ricardo.santos@ifg.edu.br<\/td>\n<\/tr>\n<tr>\n<td>32<\/td>\n<td><a href=\"http:\/\/lattes.cnpq.br\/4371429494829486\">Rog\u00e9rio da Silva Cavalcante<\/a><\/td>\n<td>Mestre<\/td>\n<td>Matem\u00e1tica<\/td>\n<td>rogerio.cavalcante@ifg.edu.br<\/td>\n<\/tr>\n<tr>\n<td>33<\/td>\n<td><a href=\"http:\/\/lattes.cnpq.br\/2015204751036295\">Sigreice Ariomar de Souza Almeida<\/a><\/td>\n<td>Mestre<\/td>\n<td>Matem\u00e1tica<\/td>\n<td>sigreice.almeida@ifg.edu.br<\/td>\n<\/tr>\n<tr>\n<td>34<\/td>\n<td><a href=\"http:\/\/lattes.cnpq.br\/0878535738599234\">Simone Ariomar de Souza<\/a><\/td>\n<td>Doutora<\/td>\n<td>Educa\u00e7\u00e3o<\/td>\n<td>simone.souza@ifg.edu.br<\/td>\n<\/tr>\n<tr>\n<td>35<\/td>\n<td><a href=\"http:\/\/lattes.cnpq.br\/1814694796457722\">Uender Barbosa de Souza<\/a><\/td>\n<td>Doutor<\/td>\n<td>Matem\u00e1tica<\/td>\n<td>uender.souza@ifg.edu.br<\/td>\n<\/tr>\n<tr>\n<td>36<\/td>\n<td><a href=\"http:\/\/lattes.cnpq.br\/4635725015220868\">Weslley Pinheiro Barreto<\/a><\/td>\n<td>Mestre<\/td>\n<td>Matem\u00e1tica<\/td>\n<td>weslley.barreto@ifg.edu.br<\/td>\n<\/tr>\n<\/tbody>\n<\/table>\n<h3>&nbsp;<\/h3>\n<h3><strong>Professores aposentados<\/strong><\/h3>\n<p>Adolfo de Oliveira Mendes &#8211; Especialista &#8211; Educa\u00e7\u00e3o Matem\u00e1tica &#8211; adolfo.mendes@ifg.edu.br<br \/>\nGlen Cezar Lemos &#8211; Doutor &#8211; Educa\u00e7\u00e3o Matem\u00e1tica &#8211; glen.lemos@ifg.edu.br<br \/>\nIran Martins do Carmo &#8211; Doutor &#8211; Estat\u00edstica &#8211; iran.carmo@ifg.edu.br<br \/>\nJos\u00e9 Martins do Carmo &#8211; Especialista &#8211; Matem\u00e1tica &#8211; jose.carmo@ifg.edu.br<br \/>\nPaulo Sebasti\u00e3o Ribeiro \u2013 Especialista \u2013 Matem\u00e1tica \u2013 paulo.ribeiro@ifg.edu.br<\/p>\n<h3><strong>Egressos<\/strong><\/h3>\n<p>Everson Jos\u00e9 da Silva<br \/>\nThiago Vedovatto<br \/>\nReinier Diaz Millan<\/p>\n","protected":false},"excerpt":{"rendered":"<p>N\u00ba Nome Titula\u00e7\u00e3o \u00c1rea Email 1 Alexandre Silva Duarte Mestre F\u00edsica alexandre.duarte@ifg.edu.br 2 Aline Mota de Mesquita Assis Doutora Educa\u00e7\u00e3o aline.assis@ifg.edu.br 3 Ana Cristina Gomes de Jesus Mestre Educa\u00e7\u00e3o Matem\u00e1tica ana.jesus@ifg.edu.br 4 Arianny Grasielly Bai\u00e3o Malaquias Doutora Educa\u00e7\u00e3o arianny.malaquias@ifg.edu.br 5 <a class=\"more-link\" href=\"https:\/\/eventos.ifg.edu.br\/eventosmatematica\/comat\/docentes\/\">Leia mais&#8230; &raquo;<\/a><\/p>\n","protected":false},"author":118,"featured_media":0,"parent":2,"menu_order":3,"comment_status":"closed","ping_status":"closed","template":"","meta":{"ngg_post_thumbnail":0,"footnotes":""},"class_list":["post-282","page","type-page","status-publish","hentry"],"_links":{"self":[{"href":"https:\/\/eventos.ifg.edu.br\/eventosmatematica\/wp-json\/wp\/v2\/pages\/282"}],"collection":[{"href":"https:\/\/eventos.ifg.edu.br\/eventosmatematica\/wp-json\/wp\/v2\/pages"}],"about":[{"href":"https:\/\/eventos.ifg.edu.br\/eventosmatematica\/wp-json\/wp\/v2\/types\/page"}],"author":[{"embeddable":true,"href":"https:\/\/eventos.ifg.edu.br\/eventosmatematica\/wp-json\/wp\/v2\/users\/118"}],"replies":[{"embeddable":true,"href":"https:\/\/eventos.ifg.edu.br\/eventosmatematica\/wp-json\/wp\/v2\/comments?post=282"}],"version-history":[{"count":29,"href":"https:\/\/eventos.ifg.edu.br\/eventosmatematica\/wp-json\/wp\/v2\/pages\/282\/revisions"}],"predecessor-version":[{"id":1031,"href":"https:\/\/eventos.ifg.edu.br\/eventosmatematica\/wp-json\/wp\/v2\/pages\/282\/revisions\/1031"}],"up":[{"embeddable":true,"href":"https:\/\/eventos.ifg.edu.br\/eventosmatematica\/wp-json\/wp\/v2\/pages\/2"}],"wp:attachment":[{"href":"https:\/\/eventos.ifg.edu.br\/eventosmatematica\/wp-json\/wp\/v2\/media?parent=282"}],"curies":[{"name":"wp","href":"https:\/\/api.w.org\/{rel}","templated":true}]}}