{"id":2,"date":"2019-02-07T07:46:58","date_gmt":"2019-02-07T09:46:58","guid":{"rendered":"http:\/\/eventos.ifg.edu.br\/eventosmatematica\/?page_id=2"},"modified":"2024-10-17T09:04:02","modified_gmt":"2024-10-17T12:04:02","slug":"comat","status":"publish","type":"page","link":"https:\/\/eventos.ifg.edu.br\/eventosmatematica\/comat\/","title":{"rendered":"A CAMAT"},"content":{"rendered":"<p><strong>Sobre a coordena\u00e7\u00e3o da \u00e1rea acad\u00eamica de matem\u00e1tica:<\/strong><\/p>\n<p style=\"text-align: justify\">\n    Institu\u00edda pela portaria 916\/2015, a Coordena\u00e7\u00e3o da \u00c1rea de Matem\u00e1tica (CAMAT) tem origem a partir da Coordena\u00e7\u00e3o de Matem\u00e1tica que, por sua vez, tem origem na coordena\u00e7\u00e3o de Ci\u00eancias da Natureza, Matem\u00e1tica e suas Tecnologias. Essa coordena\u00e7\u00e3o re\u00fane os professores da \u00e1rea de matem\u00e1tica do IFG \u2013 C\u00e2mpus Goi\u00e2nia e atende a praticamente todos os cursos do campus, al\u00e9m de ter professores atuando em programas de p\u00f3s-gradua\u00e7\u00e3o de Jata\u00ed e An\u00e1polis. \u00c9 uma das coordena\u00e7\u00f5es de \u00e1reas acad\u00eamicas que comp\u00f5em o Departamento de \u00c1reas Acad\u00eamicas II, que re\u00fane, al\u00e9m da CAMAT, as \u00e1reas acad\u00eamicas de Biologia, F\u00edsica, Meio Ambiente, Minera\u00e7\u00e3o e Qu\u00edmica.\n<\/p>\n<p style=\"text-align: justify\">\n    Coordenadora: Professora Karoline Victor Fernandes.\n<\/p>\n<p><strong>Contato:<\/strong><\/p>\n<p>\n    <a href=\"mailto:camat.goiania@ifg.edu.br\">camat.goiania@ifg.edu.br<\/a><br \/>\n    (62) 3227 2805<\/p>\n","protected":false},"excerpt":{"rendered":"<p>Sobre a coordena\u00e7\u00e3o da \u00e1rea acad\u00eamica de matem\u00e1tica: Institu\u00edda pela portaria 916\/2015, a Coordena\u00e7\u00e3o da \u00c1rea de Matem\u00e1tica (CAMAT) tem origem a partir da Coordena\u00e7\u00e3o de Matem\u00e1tica que, por sua vez, tem origem na coordena\u00e7\u00e3o de Ci\u00eancias da Natureza, Matem\u00e1tica <a class=\"more-link\" href=\"https:\/\/eventos.ifg.edu.br\/eventosmatematica\/comat\/\">Leia mais&#8230; &raquo;<\/a><\/p>\n","protected":false},"author":81,"featured_media":132,"parent":0,"menu_order":1,"comment_status":"closed","ping_status":"closed","template":"","meta":{"ngg_post_thumbnail":0,"footnotes":""},"class_list":["post-2","page","type-page","status-publish","has-post-thumbnail","hentry"],"_links":{"self":[{"href":"https:\/\/eventos.ifg.edu.br\/eventosmatematica\/wp-json\/wp\/v2\/pages\/2"}],"collection":[{"href":"https:\/\/eventos.ifg.edu.br\/eventosmatematica\/wp-json\/wp\/v2\/pages"}],"about":[{"href":"https:\/\/eventos.ifg.edu.br\/eventosmatematica\/wp-json\/wp\/v2\/types\/page"}],"author":[{"embeddable":true,"href":"https:\/\/eventos.ifg.edu.br\/eventosmatematica\/wp-json\/wp\/v2\/users\/81"}],"replies":[{"embeddable":true,"href":"https:\/\/eventos.ifg.edu.br\/eventosmatematica\/wp-json\/wp\/v2\/comments?post=2"}],"version-history":[{"count":13,"href":"https:\/\/eventos.ifg.edu.br\/eventosmatematica\/wp-json\/wp\/v2\/pages\/2\/revisions"}],"predecessor-version":[{"id":825,"href":"https:\/\/eventos.ifg.edu.br\/eventosmatematica\/wp-json\/wp\/v2\/pages\/2\/revisions\/825"}],"wp:featuredmedia":[{"embeddable":true,"href":"https:\/\/eventos.ifg.edu.br\/eventosmatematica\/wp-json\/wp\/v2\/media\/132"}],"wp:attachment":[{"href":"https:\/\/eventos.ifg.edu.br\/eventosmatematica\/wp-json\/wp\/v2\/media?parent=2"}],"curies":[{"name":"wp","href":"https:\/\/api.w.org\/{rel}","templated":true}]}}