{"id":16,"date":"2019-03-03T17:20:29","date_gmt":"2019-03-03T20:20:29","guid":{"rendered":"http:\/\/eventos.ifg.edu.br\/eventosmatematica\/?page_id=16"},"modified":"2019-09-14T21:41:58","modified_gmt":"2019-09-15T00:41:58","slug":"eventos-externos","status":"publish","type":"page","link":"https:\/\/eventos.ifg.edu.br\/eventosmatematica\/eventos-externos\/","title":{"rendered":"Eventos Externos"},"content":{"rendered":"<p><em><strong>Desvendando o Programa de P\u00f3s-gradua\u00e7\u00e3o em Matem\u00e1tica da Universidade Federal de Goi\u00e1s<\/strong><\/em><\/p>\n<p>Ocorre no dia 18 de setembro o semin\u00e1rio &#8220;Desvendando o Programa de P\u00f3s-gradua\u00e7\u00e3o em Matem\u00e1tica da Universidade Federal de Goi\u00e1s&#8221;, no IME\/UFG. O evento vai ocorrer no anfiteatro do IME. Mais informa\u00e7\u00f5es e inscri\u00e7\u00f5es em&nbsp;<a href=\"http:\/\/ime.ufg.br\/n\/119983-desvendando-o-programa-de-pos-graduacao-em-matematica-da-ufg\">http:\/\/ime.ufg.br\/n\/119983-desvendando-o-programa-de-pos-graduacao-em-matematica-da-ufg<\/a>.<\/p>\n","protected":false},"excerpt":{"rendered":"<p>Desvendando o Programa de P\u00f3s-gradua\u00e7\u00e3o em Matem\u00e1tica da Universidade Federal de Goi\u00e1s Ocorre no dia 18 de setembro o semin\u00e1rio &#8220;Desvendando o Programa de P\u00f3s-gradua\u00e7\u00e3o em Matem\u00e1tica da Universidade Federal de Goi\u00e1s&#8221;, no IME\/UFG. O evento vai ocorrer no anfiteatro <a class=\"more-link\" href=\"https:\/\/eventos.ifg.edu.br\/eventosmatematica\/eventos-externos\/\">Leia mais&#8230; &raquo;<\/a><\/p>\n","protected":false},"author":81,"featured_media":0,"parent":0,"menu_order":4,"comment_status":"closed","ping_status":"closed","template":"","meta":{"ngg_post_thumbnail":0,"footnotes":""},"class_list":["post-16","page","type-page","status-publish","hentry"],"_links":{"self":[{"href":"https:\/\/eventos.ifg.edu.br\/eventosmatematica\/wp-json\/wp\/v2\/pages\/16"}],"collection":[{"href":"https:\/\/eventos.ifg.edu.br\/eventosmatematica\/wp-json\/wp\/v2\/pages"}],"about":[{"href":"https:\/\/eventos.ifg.edu.br\/eventosmatematica\/wp-json\/wp\/v2\/types\/page"}],"author":[{"embeddable":true,"href":"https:\/\/eventos.ifg.edu.br\/eventosmatematica\/wp-json\/wp\/v2\/users\/81"}],"replies":[{"embeddable":true,"href":"https:\/\/eventos.ifg.edu.br\/eventosmatematica\/wp-json\/wp\/v2\/comments?post=16"}],"version-history":[{"count":4,"href":"https:\/\/eventos.ifg.edu.br\/eventosmatematica\/wp-json\/wp\/v2\/pages\/16\/revisions"}],"predecessor-version":[{"id":177,"href":"https:\/\/eventos.ifg.edu.br\/eventosmatematica\/wp-json\/wp\/v2\/pages\/16\/revisions\/177"}],"wp:attachment":[{"href":"https:\/\/eventos.ifg.edu.br\/eventosmatematica\/wp-json\/wp\/v2\/media?parent=16"}],"curies":[{"name":"wp","href":"https:\/\/api.w.org\/{rel}","templated":true}]}}