{"id":14,"date":"2019-03-03T17:18:44","date_gmt":"2019-03-03T20:18:44","guid":{"rendered":"http:\/\/eventos.ifg.edu.br\/eventosmatematica\/?page_id=14"},"modified":"2024-12-09T19:09:54","modified_gmt":"2024-12-09T22:09:54","slug":"ciclo-de-palestras","status":"publish","type":"page","link":"https:\/\/eventos.ifg.edu.br\/eventosmatematica\/ciclo-de-palestras\/","title":{"rendered":"Ciclo de Palestras"},"content":{"rendered":"<p style=\"text-align: justify\">\n\u00c9 um evento, promovido pela coordena\u00e7\u00e3o da \u00e1rea acad\u00eamica de Matem\u00e1tica, com o apoio da coordena\u00e7\u00e3o do curso de Licenciatura em Matem\u00e1tica, promovido desde o primeiro semestre de 2011. Dentre os objetivos deste projeto est\u00e3o de contribuir para a forma\u00e7\u00e3o continuada dos nossos alunos enquanto docentes e pesquisadores, apresentando t\u00f3picos diversificados relacionados \u00e0s mais diversas \u00e1reas da Matem\u00e1tica e da Educa\u00e7\u00e3o Matem\u00e1tica. Como p\u00fablico alvo, o projeto visa atingir os alunos do Curso de Gradua\u00e7\u00e3o em Matem\u00e1tica do IFG, pesquisadores das \u00e1reas envolvidas e demais interessados. Neste sentido, a execu\u00e7\u00e3o deste projeto fundamenta-se na necessidade de dissemina\u00e7\u00e3o do conhecimento com o objetivo de incentivar, melhorar a forma\u00e7\u00e3o geral dos alunos do curso e oferecer \u00e0 comunidade um espa\u00e7o para que se possa discutir a matem\u00e1tica a partir de troca de ideias, debates, propostas de a\u00e7\u00e3o, palestras, forma\u00e7\u00e3o e desenvolvimento profissional.\n<\/p>\n<p>Interessado em participar do ciclo de palestras em 2020? Basta clicar no bot\u00e3o inscreva-se e preencher o formul\u00e1rio online:<\/p>\n<p><a href=\"https:\/\/sugep.ifg.edu.br\/eventos\/#\/publico\/eventos\/8f6371f1-8a01-40b8-9f47-58bc106a55e7\/inscricao\"><button type=\"button\">Inscreva-se<\/button><\/a><\/p>\n<p>Contato:<\/p>\n<p>(62) 32272805<\/p>\n<p>Cronograma:<\/p>\n<p>Em constru\u00e7\u00e3o!<\/p>\n","protected":false},"excerpt":{"rendered":"<p>\u00c9 um evento, promovido pela coordena\u00e7\u00e3o da \u00e1rea acad\u00eamica de Matem\u00e1tica, com o apoio da coordena\u00e7\u00e3o do curso de Licenciatura em Matem\u00e1tica, promovido desde o primeiro semestre de 2011. Dentre os objetivos deste projeto est\u00e3o de contribuir para a forma\u00e7\u00e3o <a class=\"more-link\" href=\"https:\/\/eventos.ifg.edu.br\/eventosmatematica\/ciclo-de-palestras\/\">Leia mais&#8230; &raquo;<\/a><\/p>\n","protected":false},"author":81,"featured_media":277,"parent":0,"menu_order":3,"comment_status":"closed","ping_status":"closed","template":"","meta":{"ngg_post_thumbnail":0,"footnotes":""},"class_list":["post-14","page","type-page","status-publish","has-post-thumbnail","hentry"],"_links":{"self":[{"href":"https:\/\/eventos.ifg.edu.br\/eventosmatematica\/wp-json\/wp\/v2\/pages\/14"}],"collection":[{"href":"https:\/\/eventos.ifg.edu.br\/eventosmatematica\/wp-json\/wp\/v2\/pages"}],"about":[{"href":"https:\/\/eventos.ifg.edu.br\/eventosmatematica\/wp-json\/wp\/v2\/types\/page"}],"author":[{"embeddable":true,"href":"https:\/\/eventos.ifg.edu.br\/eventosmatematica\/wp-json\/wp\/v2\/users\/81"}],"replies":[{"embeddable":true,"href":"https:\/\/eventos.ifg.edu.br\/eventosmatematica\/wp-json\/wp\/v2\/comments?post=14"}],"version-history":[{"count":9,"href":"https:\/\/eventos.ifg.edu.br\/eventosmatematica\/wp-json\/wp\/v2\/pages\/14\/revisions"}],"predecessor-version":[{"id":1032,"href":"https:\/\/eventos.ifg.edu.br\/eventosmatematica\/wp-json\/wp\/v2\/pages\/14\/revisions\/1032"}],"wp:featuredmedia":[{"embeddable":true,"href":"https:\/\/eventos.ifg.edu.br\/eventosmatematica\/wp-json\/wp\/v2\/media\/277"}],"wp:attachment":[{"href":"https:\/\/eventos.ifg.edu.br\/eventosmatematica\/wp-json\/wp\/v2\/media?parent=14"}],"curies":[{"name":"wp","href":"https:\/\/api.w.org\/{rel}","templated":true}]}}