{"id":112,"date":"2019-03-18T19:56:46","date_gmt":"2019-03-18T22:56:46","guid":{"rendered":"http:\/\/eventos.ifg.edu.br\/eventosmatematica\/?page_id=112"},"modified":"2024-10-28T18:14:26","modified_gmt":"2024-10-28T21:14:26","slug":"submissoes","status":"publish","type":"page","link":"https:\/\/eventos.ifg.edu.br\/eventosmatematica\/semana-da-matematica\/submissoes\/","title":{"rendered":"Submiss\u00f5es"},"content":{"rendered":"\n<p><\/p>\n\n\n\n<p><strong><mark style=\"background-color:#7fd2db;color:#e11127\" class=\"has-inline-color\">PRORROGADO AT\u00c9 03\/11<\/mark><\/strong><\/p>\n\n\n<p style=\"text-align: justify\">Para submeter o trabalho, um dos autores dever\u00e1 estar inscrito na 15\u00aa Semana da Licenciatura em Matem\u00e1tica. Os trabalhos aprovados ser\u00e3o publicados nos anais online. Os trabalhos poder\u00e3o ser enviados no seguinte formato: comunica\u00e7\u00f5es orais, relatos de experi\u00eancia ou apresenta\u00e7\u00e3o de p\u00f4ster.<\/p>\n<p style=\"text-align: justify\"><a href=\"https:\/\/forms.gle\/Za9mEnFYHVVYKe9Y9\"><button type=\"button\">Formul\u00e1rio de submiss\u00e3o de trabalhos<\/button><br><\/a><\/p>\n<p style=\"text-align: justify\">Os modelos de submiss\u00e3o est\u00e3o dispon\u00edveis nos links abaixo. <span id=\"texto-piscando\" style=\"color: red\"><strong>As orienta\u00e7\u00f5es quanto a formata\u00e7\u00e3o dos trabalhos est\u00e3o contidas no pr\u00f3prio modelo<\/strong>.<\/span><\/p>\n<p><!-- Script para efeito de piscar --><\/p>\n<p><a href=\"https:\/\/drive.google.com\/drive\/folders\/132fO1aPxkA8gR3gLBb3IoNNh_8Ec-_SC?usp=sharing\">Modelos_word<\/a><\/p>\n<p><a href=\"https:\/\/drive.google.com\/file\/d\/138o5d2qRdm1WEjF90RQ67ARsRAnfRDZG\/view?usp=sharing\">Modelos Latex<\/a><\/p>\n<p><a href=\"https:\/\/drive.google.com\/drive\/folders\/13GdWW0C344xPIpcOBBQR9fr3odosjYY6?usp=sharing\">Modelos de p\u00f4ster<\/a><\/p>\n<p style=\"text-align: justify\">As apresenta\u00e7\u00f5es ocorrer\u00e3o nos dias 27 e 28 de novembro de 2024 e os trabalhos aceitos para apresenta\u00e7\u00e3o, bem como a ordem das apresenta\u00e7\u00f5es, ser\u00e3o divulgadas de acordo com o seguinte cronograma nesta p\u00e1gina, no menu \u2018Not\u00edcias\u2019.<\/p>\n<h3><strong>Cronograma de submiss\u00e3o de trabalhos:<\/strong><\/h3>\n<table>\n<tbody>\n<tr>\n<td><span style=\"font-weight: 400\">In\u00edcio do prazo de submiss\u00f5es<\/span><\/td>\n<td><span style=\"font-weight: 400\">17\/10\/2024<\/span><\/td>\n<\/tr>\n<tr>\n<td><span style=\"font-weight: 400\">Data final para submiss\u00e3o de trabalhos<\/span><\/td>\n<td><span style=\"font-weight: 400\">28\/10\/2024&nbsp;<\/span><\/td>\n<\/tr>\n<tr>\n<td><span style=\"font-weight: 400\">Data final para submiss\u00e3o ap\u00f3s prorroga\u00e7\u00e3o do prazo<\/span><\/td>\n<td><span style=\"font-weight: 400\">03\/11\/2024&nbsp;<\/span><\/td>\n<\/tr>\n<tr>\n<td><span style=\"font-weight: 400\">Data final para divulga\u00e7\u00e3o do resultado das avalia\u00e7\u00f5es<\/span><\/td>\n<td><span style=\"font-weight: 400\">11\/11\/2024<\/span><\/td>\n<\/tr>\n<tr>\n<td><span style=\"font-weight: 400\">Interposi\u00e7\u00e3o de recursos<\/span><\/td>\n<td><span style=\"font-weight: 400\">12\/11\/2024 e 13\/11\/2024<\/span><\/td>\n<\/tr>\n<tr>\n<td><span style=\"font-weight: 400\">Divulga\u00e7\u00e3o da rela\u00e7\u00e3o final de trabalhos aceitos<\/span><\/td>\n<td><span style=\"font-weight: 400\">14\/11\/2024<\/span><\/td>\n<\/tr>\n<tr>\n<td><span style=\"font-weight: 400\">Data final para envio da vers\u00e3o final em formato edit\u00e1vel<\/span><\/td>\n<td><span style=\"font-weight: 400\">18\/11\/2024<\/span><\/td>\n<\/tr>\n<\/tbody>\n<\/table>\n<p style=\"text-align: justify\">As submiss\u00f5es ser\u00e3o realizadas exclusivamente pelo formul\u00e1rio&nbsp;<a href=\"https:\/\/forms.gle\/MY9wAJkbgBPpd7ia6\">Formul\u00e1rio de submiss\u00f5es de trabalhos<\/a> at\u00e9 o dia 28 de outubro de 2024, conforme cronograma acima. Ao preencher o formul\u00e1rio o proponente dever\u00e1 autorizar a publica\u00e7\u00e3o do trabalho nos anais do evento.<\/p>\n<h3><strong>Avalia\u00e7\u00e3o dos trabalhos<\/strong><\/h3>\n<p style=\"text-align: justify\">A avalia\u00e7\u00e3o ser\u00e1 feita por um avaliador ad hoc, todos(as) pesquisadores(as) na \u00e1rea, e com reconhecida compet\u00eancia. Os trabalhos n\u00e3o ser\u00e3o avaliados quanto ao m\u00e9rito acad\u00eamico e\/ou cient\u00edfico, apenas as adequa\u00e7\u00f5es \u00e0s normas de submiss\u00e3o e escrita. \u00c9 de inteira responsabilidade dos proponentes as quest\u00f5es relacionadas a propriedade intelectual, m\u00e9rito cient\u00edfico\/acad\u00eamico, bem como a legitimidade dos dados nele contido. O parecer da avalia\u00e7\u00e3o ser\u00e1: recomendado, recomendado com adequa\u00e7\u00f5es ou n\u00e3o recomendado.<\/p>\n<p><strong>Observa\u00e7\u00f5es:<\/strong><\/p>\n<p style=\"text-align: justify\">1 \u2013 O comit\u00ea cient\u00edfico ir\u00e1 determinar o formato das apresenta\u00e7\u00f5es.<\/p>\n<p style=\"text-align: justify\">2 \u2013 As modalidades de apresenta\u00e7\u00e3o s\u00e3o: comunica\u00e7\u00e3o oral, relato de experi\u00eancia e apresenta\u00e7\u00e3o de p\u00f4ster.<\/p>\n<p style=\"text-align: justify\">3 \u2013 Ser\u00e1 divulgado no site do evento, no menu &#8216;Not\u00edcias&#8217;, o dia e hora das apresenta\u00e7\u00f5es, conforme cronograma de submiss\u00e3o de trabalhos.<\/p>","protected":false},"excerpt":{"rendered":"<p>PRORROGADO AT\u00c9 03\/11 Para submeter o trabalho, um dos autores dever\u00e1 estar inscrito na 15\u00aa Semana da Licenciatura em Matem\u00e1tica. Os trabalhos aprovados ser\u00e3o publicados nos anais online. Os trabalhos poder\u00e3o ser enviados no seguinte formato: comunica\u00e7\u00f5es orais, relatos de <a class=\"more-link\" href=\"https:\/\/eventos.ifg.edu.br\/eventosmatematica\/semana-da-matematica\/submissoes\/\">Leia mais&#8230; &raquo;<\/a><\/p>\n","protected":false},"author":81,"featured_media":0,"parent":9,"menu_order":3,"comment_status":"closed","ping_status":"closed","template":"","meta":{"ngg_post_thumbnail":0,"footnotes":""},"class_list":["post-112","page","type-page","status-publish","hentry"],"_links":{"self":[{"href":"https:\/\/eventos.ifg.edu.br\/eventosmatematica\/wp-json\/wp\/v2\/pages\/112"}],"collection":[{"href":"https:\/\/eventos.ifg.edu.br\/eventosmatematica\/wp-json\/wp\/v2\/pages"}],"about":[{"href":"https:\/\/eventos.ifg.edu.br\/eventosmatematica\/wp-json\/wp\/v2\/types\/page"}],"author":[{"embeddable":true,"href":"https:\/\/eventos.ifg.edu.br\/eventosmatematica\/wp-json\/wp\/v2\/users\/81"}],"replies":[{"embeddable":true,"href":"https:\/\/eventos.ifg.edu.br\/eventosmatematica\/wp-json\/wp\/v2\/comments?post=112"}],"version-history":[{"count":76,"href":"https:\/\/eventos.ifg.edu.br\/eventosmatematica\/wp-json\/wp\/v2\/pages\/112\/revisions"}],"predecessor-version":[{"id":903,"href":"https:\/\/eventos.ifg.edu.br\/eventosmatematica\/wp-json\/wp\/v2\/pages\/112\/revisions\/903"}],"up":[{"embeddable":true,"href":"https:\/\/eventos.ifg.edu.br\/eventosmatematica\/wp-json\/wp\/v2\/pages\/9"}],"wp:attachment":[{"href":"https:\/\/eventos.ifg.edu.br\/eventosmatematica\/wp-json\/wp\/v2\/media?parent=112"}],"curies":[{"name":"wp","href":"https:\/\/api.w.org\/{rel}","templated":true}]}}