{"id":1004,"date":"2024-12-05T21:38:21","date_gmt":"2024-12-06T00:38:21","guid":{"rendered":"https:\/\/eventos.ifg.edu.br\/eventosmatematica\/?page_id=1004"},"modified":"2024-12-09T11:07:51","modified_gmt":"2024-12-09T14:07:51","slug":"xv-ciclo-de-palestras","status":"publish","type":"page","link":"https:\/\/eventos.ifg.edu.br\/eventosmatematica\/ciclo-de-palestras\/xv-ciclo-de-palestras\/","title":{"rendered":"XV Ciclo de Palestras"},"content":{"rendered":"\n<p><strong>Coordenadoras:<\/strong> Profa. Dra. Elaine Altino Freire Leite; Profa. Dra. M\u00e1rcia do Socorro Borges de Ara\u00fajo Cardoso<\/p>\n\n\n\n<h2 class=\"wp-block-heading\"><strong>22\/08\/2024 &#8212; O Teorema de Napole\u00e3o &#8211; Prof. Dr. Julio C\u00e9sar Saavedra Vasquez<\/strong><\/h2>\n\n\n\n<figure class=\"wp-block-image size-large\"><img fetchpriority=\"high\" decoding=\"async\" width=\"1024\" height=\"768\" src=\"https:\/\/eventos.ifg.edu.br\/eventosmatematica\/wp-content\/uploads\/sites\/46\/2024\/12\/WhatsApp-Image-2024-12-05-at-20.08.07-1024x768.jpeg\" alt=\"\" class=\"wp-image-1005\" srcset=\"https:\/\/eventos.ifg.edu.br\/eventosmatematica\/wp-content\/uploads\/sites\/46\/2024\/12\/WhatsApp-Image-2024-12-05-at-20.08.07-1024x768.jpeg 1024w, https:\/\/eventos.ifg.edu.br\/eventosmatematica\/wp-content\/uploads\/sites\/46\/2024\/12\/WhatsApp-Image-2024-12-05-at-20.08.07-300x225.jpeg 300w, https:\/\/eventos.ifg.edu.br\/eventosmatematica\/wp-content\/uploads\/sites\/46\/2024\/12\/WhatsApp-Image-2024-12-05-at-20.08.07-768x576.jpeg 768w, https:\/\/eventos.ifg.edu.br\/eventosmatematica\/wp-content\/uploads\/sites\/46\/2024\/12\/WhatsApp-Image-2024-12-05-at-20.08.07.jpeg 1280w\" sizes=\"(max-width: 1024px) 100vw, 1024px\" \/><\/figure>\n\n\n\n<p><\/p>\n\n\n\n<h2 class=\"wp-block-heading\"><strong>19\/09\/2024 &#8212; Brev\u00edssima Introdu\u00e7\u00e3o a Programa\u00e7\u00e3o Linear &#8211; Prof. Dr. Maxwell Gon\u00e7aves Ara\u00fajo<\/strong><\/h2>\n\n\n\n<figure class=\"wp-block-image size-large\"><img decoding=\"async\" width=\"768\" height=\"1024\" src=\"https:\/\/eventos.ifg.edu.br\/eventosmatematica\/wp-content\/uploads\/sites\/46\/2024\/12\/WhatsApp-Image-2024-12-05-at-20.39.19-1-768x1024.jpeg\" alt=\"\" class=\"wp-image-1009\" srcset=\"https:\/\/eventos.ifg.edu.br\/eventosmatematica\/wp-content\/uploads\/sites\/46\/2024\/12\/WhatsApp-Image-2024-12-05-at-20.39.19-1-768x1024.jpeg 768w, https:\/\/eventos.ifg.edu.br\/eventosmatematica\/wp-content\/uploads\/sites\/46\/2024\/12\/WhatsApp-Image-2024-12-05-at-20.39.19-1-225x300.jpeg 225w, https:\/\/eventos.ifg.edu.br\/eventosmatematica\/wp-content\/uploads\/sites\/46\/2024\/12\/WhatsApp-Image-2024-12-05-at-20.39.19-1-1152x1536.jpeg 1152w, https:\/\/eventos.ifg.edu.br\/eventosmatematica\/wp-content\/uploads\/sites\/46\/2024\/12\/WhatsApp-Image-2024-12-05-at-20.39.19-1.jpeg 1200w\" sizes=\"(max-width: 768px) 100vw, 768px\" \/><\/figure>\n\n\n\n<p><\/p>\n\n\n\n<h2 class=\"wp-block-heading\"><strong>07\/11\/2024 &#8212; A Aplica\u00e7\u00e3o de Conte\u00fados Matem\u00e1ticas no Processo Criptogr\u00e1fico<\/strong> &#8211; <strong>Prof. Dr. Naam\u00e3 Galdino da Silva Neris<\/strong><\/h2>\n\n\n\n<figure class=\"wp-block-image size-large\"><img decoding=\"async\" width=\"1024\" height=\"770\" src=\"https:\/\/eventos.ifg.edu.br\/eventosmatematica\/wp-content\/uploads\/sites\/46\/2024\/12\/WhatsApp-Image-2024-12-05-at-20.39.52-1024x770.jpeg\" alt=\"\" class=\"wp-image-1008\" srcset=\"https:\/\/eventos.ifg.edu.br\/eventosmatematica\/wp-content\/uploads\/sites\/46\/2024\/12\/WhatsApp-Image-2024-12-05-at-20.39.52-1024x770.jpeg 1024w, https:\/\/eventos.ifg.edu.br\/eventosmatematica\/wp-content\/uploads\/sites\/46\/2024\/12\/WhatsApp-Image-2024-12-05-at-20.39.52-300x226.jpeg 300w, https:\/\/eventos.ifg.edu.br\/eventosmatematica\/wp-content\/uploads\/sites\/46\/2024\/12\/WhatsApp-Image-2024-12-05-at-20.39.52-768x578.jpeg 768w, https:\/\/eventos.ifg.edu.br\/eventosmatematica\/wp-content\/uploads\/sites\/46\/2024\/12\/WhatsApp-Image-2024-12-05-at-20.39.52.jpeg 1280w\" sizes=\"(max-width: 1024px) 100vw, 1024px\" \/><\/figure>\n\n\n\n<p><\/p>\n\n\n\n<h2 class=\"wp-block-heading\"><strong>14\/11\/2024<\/strong> &#8212; <strong>Refletindo sobre o Enade nas Licenciaturas<\/strong> <strong>&#8211; Profa. Dra. Camila Costa de Oliveira<\/strong><\/h2>\n\n\n\n<figure class=\"wp-block-image size-large\"><img loading=\"lazy\" decoding=\"async\" width=\"768\" height=\"1024\" src=\"https:\/\/eventos.ifg.edu.br\/eventosmatematica\/wp-content\/uploads\/sites\/46\/2024\/12\/camila-768x1024.jpeg\" alt=\"\" class=\"wp-image-1022\" srcset=\"https:\/\/eventos.ifg.edu.br\/eventosmatematica\/wp-content\/uploads\/sites\/46\/2024\/12\/camila-768x1024.jpeg 768w, https:\/\/eventos.ifg.edu.br\/eventosmatematica\/wp-content\/uploads\/sites\/46\/2024\/12\/camila-225x300.jpeg 225w, https:\/\/eventos.ifg.edu.br\/eventosmatematica\/wp-content\/uploads\/sites\/46\/2024\/12\/camila-1152x1536.jpeg 1152w, https:\/\/eventos.ifg.edu.br\/eventosmatematica\/wp-content\/uploads\/sites\/46\/2024\/12\/camila.jpeg 1200w\" sizes=\"(max-width: 768px) 100vw, 768px\" \/><\/figure>\n\n\n\n<p><\/p>\n\n\n\n<h2 class=\"wp-block-heading\"><strong>05\/12\/2024 &#8212; Aplica\u00e7\u00e3o de Teste de Hip\u00f3tese em Cartas de Controle Estat\u00edsticos &#8211; Profa. Dra. Renata Mendon\u00e7a Rodrigues Vasconcelos<\/strong><\/h2>\n\n\n\n<figure class=\"wp-block-image size-large\"><img loading=\"lazy\" decoding=\"async\" width=\"1024\" height=\"472\" src=\"https:\/\/eventos.ifg.edu.br\/eventosmatematica\/wp-content\/uploads\/sites\/46\/2024\/12\/renata-1024x472.jpeg\" alt=\"\" class=\"wp-image-1015\" srcset=\"https:\/\/eventos.ifg.edu.br\/eventosmatematica\/wp-content\/uploads\/sites\/46\/2024\/12\/renata-1024x472.jpeg 1024w, https:\/\/eventos.ifg.edu.br\/eventosmatematica\/wp-content\/uploads\/sites\/46\/2024\/12\/renata-300x138.jpeg 300w, https:\/\/eventos.ifg.edu.br\/eventosmatematica\/wp-content\/uploads\/sites\/46\/2024\/12\/renata-768x354.jpeg 768w, https:\/\/eventos.ifg.edu.br\/eventosmatematica\/wp-content\/uploads\/sites\/46\/2024\/12\/renata-1536x708.jpeg 1536w, https:\/\/eventos.ifg.edu.br\/eventosmatematica\/wp-content\/uploads\/sites\/46\/2024\/12\/renata.jpeg 1600w\" sizes=\"(max-width: 1024px) 100vw, 1024px\" \/><\/figure>\n","protected":false},"excerpt":{"rendered":"<p>Coordenadoras: Profa. Dra. Elaine Altino Freire Leite; Profa. Dra. M\u00e1rcia do Socorro Borges de Ara\u00fajo Cardoso 22\/08\/2024 &#8212; O Teorema de Napole\u00e3o &#8211; Prof. Dr. Julio C\u00e9sar Saavedra Vasquez 19\/09\/2024 &#8212; Brev\u00edssima Introdu\u00e7\u00e3o a Programa\u00e7\u00e3o Linear &#8211; Prof. Dr. Maxwell <a class=\"more-link\" href=\"https:\/\/eventos.ifg.edu.br\/eventosmatematica\/ciclo-de-palestras\/xv-ciclo-de-palestras\/\">Leia mais&#8230; &raquo;<\/a><\/p>\n","protected":false},"author":100,"featured_media":0,"parent":14,"menu_order":0,"comment_status":"closed","ping_status":"closed","template":"","meta":{"ngg_post_thumbnail":0,"footnotes":""},"class_list":["post-1004","page","type-page","status-publish","hentry"],"_links":{"self":[{"href":"https:\/\/eventos.ifg.edu.br\/eventosmatematica\/wp-json\/wp\/v2\/pages\/1004"}],"collection":[{"href":"https:\/\/eventos.ifg.edu.br\/eventosmatematica\/wp-json\/wp\/v2\/pages"}],"about":[{"href":"https:\/\/eventos.ifg.edu.br\/eventosmatematica\/wp-json\/wp\/v2\/types\/page"}],"author":[{"embeddable":true,"href":"https:\/\/eventos.ifg.edu.br\/eventosmatematica\/wp-json\/wp\/v2\/users\/100"}],"replies":[{"embeddable":true,"href":"https:\/\/eventos.ifg.edu.br\/eventosmatematica\/wp-json\/wp\/v2\/comments?post=1004"}],"version-history":[{"count":12,"href":"https:\/\/eventos.ifg.edu.br\/eventosmatematica\/wp-json\/wp\/v2\/pages\/1004\/revisions"}],"predecessor-version":[{"id":1029,"href":"https:\/\/eventos.ifg.edu.br\/eventosmatematica\/wp-json\/wp\/v2\/pages\/1004\/revisions\/1029"}],"up":[{"embeddable":true,"href":"https:\/\/eventos.ifg.edu.br\/eventosmatematica\/wp-json\/wp\/v2\/pages\/14"}],"wp:attachment":[{"href":"https:\/\/eventos.ifg.edu.br\/eventosmatematica\/wp-json\/wp\/v2\/media?parent=1004"}],"curies":[{"name":"wp","href":"https:\/\/api.w.org\/{rel}","templated":true}]}}