{"id":38,"date":"2017-06-05T21:25:45","date_gmt":"2017-06-06T00:25:45","guid":{"rendered":"http:\/\/eventos.ifg.edu.br\/erescer2017\/?page_id=38"},"modified":"2017-06-05T22:16:16","modified_gmt":"2017-06-06T01:16:16","slug":"eixos-tematicos","status":"publish","type":"page","link":"https:\/\/eventos.ifg.edu.br\/erescer2017\/eixos-tematicos\/","title":{"rendered":"Eixos Tem\u00e1ticos"},"content":{"rendered":"<p>Agroecologia<br \/>\nCi\u00eancias Biol\u00f3gicas<br \/>\nCi\u00eancias Sociais<br \/>\nEcologia<br \/>\nEduca\u00e7\u00e3o<br \/>\nEngenharia Agron\u00f4mica<br \/>\nEngenharia Ambiental<br \/>\nEngenharia de Alimentos<br \/>\nFilosofia<br \/>\nGeografia<br \/>\nHist\u00f3ria<br \/>\nLiteratura<br \/>\nMeio Ambiente<br \/>\nMovimentos Sociais<br \/>\nPsicologia<br \/>\nQu\u00edmica<br \/>\nRes\u00edduos S\u00f3lidos<\/p>\n","protected":false},"excerpt":{"rendered":"<p>Agroecologia Ci\u00eancias Biol\u00f3gicas Ci\u00eancias Sociais Ecologia Educa\u00e7\u00e3o Engenharia Agron\u00f4mica Engenharia Ambiental Engenharia de Alimentos Filosofia Geografia Hist\u00f3ria Literatura Meio Ambiente Movimentos Sociais Psicologia Qu\u00edmica Res\u00edduos S\u00f3lidos<\/p>\n","protected":false},"author":45,"featured_media":0,"parent":0,"menu_order":0,"comment_status":"closed","ping_status":"closed","template":"","meta":{"ngg_post_thumbnail":0,"footnotes":""},"class_list":["post-38","page","type-page","status-publish","hentry"],"_links":{"self":[{"href":"https:\/\/eventos.ifg.edu.br\/erescer2017\/wp-json\/wp\/v2\/pages\/38"}],"collection":[{"href":"https:\/\/eventos.ifg.edu.br\/erescer2017\/wp-json\/wp\/v2\/pages"}],"about":[{"href":"https:\/\/eventos.ifg.edu.br\/erescer2017\/wp-json\/wp\/v2\/types\/page"}],"author":[{"embeddable":true,"href":"https:\/\/eventos.ifg.edu.br\/erescer2017\/wp-json\/wp\/v2\/users\/45"}],"replies":[{"embeddable":true,"href":"https:\/\/eventos.ifg.edu.br\/erescer2017\/wp-json\/wp\/v2\/comments?post=38"}],"version-history":[{"count":2,"href":"https:\/\/eventos.ifg.edu.br\/erescer2017\/wp-json\/wp\/v2\/pages\/38\/revisions"}],"predecessor-version":[{"id":51,"href":"https:\/\/eventos.ifg.edu.br\/erescer2017\/wp-json\/wp\/v2\/pages\/38\/revisions\/51"}],"wp:attachment":[{"href":"https:\/\/eventos.ifg.edu.br\/erescer2017\/wp-json\/wp\/v2\/media?parent=38"}],"curies":[{"name":"wp","href":"https:\/\/api.w.org\/{rel}","templated":true}]}}