{"id":21,"date":"2017-06-02T11:46:41","date_gmt":"2017-06-02T14:46:41","guid":{"rendered":"http:\/\/eventos.ifg.edu.br\/erescer2017\/?page_id=21"},"modified":"2017-06-02T11:46:41","modified_gmt":"2017-06-02T14:46:41","slug":"hospedagem","status":"publish","type":"page","link":"https:\/\/eventos.ifg.edu.br\/erescer2017\/hospedagem\/","title":{"rendered":"Hospedagem"},"content":{"rendered":"<p><strong>Hot\u00e9is em Formosa<\/strong><\/p>\n<p>Al\u00e9m do alojamento gratuito no IFG\/C\u00e2mpus Formosa, \u00e9 poss\u00edvel encontrar outras op\u00e7\u00f5es de hospedagens em hot\u00e9is da cidade:<\/p>\n<ul>\n<li>Hotel Rio Preto<\/li>\n<\/ul>\n<p>Av. \u00c2ngelo Chaves, 200 \u2013 Formosinha, Formosa \u2013 GO, 73813-101<\/p>\n<p><span class=\"_lXk\">Telefone:<\/span><a class=\"fl r-iD5YY_OLYGgE\" title=\"Ligar pelo Hangouts\">(61) 3642-3001<\/a><\/p>\n<p><em>Site<\/em>:\u00a0<a href=\"http:\/\/www.riopretohotel.com.br\/\">http:\/\/www.riopretohotel.com.br\/<\/a><\/p>\n<ul>\n<li>Hotel Planalto<\/li>\n<\/ul>\n<p>Avenida Tancredo Neves, 310,\u00a0Setor Sul \u2013 Formosa \u2013 GO<\/p>\n<p>Telefone: (61)3631-7870 \/ 3432-1935<\/p>\n<ul>\n<li>Sofistikatto<\/li>\n<\/ul>\n<p>Park Hotel\u00a0SN Sa\u00edda Sul \u2013 Av. Tancredo Neves \u2013 Sa\u00edda Sul, Formosa \u2013 GO, 73800-000<\/p>\n<p><span class=\"_lXk\">Telefone:<\/span><a class=\"fl r-iGP0An4sp4eU\" title=\"Ligar pelo Hangouts\">(61) 4141-7631<\/a><\/p>\n<p><em>Site<\/em>:\u00a0<a href=\"http:\/\/www.sofisticattoparkhotel.com.br\/\">http:\/\/www.sofisticattoparkhotel.com.br\/<\/a><\/p>\n<ul>\n<li>Hotel Imperatriz<\/li>\n<\/ul>\n<p>Pra\u00e7a Pedro Chaves, 196,\u00a0Centro \u2013 Formosa \u2013 GO<\/p>\n<p>Telefone: (61)3631-2061<\/p>\n<ul>\n<li>Hotel Serrador<\/li>\n<\/ul>\n<p>Pra\u00e7a Rui Barbosa, 278 \u2013 Centro, Formosa \u2013 GO, 73801-220<\/p>\n<p>T<span class=\"_lXk\">elefone:<\/span><a class=\"fl r-i_5kqtNacNgc\" title=\"Ligar pelo Hangouts\">(61) 3631-1882<\/a><\/p>\n<ul>\n<li>Solaris Hotel<\/li>\n<\/ul>\n<p>Av. Brasilia, esquina com pra\u00e7a Anisio Lobo, Quadra 90, Lote 07 \u2013 Centro, Formosa \u2013 GO, 73801-310<\/p>\n<p>Telefone:\u00a0<a class=\"fl r-iESM8wGNxVAc\" title=\"Ligar pelo Hangouts\">(61) 3631-1727<\/a><\/p>\n<p><em>Site<\/em>:\u00a0<a href=\"http:\/\/www.solarishotelbr.com.br\/\">http:\/\/www.solarishotelbr.com.br\/<\/a><\/p>\n<ul>\n<li>ABC Palace Hotel<\/li>\n<\/ul>\n<p>R. Hon\u00f3rio L\u00f4bo, 1 \u2013 Centro, Formosa \u2013 GO, 73801-450<\/p>\n<p><span class=\"_lXk\">Telefone:<\/span><a class=\"fl r-i6RZCXCNI1hc\" title=\"Ligar pelo Hangouts\">(61) 3631-1030<\/a><\/p>\n<p>Site:\u00a0<a href=\"http:\/\/www.abcpalacehotel.com.br\/abc\/\">http:\/\/www.abcpalacehotel.com.br\/abc\/<\/a><\/p>\n","protected":false},"excerpt":{"rendered":"<p>Hot\u00e9is em Formosa Al\u00e9m do alojamento gratuito no IFG\/C\u00e2mpus Formosa, \u00e9 poss\u00edvel encontrar outras op\u00e7\u00f5es de hospedagens em hot\u00e9is da cidade: Hotel Rio Preto Av. \u00c2ngelo Chaves, 200 \u2013 Formosinha, Formosa \u2013 GO, 73813-101 Telefone:(61) 3642-3001 Site:\u00a0http:\/\/www.riopretohotel.com.br\/ Hotel Planalto Avenida Tancredo Neves, 310,\u00a0Setor Sul \u2013 Formosa \u2013 GO Telefone: (61)3631-7870 \/ 3432-1935 Sofistikatto Park Hotel\u00a0SN [&hellip;]<\/p>\n","protected":false},"author":45,"featured_media":0,"parent":0,"menu_order":0,"comment_status":"closed","ping_status":"closed","template":"","meta":{"ngg_post_thumbnail":0,"footnotes":""},"class_list":["post-21","page","type-page","status-publish","hentry"],"_links":{"self":[{"href":"https:\/\/eventos.ifg.edu.br\/erescer2017\/wp-json\/wp\/v2\/pages\/21"}],"collection":[{"href":"https:\/\/eventos.ifg.edu.br\/erescer2017\/wp-json\/wp\/v2\/pages"}],"about":[{"href":"https:\/\/eventos.ifg.edu.br\/erescer2017\/wp-json\/wp\/v2\/types\/page"}],"author":[{"embeddable":true,"href":"https:\/\/eventos.ifg.edu.br\/erescer2017\/wp-json\/wp\/v2\/users\/45"}],"replies":[{"embeddable":true,"href":"https:\/\/eventos.ifg.edu.br\/erescer2017\/wp-json\/wp\/v2\/comments?post=21"}],"version-history":[{"count":1,"href":"https:\/\/eventos.ifg.edu.br\/erescer2017\/wp-json\/wp\/v2\/pages\/21\/revisions"}],"predecessor-version":[{"id":22,"href":"https:\/\/eventos.ifg.edu.br\/erescer2017\/wp-json\/wp\/v2\/pages\/21\/revisions\/22"}],"wp:attachment":[{"href":"https:\/\/eventos.ifg.edu.br\/erescer2017\/wp-json\/wp\/v2\/media?parent=21"}],"curies":[{"name":"wp","href":"https:\/\/api.w.org\/{rel}","templated":true}]}}