{"id":19,"date":"2017-06-02T11:46:19","date_gmt":"2017-06-02T14:46:19","guid":{"rendered":"http:\/\/eventos.ifg.edu.br\/erescer2017\/?page_id=19"},"modified":"2017-06-08T16:12:49","modified_gmt":"2017-06-08T19:12:49","slug":"comissao-organizadora","status":"publish","type":"page","link":"https:\/\/eventos.ifg.edu.br\/erescer2017\/comissao-organizadora\/","title":{"rendered":"Comiss\u00e3o Organizadora"},"content":{"rendered":"<p><strong>Comiss\u00e3o de minicursos e oficinas<\/strong><br \/>\nAdriano Antonio Brito Darosci<br \/>\nMurilo Teles Domingues<br \/>\nNayara Luiz Pires<\/p>\n<p><strong>Comiss\u00e3o de confer\u00eancias, mesas-redondas e palestras<\/strong><br \/>\nCaroline Iost<br \/>\nLu\u00eds Cl\u00e1udio Rocha Henriques de Moura<br \/>\nMarcos Augusto Schliewe<br \/>\nMarcus Vinicius Ara\u00fajo da Silva Mendes<\/p>\n<p><strong>Divulga\u00e7\u00e3o e certifica\u00e7\u00e3o<\/strong><br \/>\nEliana Carla Rodrigues<br \/>\nGeraldo Witeze Junior<\/p>\n<p><strong>Infraestrutura e transporte<\/strong><br \/>\nAdriana Martini Martins<br \/>\nAlisson da Silveira Garcez<br \/>\nBruno Quirino Leal<br \/>\nUyara Ferreira Silva<\/p>\n<p><strong>Presidente<\/strong><br \/>\nGeraldo Witeze Junior<\/p>\n","protected":false},"excerpt":{"rendered":"<p>Comiss\u00e3o de minicursos e oficinas Adriano Antonio Brito Darosci Murilo Teles Domingues Nayara Luiz Pires Comiss\u00e3o de confer\u00eancias, mesas-redondas e palestras Caroline Iost Lu\u00eds Cl\u00e1udio Rocha Henriques de Moura Marcos Augusto Schliewe Marcus Vinicius Ara\u00fajo da Silva Mendes Divulga\u00e7\u00e3o e certifica\u00e7\u00e3o Eliana Carla Rodrigues Geraldo Witeze Junior Infraestrutura e transporte Adriana Martini Martins Alisson da [&hellip;]<\/p>\n","protected":false},"author":45,"featured_media":0,"parent":0,"menu_order":0,"comment_status":"closed","ping_status":"closed","template":"","meta":{"ngg_post_thumbnail":0,"footnotes":""},"class_list":["post-19","page","type-page","status-publish","hentry"],"_links":{"self":[{"href":"https:\/\/eventos.ifg.edu.br\/erescer2017\/wp-json\/wp\/v2\/pages\/19"}],"collection":[{"href":"https:\/\/eventos.ifg.edu.br\/erescer2017\/wp-json\/wp\/v2\/pages"}],"about":[{"href":"https:\/\/eventos.ifg.edu.br\/erescer2017\/wp-json\/wp\/v2\/types\/page"}],"author":[{"embeddable":true,"href":"https:\/\/eventos.ifg.edu.br\/erescer2017\/wp-json\/wp\/v2\/users\/45"}],"replies":[{"embeddable":true,"href":"https:\/\/eventos.ifg.edu.br\/erescer2017\/wp-json\/wp\/v2\/comments?post=19"}],"version-history":[{"count":3,"href":"https:\/\/eventos.ifg.edu.br\/erescer2017\/wp-json\/wp\/v2\/pages\/19\/revisions"}],"predecessor-version":[{"id":56,"href":"https:\/\/eventos.ifg.edu.br\/erescer2017\/wp-json\/wp\/v2\/pages\/19\/revisions\/56"}],"wp:attachment":[{"href":"https:\/\/eventos.ifg.edu.br\/erescer2017\/wp-json\/wp\/v2\/media?parent=19"}],"curies":[{"name":"wp","href":"https:\/\/api.w.org\/{rel}","templated":true}]}}