{"id":15,"date":"2017-06-02T11:45:21","date_gmt":"2017-06-02T14:45:21","guid":{"rendered":"http:\/\/eventos.ifg.edu.br\/erescer2017\/?page_id=15"},"modified":"2017-06-20T21:22:49","modified_gmt":"2017-06-21T00:22:49","slug":"programacao","status":"publish","type":"page","link":"https:\/\/eventos.ifg.edu.br\/erescer2017\/programacao\/","title":{"rendered":"Programa\u00e7\u00e3o"},"content":{"rendered":"<p><img fetchpriority=\"high\" decoding=\"async\" class=\"alignnone size-full wp-image-65\" src=\"http:\/\/eventos.ifg.edu.br\/erescer2017\/wp-content\/uploads\/sites\/19\/2017\/06\/Programa\u00e7\u00e3o-Geral-WEB.png\" alt=\"Programa\u00e7\u00e3o-Geral2017\" width=\"2200\" height=\"2200\" \/><\/p>\n<p style=\"text-align: center\"><span style=\"color: #ff0000\"><strong>Novas inser\u00e7\u00f5es na programa\u00e7\u00e3o<\/strong><\/span><\/p>\n<p><strong>Confer\u00eancia de Abertura<\/strong>:<br \/>\n&#8211; &#8220;Ecologia de ecossistemas rip\u00e1rios para conserva\u00e7\u00e3o e preserva\u00e7\u00e3o da biodiversidade&#8221;. Palestrante Prof. Dr. Jos\u00e9 F. G. J\u00fanior (UnB).<br \/>\n&#8211; &#8220;Agroecologia: agricultura sustent\u00e1vel para o s\u00e9culo XXI&#8221;. Palestrante: Prof. Dr. Vicente de Paulo B. V. S (IFB)<br \/>\n<strong>Mesa-redonda<\/strong>: &#8220;Movimentos Sociais na Am\u00e9rica Latina: Contesta\u00e7\u00f5es da cidade e do campo&#8221;. com Lu\u00eds Cl\u00e1udio Rocha Henriques de Moura, Kaithy das Chagas Oliveira e Jos\u00e9 Vand\u00e9rio Cirqueira Pinto. Dia: 20\/06 (ter\u00e7a-feira) das 16h \u00e0s 18h;<br \/>\n&#8211; CANCELADO: <span style=\"text-decoration: line-through\"> (<strong>Palestra<\/strong>: &#8220;Contribui\u00e7\u00e3o do Telhado verde no sistema de drenagem de \u00e1guas pluviais.&#8221; com D\u00e9bora Pereira da Silva. Dia 21\/06 (quarta-feira) das 19h \u00e0s 20:45h) <\/span><br \/>\n<strong>Confer\u00eancia de Encerramento<\/strong>:<br \/>\n&#8220;Sociedade e ambiente: discursos e pr\u00e1ticas&#8221;. Coordena\u00e7\u00e3o: Geraldo Witeze Junior. Palestrantes: Augusto Targino de Lima (coordenador estadual do MST), Jana\u00edna Fernandes (IFG\/Antrop\u00f3loga), Marcos Augusto Schliewe (IFG\/Bi\u00f3logo)<\/p>\n<p style=\"text-align: center\"><strong>Legenda Minicursos<\/strong> &#8211; Atividades com 08 horas de dura\u00e7\u00e3o. Ser\u00e3o realizadas em 02 turnos ou 02 dias.<\/p>\n<p>Minicurso 1 (ter\u00e7a e quarta &#8211; tarde): An\u00e1lise de Bacias Hidrogr\u00e1ficas (Amom Teixeira &amp; Thiara Teixeira)<\/p>\n<p>Minicurso 2: CANCELADO<\/p>\n<p>Minicurso 3 (quarta &#8211; manh\u00e3 e tarde): Fundamentos de SIG e Geoprocessamento Aplicados ao Zoneamento Ambiental Utilizando Software Livre (Elton Souza Oliveira)<\/p>\n<p>Minicurso 4 (quarta e quinta &#8211; manh\u00e3): Recupera\u00e7\u00e3o de \u00c1reas Degradadas (Vanessa de Amorim Neves)<\/p>\n<p>Minicurso 5 (quarta e quinta &#8211; manh\u00e3): Guia Ambiental de Trilhas (Namuhell Oliveira da Silva)<\/p>\n<p>Minicurso 6 (quarta &#8211; manh\u00e3 e tarde): Identifica\u00e7\u00e3o de Plantas Nativas do Cerrado com Uso de Chaves Interativas (Marcelo Kuhlmann Peres)<\/p>\n<p>Minicurso 7: CANCELADO<\/p>\n<p>Minicurso 8 (quarta &#8211; tarde e noite): Convolvulacea: Da Taxonomia a Ind\u00fastria Farmac\u00eautica (Andr\u00e9 Luiz da Costa Moreira)<\/p>\n<p>Minicurso 9 (quarta &#8211; tarde e noite): Conserva\u00e7\u00e3o de Plantas no Distrito Federal (Maria Rosa Vargas Zanatta)<\/p>\n<p>Minicurso 10 (quinta &#8211; manh\u00e3 e tarde): Fungos Fitopatog\u00eanicos (Fabiane Silva Darosci Brito)<\/p>\n<p>Minicurso 11 (quinta &#8211; manh\u00e3 e tarde): Estudo de Diferentes T\u00e9cnicas Histopatol\u00f3gicas Destinadas para o Diagn\u00f3stico e Estudo de Doen\u00e7as (Nadjania Saraiva de Lira Silva)<\/p>\n<p>Minicurso 12 (quarta &#8211; manh\u00e3 e tarde): EcoBocaina: Turismo e Sustentabilidade (Katiely Paiva);<\/p>\n<p>Minicurso 13 (ter\u00e7a &#8211; manh\u00e3 e tarde): Introdu\u00e7\u00e3o ao Estudo da Ideologia (Hans Magno Alves);<\/p>\n<p>Minicurso 14 (ter\u00e7a &#8211; manh\u00e3 e tarde): Introdu\u00e7\u00e3o ao Sistema de Informa\u00e7\u00f5es Geogr\u00e1ficas (Patrick Thomaz);<\/p>\n<p>Minicurso 15 (ter\u00e7a &#8211; tarde e noite): A sequ\u00eancia de Fibonacci e suas Rela\u00e7\u00f5es com a Natureza (Douglas Nascimento Ribeiro);<\/p>\n<p>Minicurso 16 (quinta &#8211; manh\u00e3 e tarde): Res\u00edduos Gerados em Esta\u00e7\u00f5es de Tratamento de Esgoto: Aspectos Geot\u00e9cnicos, Ambientais e Ecotoxicol\u00f3gicos (Leonardo Ramos da Silveira; Thayres de Sousa Andrade);<\/p>\n<p>Minicurso 17 (ter\u00e7a &#8211; manh\u00e3 e tarde): Panorama e Perspectiva de Uso e Toxicidade de Herbicidas e Metais T\u00f3xicos e o Papel da Qu\u00edmica nesse cen\u00e1rio (Al\u00e9cio Rodrigues Nunes);<\/p>\n<p>Minicurso 18 (quarta &#8211; tarde e noite): Modelagem Qualitativa para Abordagem Sist\u00eamica do Desenvolvimento Sustent\u00e1vel e Solid\u00e1rio (Adilson Jayme-Oliveira).<\/p>\n<p>Minicurso 19 (ter\u00e7a e quarta &#8211; noite): A organiza\u00e7\u00e3o da pesquisa cient\u00edfica sobre a forma\u00e7\u00e3o e a pr\u00e1tica dos professores de Ci\u00eancias Biol\u00f3gicas e da Natureza: alguns aspectos quantitativos, qualitativos, legais e regulat\u00f3rios (Anderson dos Anjos Pereira Pena)<\/p>\n<p style=\"text-align: center\"><strong>Legenda Oficinas<\/strong> &#8211; Atividades com 04 horas ou 08 horas de dura\u00e7\u00e3o (Ser\u00e3o realizadas em 02 turnos ou 02 dias).<\/p>\n<p>Oficina 1 (ter\u00e7a e quarta &#8211; tarde): Panifica\u00e7\u00e3o Artesanal (Edna Dantas)<\/p>\n<p>Oficina 2 (quarta &#8211; tarde): Reciclagem de Pneus (Ilton Corr\u00eaa dos Santos);<\/p>\n<p>Oficina 3 (noite &#8211; tarde): Discuss\u00f5es Sobre o Planejamento Urbano e Impactos no Clima Local: Forma\u00e7\u00e3o de Ilhas de Calor (Estudo de Caso: Centro de Taguatinga) (Jairo Frutuoso J\u00fanior);<\/p>\n<p>Oficina 4 (quinta &#8211; manh\u00e3): Oficina de Memes do Cerrado: Conceito e Pr\u00e1tica (Daniele Gon\u00e7alves Dias, Lemuel Da Cruz Gandara, Kaithy Das Chagas Oliveiras);<\/p>\n<p>Oficina 5 (ter\u00e7a &#8211; noite): Educa\u00e7\u00e3o Ambiental e a Arte do Bonsai (Ian Thome);<\/p>\n<p>Oficina 6: CANCELADO.<\/p>\n","protected":false},"excerpt":{"rendered":"<p>Novas inser\u00e7\u00f5es na programa\u00e7\u00e3o Confer\u00eancia de Abertura: &#8211; &#8220;Ecologia de ecossistemas rip\u00e1rios para conserva\u00e7\u00e3o e preserva\u00e7\u00e3o da biodiversidade&#8221;. Palestrante Prof. Dr. Jos\u00e9 F. G. J\u00fanior (UnB). &#8211; &#8220;Agroecologia: agricultura sustent\u00e1vel para o s\u00e9culo XXI&#8221;. Palestrante: Prof. Dr. Vicente de Paulo B. V. S (IFB) Mesa-redonda: &#8220;Movimentos Sociais na Am\u00e9rica Latina: Contesta\u00e7\u00f5es da cidade e do [&hellip;]<\/p>\n","protected":false},"author":45,"featured_media":0,"parent":0,"menu_order":0,"comment_status":"closed","ping_status":"closed","template":"","meta":{"ngg_post_thumbnail":0,"footnotes":""},"class_list":["post-15","page","type-page","status-publish","hentry"],"_links":{"self":[{"href":"https:\/\/eventos.ifg.edu.br\/erescer2017\/wp-json\/wp\/v2\/pages\/15"}],"collection":[{"href":"https:\/\/eventos.ifg.edu.br\/erescer2017\/wp-json\/wp\/v2\/pages"}],"about":[{"href":"https:\/\/eventos.ifg.edu.br\/erescer2017\/wp-json\/wp\/v2\/types\/page"}],"author":[{"embeddable":true,"href":"https:\/\/eventos.ifg.edu.br\/erescer2017\/wp-json\/wp\/v2\/users\/45"}],"replies":[{"embeddable":true,"href":"https:\/\/eventos.ifg.edu.br\/erescer2017\/wp-json\/wp\/v2\/comments?post=15"}],"version-history":[{"count":32,"href":"https:\/\/eventos.ifg.edu.br\/erescer2017\/wp-json\/wp\/v2\/pages\/15\/revisions"}],"predecessor-version":[{"id":101,"href":"https:\/\/eventos.ifg.edu.br\/erescer2017\/wp-json\/wp\/v2\/pages\/15\/revisions\/101"}],"wp:attachment":[{"href":"https:\/\/eventos.ifg.edu.br\/erescer2017\/wp-json\/wp\/v2\/media?parent=15"}],"curies":[{"name":"wp","href":"https:\/\/api.w.org\/{rel}","templated":true}]}}