{"id":13,"date":"2017-06-02T11:44:55","date_gmt":"2017-06-02T14:44:55","guid":{"rendered":"http:\/\/eventos.ifg.edu.br\/erescer2017\/?page_id=13"},"modified":"2017-06-08T16:18:03","modified_gmt":"2017-06-08T19:18:03","slug":"ii-erescer","status":"publish","type":"page","link":"https:\/\/eventos.ifg.edu.br\/erescer2017\/ii-erescer\/","title":{"rendered":"II ERESCER"},"content":{"rendered":"<p>O II Encontro Socioambiental do Cerrado (ERESCER) busca divulgar o ensino, a pesquisa e a extens\u00e3o produzidos na regi\u00e3o do cerrado, abarcando, de forma transdisciplinar, os temas ambientais e sociais, com o intuito de ampliar e fortalecer o desenvolvimento cient\u00edfico, tecnol\u00f3gico, ambiental e social, integrando as institui\u00e7\u00f5es de ensino de Formosa e demais cidades do Entorno do Distrito Federal.<\/p>\n<p>Um dos desafios que a humanidade enfrenta no s\u00e9culo XXI \u00e9 a sustentabilidade ambiental em conjunto com a equidade social, elementos estes que dependem diretamente da contribui\u00e7\u00e3o integrada entre sociedade e academia.<\/p>\n<p>O Encontro ocorrer\u00e1 na semana de 19 a 22 de junho de 2017, no IFG\/C\u00e2mpus Formosa, nos turnos matutino, vespertino e noturno, com palestras, mesas-redondas, minicursos, oficinas, document\u00e1rios e trabalho de campo sobre temas diversos. O Erescer se estende a toda a comunidade.<\/p>\n","protected":false},"excerpt":{"rendered":"<p>O II Encontro Socioambiental do Cerrado (ERESCER) busca divulgar o ensino, a pesquisa e a extens\u00e3o produzidos na regi\u00e3o do cerrado, abarcando, de forma transdisciplinar, os temas ambientais e sociais, com o intuito de ampliar e fortalecer o desenvolvimento cient\u00edfico, tecnol\u00f3gico, ambiental e social, integrando as institui\u00e7\u00f5es de ensino de Formosa e demais cidades do [&hellip;]<\/p>\n","protected":false},"author":45,"featured_media":0,"parent":0,"menu_order":0,"comment_status":"closed","ping_status":"closed","template":"","meta":{"ngg_post_thumbnail":0,"footnotes":""},"class_list":["post-13","page","type-page","status-publish","hentry"],"_links":{"self":[{"href":"https:\/\/eventos.ifg.edu.br\/erescer2017\/wp-json\/wp\/v2\/pages\/13"}],"collection":[{"href":"https:\/\/eventos.ifg.edu.br\/erescer2017\/wp-json\/wp\/v2\/pages"}],"about":[{"href":"https:\/\/eventos.ifg.edu.br\/erescer2017\/wp-json\/wp\/v2\/types\/page"}],"author":[{"embeddable":true,"href":"https:\/\/eventos.ifg.edu.br\/erescer2017\/wp-json\/wp\/v2\/users\/45"}],"replies":[{"embeddable":true,"href":"https:\/\/eventos.ifg.edu.br\/erescer2017\/wp-json\/wp\/v2\/comments?post=13"}],"version-history":[{"count":3,"href":"https:\/\/eventos.ifg.edu.br\/erescer2017\/wp-json\/wp\/v2\/pages\/13\/revisions"}],"predecessor-version":[{"id":59,"href":"https:\/\/eventos.ifg.edu.br\/erescer2017\/wp-json\/wp\/v2\/pages\/13\/revisions\/59"}],"wp:attachment":[{"href":"https:\/\/eventos.ifg.edu.br\/erescer2017\/wp-json\/wp\/v2\/media?parent=13"}],"curies":[{"name":"wp","href":"https:\/\/api.w.org\/{rel}","templated":true}]}}