{"id":236,"date":"2018-07-11T11:05:55","date_gmt":"2018-07-11T14:05:55","guid":{"rendered":"http:\/\/eventos.ifg.edu.br\/epepe\/?page_id=236"},"modified":"2018-07-11T11:06:31","modified_gmt":"2018-07-11T14:06:31","slug":"ebook-ii-epepe","status":"publish","type":"page","link":"https:\/\/eventos.ifg.edu.br\/epepe\/ebook-ii-epepe\/","title":{"rendered":"EBOOK II EPEPE"},"content":{"rendered":"<p><a href=\"http:\/\/eventos.ifg.edu.br\/epepe\/wp-content\/uploads\/sites\/34\/2018\/07\/livro-II-EPEPE-ENSINO-POR-INVESTIGACAO-ALFABETIZACAO-CIENTIFICA-E-TECNOLOGICA-pesquisas-reflexoes-e-experiencias.pdf\">Livro: II EPEPE- ENSINO POR INVESTIGA\u00c7\u00c3O ALFABETIZA\u00c7\u00c3O CIENT\u00cdFICA E TECNOL\u00d3GICA &#8211; pesquisas, reflex\u00f5es e experi\u00eancias<\/a><\/p>\n","protected":false},"excerpt":{"rendered":"<p>Livro: II EPEPE- ENSINO POR INVESTIGA\u00c7\u00c3O ALFABETIZA\u00c7\u00c3O CIENT\u00cdFICA E TECNOL\u00d3GICA &#8211; pesquisas, reflex\u00f5es e experi\u00eancias<\/p>\n","protected":false},"author":23,"featured_media":0,"parent":0,"menu_order":0,"comment_status":"closed","ping_status":"closed","template":"","meta":{"ngg_post_thumbnail":0,"footnotes":""},"class_list":["post-236","page","type-page","status-publish","hentry"],"_links":{"self":[{"href":"https:\/\/eventos.ifg.edu.br\/epepe\/wp-json\/wp\/v2\/pages\/236"}],"collection":[{"href":"https:\/\/eventos.ifg.edu.br\/epepe\/wp-json\/wp\/v2\/pages"}],"about":[{"href":"https:\/\/eventos.ifg.edu.br\/epepe\/wp-json\/wp\/v2\/types\/page"}],"author":[{"embeddable":true,"href":"https:\/\/eventos.ifg.edu.br\/epepe\/wp-json\/wp\/v2\/users\/23"}],"replies":[{"embeddable":true,"href":"https:\/\/eventos.ifg.edu.br\/epepe\/wp-json\/wp\/v2\/comments?post=236"}],"version-history":[{"count":2,"href":"https:\/\/eventos.ifg.edu.br\/epepe\/wp-json\/wp\/v2\/pages\/236\/revisions"}],"predecessor-version":[{"id":240,"href":"https:\/\/eventos.ifg.edu.br\/epepe\/wp-json\/wp\/v2\/pages\/236\/revisions\/240"}],"wp:attachment":[{"href":"https:\/\/eventos.ifg.edu.br\/epepe\/wp-json\/wp\/v2\/media?parent=236"}],"curies":[{"name":"wp","href":"https:\/\/api.w.org\/{rel}","templated":true}]}}