{"id":8,"date":"2017-04-03T09:31:10","date_gmt":"2017-04-03T12:31:10","guid":{"rendered":"http:\/\/eventos.ifg.edu.br\/encoturh\/?page_id=8"},"modified":"2017-04-03T09:31:10","modified_gmt":"2017-04-03T12:31:10","slug":"o-evento","status":"publish","type":"page","link":"https:\/\/eventos.ifg.edu.br\/encoturh\/o-evento\/","title":{"rendered":"O EVENTO"},"content":{"rendered":"<p>O Instituto Federal de Goi\u00e1s (IFG) oferta cursos na modalidade superior e t\u00e9cnico na \u00e1rea de Turismo e Hospitalidade, integrando atividades de ensino, pesquisa e extens\u00e3o, necess\u00e1rias para a s\u00f3lida forma\u00e7\u00e3o profissional. <strong>Os Festivais Gastron\u00f4micos <\/strong>(11 edi\u00e7\u00f5es) e as <strong>Semanas de Turismo e Hospitalidade<\/strong> (7 edi\u00e7\u00f5es) constitu\u00edram-se, historicamente, em momentos de aprimoramento da forma\u00e7\u00e3o t\u00e9cnica e profissional de uma \u00e1rea que, a cada dia, demanda mais profissionais qualificados no Estado de Goi\u00e1s.<\/p>\n<p><img fetchpriority=\"high\" decoding=\"async\" class=\"alignnone size-full wp-image-3\" src=\"http:\/\/eventos.ifg.edu.br\/encoturh\/wp-content\/uploads\/sites\/15\/2017\/03\/ENCONTRO-DE-TURISMO-E-HOSPITALIDADE-DO-CENTRO-OESTE.jpg\" alt=\"ENCONTRO DE TURISMO E HOSPITALIDADE DO CENTRO OESTE\" width=\"1654\" height=\"472\" \/><\/p>\n<p>De car\u00e1ter acad\u00eamico-cient\u00edfico, o ENCONTRO DE TURISMO E HOSPITALIDADE DO CENTRO OESTE (EnCOTurH) resulta do amadurecimento de uma \u00e1rea consolidada por pesquisas e estudos desenvolvidos pelos professores ao longo de 16 anos no IFG, nos cursos de tecnologia em Gest\u00e3o de Turismo e de Hotelaria. A efetiva\u00e7\u00e3o recente do curso de Bacharelado em Turismo no IFG, \u00fanico no estado de Goi\u00e1s (reconhecido em mar\u00e7o de 2017 com a nota 4 pelo MEC), requer a forma\u00e7\u00e3o de um ambiente cada vez mais prop\u00edcio \u00e0 an\u00e1lise, aos debates e \u00e0s trocas de experi\u00eancias sobre os temas de interesse da pr\u00f3pria \u00e1rea e do <em>trade <\/em>tur\u00edstico goiano<em>, <\/em>de modo a estimular parcerias e a contribuir para a sistematiza\u00e7\u00e3o de pol\u00edticas p\u00fablicas mais eficazes e pr\u00e1ticas profissionais sustent\u00e1veis.<\/p>\n<p><img decoding=\"async\" class=\"alignnone size-full wp-image-4\" src=\"http:\/\/eventos.ifg.edu.br\/encoturh\/wp-content\/uploads\/sites\/15\/2017\/03\/ENCOTURH.jpg\" alt=\"ENCOTURH\" width=\"1616\" height=\"324\" \/><\/p>\n<p>O Encontro Regional de Turismo e Hospitalidade do Centro-Oeste (EnCOTurH) \u00e9 uma a\u00e7\u00e3o colaborativa do Instituto Federal de Goi\u00e1s junto \u00e0s Institui\u00e7\u00f5es de Ensino que ofertam cursos na \u00e1rea de Turismo e Hospitalidade da Regi\u00e3o Centro-Oeste do Brasil. Em sua primeira edi\u00e7\u00e3o, ser\u00e1 coordenado pelos professores dos cursos de Bacharelado em Turismo e T\u00e9cnico Integrado em Cozinha, com apoio do Laborat\u00f3rio de Turismo e Hospitalidade e do Laborat\u00f3rio Gastron\u00f4mico do C\u00e2mpus Goi\u00e2nia (IFG). Nesse grande evento ser\u00e3o incorporados outros dois em sua programa\u00e7\u00e3o: a 10\u00aa Semana de Turismo e Hospitalidade do IFG e o F\u00f3rum de Coordenadores e Professores da \u00e1rea de Turismo e Hospitalidade do Centro-Oeste.<\/p>\n<p>\u00c9 importante dizer que o EnCOTurH j\u00e1 foi apresentado \u00e0 comunidade acad\u00eamica durante o ano de 2016<a href=\"#_ftn1\" name=\"_ftnref1\">[1]<\/a>, mas n\u00e3o ocorreu em fun\u00e7\u00e3o da ades\u00e3o dos servidores \u00e0 greve geral e das manifesta\u00e7\u00f5es dos alunos que resultaram em ocupa\u00e7\u00e3o do C\u00e2mpus, onde seria realizado o evento. No momento do cancelamento, ficou o compromisso de reapresentarmos a proposta no ano seguinte, como se faz agora. Nesse sentido, refor\u00e7a-se que este evento j\u00e1 tem trabalhos inscritos e aprovados (estes casos ser\u00e3o tratados via e-mail pela Comiss\u00e3o Organizadora), mas foi acordado que abrir\u00edamos, por mais um breve tempo, o per\u00edodo para novas inscri\u00e7\u00f5es, dado a solicita\u00e7\u00e3o de algumas institui\u00e7\u00f5es interessadas em participar. Ressaltamos que n\u00e3o haver\u00e1 preju\u00edzo algum para os trabalhos j\u00e1 aceitos no evento e, ainda menos, para os que agora se candidatam. Todos ser\u00e3o muito bem-vindos.<\/p>\n<p><a href=\"#_ftnref1\" name=\"_ftn1\">[1]<\/a> O Encontro Regional de Turismo e Hospitalidade e o 12\u00ba Festival Gastron\u00f4mico deveriam acontecer entre os dias 05 e 08 de dezembro de 2016.<\/p>\n","protected":false},"excerpt":{"rendered":"<p>O Instituto Federal de Goi\u00e1s (IFG) oferta cursos na modalidade superior e t\u00e9cnico na \u00e1rea de Turismo e Hospitalidade, integrando atividades de ensino, pesquisa e extens\u00e3o, necess\u00e1rias para a s\u00f3lida forma\u00e7\u00e3o profissional. Os Festivais Gastron\u00f4micos (11 edi\u00e7\u00f5es) e as Semanas <a class=\"more-link\" href=\"https:\/\/eventos.ifg.edu.br\/encoturh\/o-evento\/\">Leia mais&#8230; &raquo;<\/a><\/p>\n","protected":false},"author":14,"featured_media":4,"parent":0,"menu_order":0,"comment_status":"closed","ping_status":"closed","template":"","meta":{"ngg_post_thumbnail":0,"footnotes":""},"class_list":["post-8","page","type-page","status-publish","has-post-thumbnail","hentry"],"_links":{"self":[{"href":"https:\/\/eventos.ifg.edu.br\/encoturh\/wp-json\/wp\/v2\/pages\/8"}],"collection":[{"href":"https:\/\/eventos.ifg.edu.br\/encoturh\/wp-json\/wp\/v2\/pages"}],"about":[{"href":"https:\/\/eventos.ifg.edu.br\/encoturh\/wp-json\/wp\/v2\/types\/page"}],"author":[{"embeddable":true,"href":"https:\/\/eventos.ifg.edu.br\/encoturh\/wp-json\/wp\/v2\/users\/14"}],"replies":[{"embeddable":true,"href":"https:\/\/eventos.ifg.edu.br\/encoturh\/wp-json\/wp\/v2\/comments?post=8"}],"version-history":[{"count":1,"href":"https:\/\/eventos.ifg.edu.br\/encoturh\/wp-json\/wp\/v2\/pages\/8\/revisions"}],"predecessor-version":[{"id":9,"href":"https:\/\/eventos.ifg.edu.br\/encoturh\/wp-json\/wp\/v2\/pages\/8\/revisions\/9"}],"wp:featuredmedia":[{"embeddable":true,"href":"https:\/\/eventos.ifg.edu.br\/encoturh\/wp-json\/wp\/v2\/media\/4"}],"wp:attachment":[{"href":"https:\/\/eventos.ifg.edu.br\/encoturh\/wp-json\/wp\/v2\/media?parent=8"}],"curies":[{"name":"wp","href":"https:\/\/api.w.org\/{rel}","templated":true}]}}