{"id":25,"date":"2017-04-03T10:16:47","date_gmt":"2017-04-03T13:16:47","guid":{"rendered":"http:\/\/eventos.ifg.edu.br\/encoturh\/?page_id=25"},"modified":"2017-06-06T10:04:49","modified_gmt":"2017-06-06T13:04:49","slug":"inscricoes","status":"publish","type":"page","link":"https:\/\/eventos.ifg.edu.br\/encoturh\/inscricoes\/","title":{"rendered":"INSCRI\u00c7\u00d5ES"},"content":{"rendered":"<p style=\"text-align: center\">\n<p style=\"text-align: center\"><strong>As inscri\u00e7\u00f5es no evento e nas atividades podem ser feitas atrav\u00e9s do link abaixo:<\/strong><\/p>\n<h1 style=\"text-align: center\"><strong><a href=\"http:\/\/gestaoeventos.ifg.edu.br\/eventos\/administracao\/inscricoes.html?q12we34rt56yu78io90p=ZKMBa0DbDatap6JkkClSEg==\">Inscri\u00e7\u00f5es EnCOTurH 2017<\/a><\/strong><\/h1>\n<p>&nbsp;<\/p>\n<p><span style=\"color: #ff0000\">Lembramos que todas as atividades s\u00e3o gratuitas e com vagas limitadas, sendo assim, caso n\u00e3o possa participar, pedimos que cancele sua inscri\u00e7\u00e3o para liberar a vaga para outros interessados.<\/span><\/p>\n<p>&nbsp;<\/p>\n<p><strong>Para auxiliar no processo, preparamos um breve passo-a-passo:<\/strong><\/p>\n<p>1. Acesso a p\u00e1gina do blog que informa sobre as INSCRI\u00c7\u00d5ES.<\/p>\n<p>2. O link direcionar\u00e1 voc\u00ea ao sistema de eventos do IFG e ao cadastro inicial com seus dados pessoais (todos marcados com o asterisco vermelho s\u00e3o obrigat\u00f3rios). Preencha tudo e clique em INSCREVA-SE.<\/p>\n<p>3. Ser\u00e1 enviado um e-mail para voc\u00ea com sua senha de acesso. Clique no link que estar\u00e1 no corpo do e-mail para ser direcionado novamente ao sistema.<br \/>\nImportante: \u00e9 necess\u00e1rio ter um e-mail ativo para se cadastrar ou n\u00e3o ser\u00e1 poss\u00edvel fazer sua inscri\u00e7\u00e3o. Todas as informa\u00e7\u00f5es ser\u00e3o enviadas para este endere\u00e7o.<\/p>\n<p>4. Se este for seu primeiro acesso, o sistema pedir\u00e1 para voc\u00ea cadastrar uma nova senha assim que clicar no link enviado para seu e-mail. Caso voc\u00ea j\u00e1 tenha feito isso, ver\u00e1 a tela a seguir. Assim, toda vez que voc\u00ea retornar ao evento, basta fazer o login, entrar com seu e-mail e nova senha e voc\u00ea ser\u00e1 direcionado ao sistema.<\/p>\n<p>5. Ao entrar no sistema, voc\u00ea ver\u00e1 os eventos em que est\u00e1 pr\u00e9-inscrito. O pr\u00f3ximo passo agora \u00e9 escolher as atividades que quer participar. Clique ent\u00e3o no sinal de + azul para abrir o leque de op\u00e7\u00f5es de cada dia da programa\u00e7\u00e3o:<\/p>\n<p>6. Voc\u00ea ver\u00e1 todas as atividades programadas, os dias que s\u00e3o oferecidos, quem \u00e9 respons\u00e1vel e o local. Escolha qual \u00e9 a de seu interesse e clique no bot\u00e3o verde de INSCREVA-SE.<\/p>\n<p>7. Depois de clicar, o sistema mostrar\u00e1 um aviso de que voc\u00ea foi inscrito com sucesso. Clique em OK para continuar. Como o evento \u00e9 gratuito, ser\u00e1 permitido se inscrever em apenas 6 atividades.<\/p>\n<p>8. Caso queira um comprovante de sua inscri\u00e7\u00e3o, volte ao portal fechando a tela anterior e clique no bot\u00e3o da AGENDA.<\/p>\n<p>9. Ao clicar neste bot\u00e3o, uma caixa de di\u00e1logo ser\u00e1 aberta para que voc\u00ea salve um arquivo PDF no seu computador.<\/p>\n<p>10. Em qualquer momento, voc\u00ea pode retornar e consultar em quais atividades voc\u00ea est\u00e1 inscrito, basta clicar no bot\u00e3o ATIVIDADES.<\/p>\n<p>11. Clicando neste bot\u00e3o, al\u00e9m de visualizar tudo, voc\u00ea tem a op\u00e7\u00e3o de CANCELAR sua inscri\u00e7\u00e3o. Isso \u00e9 muito importante caso voc\u00ea n\u00e3o possa vir, para disponibilizar sua vaga para outro interessado. Por favor, n\u00e3o deixe de fazer isso caso desista de sua inscri\u00e7\u00e3o.<\/p>\n<p>&nbsp;<\/p>\n<p>Esperamos que o passo a passo tenha ajudado a tirar qualquer d\u00favida e aguardamos voc\u00eas!<\/p>\n","protected":false},"excerpt":{"rendered":"<p>As inscri\u00e7\u00f5es no evento e nas atividades podem ser feitas atrav\u00e9s do link abaixo: Inscri\u00e7\u00f5es EnCOTurH 2017 &nbsp; Lembramos que todas as atividades s\u00e3o gratuitas e com vagas limitadas, sendo assim, caso n\u00e3o possa participar, pedimos que cancele sua inscri\u00e7\u00e3o <a class=\"more-link\" href=\"https:\/\/eventos.ifg.edu.br\/encoturh\/inscricoes\/\">Leia mais&#8230; &raquo;<\/a><\/p>\n","protected":false},"author":14,"featured_media":0,"parent":0,"menu_order":3,"comment_status":"closed","ping_status":"closed","template":"","meta":{"ngg_post_thumbnail":0,"footnotes":""},"class_list":["post-25","page","type-page","status-publish","hentry"],"_links":{"self":[{"href":"https:\/\/eventos.ifg.edu.br\/encoturh\/wp-json\/wp\/v2\/pages\/25"}],"collection":[{"href":"https:\/\/eventos.ifg.edu.br\/encoturh\/wp-json\/wp\/v2\/pages"}],"about":[{"href":"https:\/\/eventos.ifg.edu.br\/encoturh\/wp-json\/wp\/v2\/types\/page"}],"author":[{"embeddable":true,"href":"https:\/\/eventos.ifg.edu.br\/encoturh\/wp-json\/wp\/v2\/users\/14"}],"replies":[{"embeddable":true,"href":"https:\/\/eventos.ifg.edu.br\/encoturh\/wp-json\/wp\/v2\/comments?post=25"}],"version-history":[{"count":5,"href":"https:\/\/eventos.ifg.edu.br\/encoturh\/wp-json\/wp\/v2\/pages\/25\/revisions"}],"predecessor-version":[{"id":127,"href":"https:\/\/eventos.ifg.edu.br\/encoturh\/wp-json\/wp\/v2\/pages\/25\/revisions\/127"}],"wp:attachment":[{"href":"https:\/\/eventos.ifg.edu.br\/encoturh\/wp-json\/wp\/v2\/media?parent=25"}],"curies":[{"name":"wp","href":"https:\/\/api.w.org\/{rel}","templated":true}]}}