{"id":10,"date":"2017-04-03T09:59:32","date_gmt":"2017-04-03T12:59:32","guid":{"rendered":"http:\/\/eventos.ifg.edu.br\/encoturh\/?page_id=10"},"modified":"2017-04-03T10:00:28","modified_gmt":"2017-04-03T13:00:28","slug":"chamada-de-trabalhos","status":"publish","type":"page","link":"https:\/\/eventos.ifg.edu.br\/encoturh\/chamada-de-trabalhos\/","title":{"rendered":"CHAMADA DE TRABALHOS"},"content":{"rendered":"<p><img fetchpriority=\"high\" decoding=\"async\" class=\"alignnone size-full wp-image-11\" src=\"http:\/\/eventos.ifg.edu.br\/encoturh\/wp-content\/uploads\/sites\/15\/2017\/04\/Tema-Evento_2017.jpg\" alt=\"Tema Evento_2017\" width=\"1001\" height=\"144\" \/><\/p>\n<p>A Coordena\u00e7\u00e3o de Turismo e Hospitalidade do C\u00e2mpus Goi\u00e2nia do Instituto Federal de Goi\u00e1s (IFG) convida para a submiss\u00e3o de trabalhos conforme orienta\u00e7\u00f5es a seguir.<\/p>\n<p><strong>1. CRONOGRAMA<\/strong><\/p>\n<p><strong><img decoding=\"async\" class=\"wp-image-12 aligncenter\" src=\"http:\/\/eventos.ifg.edu.br\/encoturh\/wp-content\/uploads\/sites\/15\/2017\/04\/cronograma2017.jpg\" alt=\"cronograma2017\" width=\"579\" height=\"145\" \/><\/strong><\/p>\n<p><strong>2. O EVENTO<\/strong><\/p>\n<p>O <strong>Encontro Regional de Turismo e Hospitalidade do Centro-Oeste<\/strong> <strong>(EnCOTurH) <\/strong>\u00e9 uma a\u00e7\u00e3o colaborativa do Instituto Federal de Goi\u00e1s junto \u00e0s Institui\u00e7\u00f5es de Ensino que ofertam cursos na \u00e1rea de Turismo e Hospitalidade da Regi\u00e3o Centro-Oeste do Brasil. Em sua primeira edi\u00e7\u00e3o, ser\u00e1 coordenado pelos professores dos cursos de Bacharelado em Turismo e T\u00e9cnico Integrado em Cozinha, com apoio do Laborat\u00f3rio de Turismo e Hospitalidade e do Laborat\u00f3rio Gastron\u00f4mico do C\u00e2mpus Goi\u00e2nia (IFG). Nesse grande evento ser\u00e3o incorporados outros dois em sua programa\u00e7\u00e3o: a <strong>10\u00aa Semana de Turismo e Hospitalidade do IFG e o F\u00f3rum de Coordenadores e Professores da \u00e1rea de Turismo e Hospitalidade do Centro-Oeste. <\/strong><\/p>\n<p>\u00c9 importante dizer que o EnCOTurH j\u00e1 foi apresentado \u00e0 comunidade acad\u00eamica durante o ano de 2016<a href=\"#_ftn1\" name=\"_ftnref1\">[1]<\/a>, mas n\u00e3o ocorreu em fun\u00e7\u00e3o da ades\u00e3o dos servidores \u00e0 greve geral e das manifesta\u00e7\u00f5es dos alunos que resultaram em ocupa\u00e7\u00e3o do C\u00e2mpus, onde seria realizado o evento. No momento, ficou o compromisso de reapresentarmos a proposta no ano seguinte, como se faz agora. Nesse sentido, refor\u00e7a-se que este evento j\u00e1 tem trabalhos inscritos e aprovados (estes casos ser\u00e3o tratados via e-mail pela Comiss\u00e3o Organizadora), mas foi acordado que abrir\u00edamos, por mais um breve tempo, o per\u00edodo para novas inscri\u00e7\u00f5es, dado a solicita\u00e7\u00e3o de algumas institui\u00e7\u00f5es interessadas em participar. Ressaltamos que n\u00e3o haver\u00e1 preju\u00edzo algum para os trabalhos j\u00e1 aceitos no evento e, ainda menos, para os que agora se candidatam. Todos ser\u00e3o muito bem-vindos.<\/p>\n<p><a href=\"#_ftnref1\" name=\"_ftn1\">[1]<\/a> O Encontro Regional de Turismo e Hospitalidade e o 12\u00ba Festival Gastron\u00f4mico deveriam acontecer entre os dias 05 e 08 de dezembro de 2016.<\/p>\n<p>&nbsp;<\/p>\n<p><strong>3. EIXOS TEM\u00c1TICOS PARA A APRESENTA\u00c7\u00c3O DE TRABALHOS<\/strong><\/p>\n<p><strong>Tema central: &#8220;Interfaces entre pol\u00edtica e atua\u00e7\u00e3o profissional no turismo&#8221;<br \/>\n<\/strong><\/p>\n<p><strong>Eixos Tem\u00e1ticos:<\/strong><\/p>\n<ul>\n<li>Espa\u00e7os de lazer e recrea\u00e7\u00e3o<\/li>\n<li>Turismo, patrim\u00f4nio, cultura e gastronomia<\/li>\n<li>Pol\u00edtica e planejamento de turismo<\/li>\n<li>Processos, inova\u00e7\u00f5es e organiza\u00e7\u00e3o de produtos e servi\u00e7os tur\u00edsticos<\/li>\n<li>Turismo, meio ambiente e desenvolvimento local<\/li>\n<li>Turismo, profissionaliza\u00e7\u00e3o e educa\u00e7\u00e3o<\/li>\n<\/ul>\n<p>&nbsp;<\/p>\n<p><strong>4. SUBMISS\u00c3O DE TRABALHOS<\/strong><\/p>\n<p><strong>\u00a04.1 Informa\u00e7\u00f5es Gerais<\/strong><\/p>\n<ul>\n<li>O primeiro autor dever\u00e1 enviar no <em>e-mail <\/em><a href=\"mailto:turismoegastronomia2016@gmail.com\">encoturh@ifg.edu.br<\/a> o cadastro para submiss\u00e3o de trabalhos, juntamente com o resumo, conforme modelo e devidas orienta\u00e7\u00f5es a seguir;<\/li>\n<li>No assunto do e-mail deve constar \u201cSUBMISS\u00c3O DE TRABALHO\u201d;<\/li>\n<li>N\u00e3o ser\u00e3o aceitos trabalhos recebidos ap\u00f3s o dia 12 de maio de 2017 ou sem qualquer das informa\u00e7\u00f5es solicitadas neste documento;<\/li>\n<li>Cada autor poder\u00e1 enviar at\u00e9 02 (dois) trabalhos como primeiro autor para aprecia\u00e7\u00e3o da Comiss\u00e3o Cient\u00edfica do evento. N\u00e3o ser\u00e3o aceitos resumos de pesquisas fragmentadas e com poucas contribui\u00e7\u00f5es;<\/li>\n<li>A Comiss\u00e3o Cient\u00edfica avaliar\u00e1 os trabalhos, confirmando ou n\u00e3o sua aceita\u00e7\u00e3o, em car\u00e1ter irrevog\u00e1vel, at\u00e9 dia <strong>22 de maio de 2017<\/strong>. Os trabalhos n\u00e3o ser\u00e3o devolvidos para corre\u00e7\u00e3o;<\/li>\n<li>Ser\u00e1 entregue apenas um certificado por trabalho apresentado, constando o nome de todos os autores que est\u00e3o inclu\u00eddos no resumo;<\/li>\n<li>Os resumos submetidos dever\u00e3o ser originais e apresentar resultados de projetos acad\u00eamicos ou cient\u00edficos, ou relatos de experi\u00eancia ou ainda revis\u00e3o de literatura;<\/li>\n<li>Os resumos submetidos devem refletir um dos eixos tem\u00e1ticos, e sempre que poss\u00edvel atenderem ao tema principal dos eventos.<\/li>\n<\/ul>\n<p><strong>\u00a0IMPORTANTE:<\/strong> Ao submeter o trabalho, os autores estar\u00e3o autorizando automaticamente a publica\u00e7\u00e3o do mesmo nos anais do evento.<\/p>\n<p><strong>4.2 Instru\u00e7\u00f5es para a prepara\u00e7\u00e3o dos resumos<\/strong><\/p>\n<ul>\n<li>Para a confec\u00e7\u00e3o dos resumos os autores devem atender ao modelo e \u00e0s orienta\u00e7\u00f5es apresentados no <a href=\"http:\/\/eventos.ifg.edu.br\/encoturh\/wp-content\/uploads\/sites\/15\/2017\/04\/chamada-de-trabalhos-ANEXO-1-MODELO-DE-RESUMO.docx\">ANEXO 1 &#8211; MODELO DE RESUMO<\/a><\/li>\n<\/ul>\n<p>&nbsp;<\/p>\n<p><strong>5. FORMAS DE APRESENTA\u00c7\u00c3O<\/strong><\/p>\n<p>Os autores dever\u00e3o indicar durante a submiss\u00e3o o tipo de apresenta\u00e7\u00e3o que preferem realizar, podendo ser nos seguintes formatos:<\/p>\n<ul>\n<li><strong>Comunica\u00e7\u00e3o oral<\/strong><\/li>\n<\/ul>\n<ul>\n<li>Os trabalhos aceitos ser\u00e3o apresentados por um ou mais dos autores em at\u00e9 15 minutos;<\/li>\n<li>As apresenta\u00e7\u00f5es ocorrer\u00e3o em salas que disp\u00f5em de projetor multim\u00eddia e computador, conforme programa\u00e7\u00e3o que ser\u00e1 disponibilizada no site do evento;<\/li>\n<li>A elabora\u00e7\u00e3o da apresenta\u00e7\u00e3o \u00e9 de responsabilidade do (s) autor (es) e deve ser realizada em Power Point vers\u00e3o 1997 a 2003 (superior a 24, cor preta);<\/li>\n<li>A apresenta\u00e7\u00e3o dever\u00e1 respeitar os t\u00f3picos constantes no resumo expandido e seguir o modelo do <em>template<\/em>, enviado pela Comiss\u00e3o Cient\u00edfica junto com a resposta do aceite do trabalho;<\/li>\n<li>O t\u00edtulo dever\u00e1 ser o mesmo utilizado no resumo enviado para submiss\u00e3o. As apresenta\u00e7\u00f5es poder\u00e3o conter, al\u00e9m do texto, figuras, gr\u00e1ficos, quadros e tabelas devidamente identificados.<\/li>\n<\/ul>\n<ul>\n<li><strong>P\u00f4ster<\/strong><\/li>\n<\/ul>\n<p>A confec\u00e7\u00e3o do p\u00f4ster \u00e9 de responsabilidade dos autores, seguindo as recomenda\u00e7\u00f5es descritas a seguir:<\/p>\n<ul>\n<li>Os trabalhos apresentados na forma de p\u00f4ster dever\u00e3o ter as dimens\u00f5es: 0,90 metros de largura x 1,20 metros de altura, impress\u00e3o de alta qualidade em papel ou lona, e seguir o modelo do <em>template<\/em>, enviado pela Comiss\u00e3o Cient\u00edfica junto com a resposta do aceite do trabalho;<\/li>\n<li>O texto deve ser sucinto, claro e objetivo; e dever\u00e1 conter as mesmas informa\u00e7\u00f5es do resumo expandido incluindo as principais refer\u00eancias;<\/li>\n<li>Recomenda-se utilizar figuras (fotografias, gr\u00e1ficos, tabelas, quadros, mapas e outros);<\/li>\n<li>O apresentador, obrigatoriamente, dever\u00e1 estar \u00e0 disposi\u00e7\u00e3o para esclarecimentos ao p\u00fablico nos hor\u00e1rios estabelecidos para apresenta\u00e7\u00e3o dos trabalhos, conforme escala previamente fixada pela organiza\u00e7\u00e3o do evento e disponibilizada com anteced\u00eancia. O hor\u00e1rio programado pela organiza\u00e7\u00e3o do evento para a apresenta\u00e7\u00e3o do p\u00f4ster\/banner n\u00e3o poder\u00e1 ser alterado pelo autor.<\/li>\n<li>\u00c9 vetada a apresenta\u00e7\u00e3o do p\u00f4ster\/banner:<\/li>\n<\/ul>\n<ol>\n<li>Por terceiros (n\u00e3o autores);<\/li>\n<li>Somente oral ou perform\u00e1tica (sem o p\u00f4ster);<\/li>\n<li>Trabalhos impressos fora do modelo estabelecido;<\/li>\n<li>Com retroprojetor, computador, microfone e outros equipamentos el\u00e9tricos e eletr\u00f4nicos espec\u00edficos apenas para apresenta\u00e7\u00e3o oral;<\/li>\n<li>Com aparelhos e instrumentos sonoros que interfiram na comunica\u00e7\u00e3o dos autores da sess\u00e3o.<\/li>\n<\/ol>\n<p>&nbsp;<\/p>\n<p><strong>6. CRIT\u00c9RIOS DE AVALIA\u00c7\u00c3O<\/strong><\/p>\n<ul>\n<li>Relev\u00e2ncia te\u00f3rica e conceitual;<\/li>\n<li>Abordagem contempor\u00e2nea;<\/li>\n<li>Cumprimento das regras de submiss\u00e3o e apresenta\u00e7\u00e3o;<\/li>\n<li>Adequa\u00e7\u00e3o metodol\u00f3gica;<\/li>\n<li>Enquadramento nos eixos tem\u00e1ticos do evento;<\/li>\n<li>Integra\u00e7\u00e3o ao tema central e aos eixos tem\u00e1ticos do evento.<\/li>\n<\/ul>\n<p>&nbsp;<\/p>\n<p><strong>7. D\u00daVIDAS SOBRE O PROCESSO DE SUBMISS\u00c3O OU EVENTOS<\/strong><\/p>\n<p>Enviar e-mail com assunto \u201cD\u00daVIDA SUBMISS\u00c3O\u201d para: <a href=\"mailto:encoturh@ifg.edu.br\"><strong>encoturh@ifg.edu.br<\/strong><\/a><\/p>\n<p>&nbsp;<\/p>\n<p><strong>8. ARQUIVOS IMPORTANTES PARA DOWNLOAD:<\/strong><\/p>\n<p><a href=\"http:\/\/eventos.ifg.edu.br\/encoturh\/wp-content\/uploads\/sites\/15\/2017\/04\/chamada-de-trabalhos-ANEXO-1-MODELO-DE-RESUMO.docx\">ANEXO 1 &#8211; MODELO DE RESUMO<\/a><\/p>\n<p><a href=\"http:\/\/eventos.ifg.edu.br\/encoturh\/wp-content\/uploads\/sites\/15\/2017\/04\/chamada-de-trabalhos-ANEXO-2-CADASTRO-PARA-SUBMISS\u00c3O-DE-TRABALHO.docx\">ANEXO 2 &#8211; CADASTRO PARA SUBMISS\u00c3O DE TRABALHO<\/a><\/p>\n<p><a href=\"http:\/\/eventos.ifg.edu.br\/encoturh\/wp-content\/uploads\/sites\/15\/2017\/04\/chamada-de-trabalhos-NORMAS.docx\">chamada de trabalhos NORMAS COMPLETAS<\/a><\/p>\n","protected":false},"excerpt":{"rendered":"<p>A Coordena\u00e7\u00e3o de Turismo e Hospitalidade do C\u00e2mpus Goi\u00e2nia do Instituto Federal de Goi\u00e1s (IFG) convida para a submiss\u00e3o de trabalhos conforme orienta\u00e7\u00f5es a seguir. 1. CRONOGRAMA 2. O EVENTO O Encontro Regional de Turismo e Hospitalidade do Centro-Oeste (EnCOTurH) <a class=\"more-link\" href=\"https:\/\/eventos.ifg.edu.br\/encoturh\/chamada-de-trabalhos\/\">Leia mais&#8230; &raquo;<\/a><\/p>\n","protected":false},"author":14,"featured_media":0,"parent":0,"menu_order":1,"comment_status":"closed","ping_status":"closed","template":"","meta":{"ngg_post_thumbnail":0,"footnotes":""},"class_list":["post-10","page","type-page","status-publish","hentry"],"_links":{"self":[{"href":"https:\/\/eventos.ifg.edu.br\/encoturh\/wp-json\/wp\/v2\/pages\/10"}],"collection":[{"href":"https:\/\/eventos.ifg.edu.br\/encoturh\/wp-json\/wp\/v2\/pages"}],"about":[{"href":"https:\/\/eventos.ifg.edu.br\/encoturh\/wp-json\/wp\/v2\/types\/page"}],"author":[{"embeddable":true,"href":"https:\/\/eventos.ifg.edu.br\/encoturh\/wp-json\/wp\/v2\/users\/14"}],"replies":[{"embeddable":true,"href":"https:\/\/eventos.ifg.edu.br\/encoturh\/wp-json\/wp\/v2\/comments?post=10"}],"version-history":[{"count":1,"href":"https:\/\/eventos.ifg.edu.br\/encoturh\/wp-json\/wp\/v2\/pages\/10\/revisions"}],"predecessor-version":[{"id":16,"href":"https:\/\/eventos.ifg.edu.br\/encoturh\/wp-json\/wp\/v2\/pages\/10\/revisions\/16"}],"wp:attachment":[{"href":"https:\/\/eventos.ifg.edu.br\/encoturh\/wp-json\/wp\/v2\/media?parent=10"}],"curies":[{"name":"wp","href":"https:\/\/api.w.org\/{rel}","templated":true}]}}