{"id":89,"date":"2018-07-25T19:32:24","date_gmt":"2018-07-25T22:32:24","guid":{"rendered":"http:\/\/eventos.ifg.edu.br\/encontropsicologosifs\/?page_id=89"},"modified":"2018-08-02T12:49:15","modified_gmt":"2018-08-02T15:49:15","slug":"o-que-curtir","status":"publish","type":"page","link":"https:\/\/eventos.ifg.edu.br\/encontropsicologosifs\/a-cidade-de-goiania\/o-que-curtir\/","title":{"rendered":"O que curtir?"},"content":{"rendered":"<p>Em breve informa\u00e7\u00f5es sobre atividades de lazer na cidade de Goi\u00e2nia!<\/p>\n","protected":false},"excerpt":{"rendered":"<p>Em breve informa\u00e7\u00f5es sobre atividades de lazer na cidade de Goi\u00e2nia!<\/p>\n","protected":false},"author":89,"featured_media":0,"parent":24,"menu_order":3,"comment_status":"closed","ping_status":"closed","template":"","meta":{"ngg_post_thumbnail":0,"footnotes":""},"class_list":["post-89","page","type-page","status-publish","hentry"],"_links":{"self":[{"href":"https:\/\/eventos.ifg.edu.br\/encontropsicologosifs\/wp-json\/wp\/v2\/pages\/89"}],"collection":[{"href":"https:\/\/eventos.ifg.edu.br\/encontropsicologosifs\/wp-json\/wp\/v2\/pages"}],"about":[{"href":"https:\/\/eventos.ifg.edu.br\/encontropsicologosifs\/wp-json\/wp\/v2\/types\/page"}],"author":[{"embeddable":true,"href":"https:\/\/eventos.ifg.edu.br\/encontropsicologosifs\/wp-json\/wp\/v2\/users\/89"}],"replies":[{"embeddable":true,"href":"https:\/\/eventos.ifg.edu.br\/encontropsicologosifs\/wp-json\/wp\/v2\/comments?post=89"}],"version-history":[{"count":2,"href":"https:\/\/eventos.ifg.edu.br\/encontropsicologosifs\/wp-json\/wp\/v2\/pages\/89\/revisions"}],"predecessor-version":[{"id":139,"href":"https:\/\/eventos.ifg.edu.br\/encontropsicologosifs\/wp-json\/wp\/v2\/pages\/89\/revisions\/139"}],"up":[{"embeddable":true,"href":"https:\/\/eventos.ifg.edu.br\/encontropsicologosifs\/wp-json\/wp\/v2\/pages\/24"}],"wp:attachment":[{"href":"https:\/\/eventos.ifg.edu.br\/encontropsicologosifs\/wp-json\/wp\/v2\/media?parent=89"}],"curies":[{"name":"wp","href":"https:\/\/api.w.org\/{rel}","templated":true}]}}