{"id":87,"date":"2018-07-25T19:31:56","date_gmt":"2018-07-25T22:31:56","guid":{"rendered":"http:\/\/eventos.ifg.edu.br\/encontropsicologosifs\/?page_id=87"},"modified":"2018-09-25T11:59:28","modified_gmt":"2018-09-25T14:59:28","slug":"pontos-turisticos","status":"publish","type":"page","link":"https:\/\/eventos.ifg.edu.br\/encontropsicologosifs\/a-cidade-de-goiania\/pontos-turisticos\/","title":{"rendered":"Pontos Tur\u00edsticos"},"content":{"rendered":"<p><strong>Parque Flamboyant&nbsp;<\/strong><\/p>\n<div class=\"mod\">\n<div class=\"hb8SAc kno-fb-ctx\">\n<div class=\"r-izscqBWJLBY0\">\n<div class=\"kno-rdesc r-iMPVsZFnLVZ0\">\n<div>Situado no Jardim Goi\u00e1s, pr\u00f3ximo ao est\u00e1dio Serra Dourada, o Parque Flamboyant Lourival Louza foi constru\u00eddo numa \u00e1rea de mais de 125 mil metros quadrados que pertencia ao Flamboyant Shopping Center. O parque possui dois lagos, pista para caminhada, pista para ciclismo e parque infantil, entre outras atra\u00e7\u00f5es.&nbsp;<\/div>\n<\/div>\n<\/div>\n<\/div>\n<\/div>\n<div class=\"mod\">&nbsp;<\/div>\n<div class=\"mod\">\n<div class=\"Z1hOCe\">\n<div class=\"zloOqf kno-fb-ctx\">\n<p><span class=\"w8qArf\"><a class=\"fl\" href=\"https:\/\/www.google.com.br\/search?sa=X&amp;biw=1280&amp;bih=864&amp;q=parque+flamboyant+endere%C3%A7o&amp;stick=H4sIAAAAAAAAAOPgE-LRT9c3rMwwj68wz8rSks1OttLPyU9OLMnMz4MzrBJTUopSi4sBk-CeWy8AAAA&amp;ludocid=6734112140212919482&amp;ved=2ahUKEwi65d3wsdbdAhVKGZAKHRSgAkoQ6BMwHnoECAoQJQ\">Endere\u00e7o<\/a>:&nbsp;<\/span><span class=\"LrzXr\">R. 15, 103-157 &#8211; Jardim Goi\u00e1s, Goi\u00e2nia &#8211; GO, 74810-080<\/span><\/p>\n<p><span class=\"w8qArf\"><a class=\"fl\" href=\"https:\/\/www.google.com.br\/search?sa=X&amp;biw=1280&amp;bih=864&amp;q=parque+flamboyant+hor%C3%A1rio&amp;ludocid=6734112140212919482&amp;ved=2ahUKEwi65d3wsdbdAhVKGZAKHRSgAkoQ6BMwH3oECAoQKA\">Hor\u00e1rio<\/a>:&nbsp;<\/span><b>Aberto 24 horas<\/b><\/p>\n<p>&nbsp;<\/p>\n<\/div>\n<\/div>\n<\/div>\n","protected":false},"excerpt":{"rendered":"<p>Parque Flamboyant&nbsp; Situado no Jardim Goi\u00e1s, pr\u00f3ximo ao est\u00e1dio Serra Dourada, o Parque Flamboyant Lourival Louza foi constru\u00eddo numa \u00e1rea de mais de 125 mil metros quadrados que pertencia ao Flamboyant Shopping Center. O parque possui dois lagos, pista para caminhada, pista para ciclismo e parque infantil, entre outras atra\u00e7\u00f5es.&nbsp; &nbsp; Endere\u00e7o:&nbsp;R. 15, 103-157 &#8211; <a class=\"more-link\" href=\"https:\/\/eventos.ifg.edu.br\/encontropsicologosifs\/a-cidade-de-goiania\/pontos-turisticos\/\">&hellip; Continue lendo&hellip; &rarr;<\/a><\/p>\n","protected":false},"author":89,"featured_media":189,"parent":24,"menu_order":4,"comment_status":"closed","ping_status":"closed","template":"","meta":{"ngg_post_thumbnail":0,"footnotes":""},"class_list":["post-87","page","type-page","status-publish","has-post-thumbnail","hentry"],"_links":{"self":[{"href":"https:\/\/eventos.ifg.edu.br\/encontropsicologosifs\/wp-json\/wp\/v2\/pages\/87"}],"collection":[{"href":"https:\/\/eventos.ifg.edu.br\/encontropsicologosifs\/wp-json\/wp\/v2\/pages"}],"about":[{"href":"https:\/\/eventos.ifg.edu.br\/encontropsicologosifs\/wp-json\/wp\/v2\/types\/page"}],"author":[{"embeddable":true,"href":"https:\/\/eventos.ifg.edu.br\/encontropsicologosifs\/wp-json\/wp\/v2\/users\/89"}],"replies":[{"embeddable":true,"href":"https:\/\/eventos.ifg.edu.br\/encontropsicologosifs\/wp-json\/wp\/v2\/comments?post=87"}],"version-history":[{"count":4,"href":"https:\/\/eventos.ifg.edu.br\/encontropsicologosifs\/wp-json\/wp\/v2\/pages\/87\/revisions"}],"predecessor-version":[{"id":188,"href":"https:\/\/eventos.ifg.edu.br\/encontropsicologosifs\/wp-json\/wp\/v2\/pages\/87\/revisions\/188"}],"up":[{"embeddable":true,"href":"https:\/\/eventos.ifg.edu.br\/encontropsicologosifs\/wp-json\/wp\/v2\/pages\/24"}],"wp:featuredmedia":[{"embeddable":true,"href":"https:\/\/eventos.ifg.edu.br\/encontropsicologosifs\/wp-json\/wp\/v2\/media\/189"}],"wp:attachment":[{"href":"https:\/\/eventos.ifg.edu.br\/encontropsicologosifs\/wp-json\/wp\/v2\/media?parent=87"}],"curies":[{"name":"wp","href":"https:\/\/api.w.org\/{rel}","templated":true}]}}