{"id":8,"date":"2018-07-20T16:31:41","date_gmt":"2018-07-20T19:31:41","guid":{"rendered":"http:\/\/eventos.ifg.edu.br\/encontropsicologosifs\/?page_id=8"},"modified":"2018-10-15T12:25:21","modified_gmt":"2018-10-15T15:25:21","slug":"programacao","status":"publish","type":"page","link":"https:\/\/eventos.ifg.edu.br\/encontropsicologosifs\/programacao\/","title":{"rendered":"PROGRAMA\u00c7\u00c3O"},"content":{"rendered":"<p><a href=\"http:\/\/eventos.ifg.edu.br\/encontropsicologosifs\/wp-content\/uploads\/sites\/42\/2018\/07\/programa\u00e7\u00e3o.pdf\">programa\u00e7\u00e3o<\/a><\/p>\n<p class=\"western\" align=\"center\"><span style=\"font-family: 'Times New Roman', serif\"><span style=\"font-size: large\"><b>III ENCONTRO NACIONAL DOS PSIC\u00d3LOGOS DOS INSTITUTOS FEDERAIS<\/b><\/span><\/span><\/p>\n<p class=\"western\" align=\"center\"><span style=\"font-family: 'Times New Roman', serif\"><span style=\"font-size: large\"><b>ACESSE A PROGRAMA\u00c7\u00c3O COMPLETA CLICANDO<\/b><\/span><\/span><a href=\"http:\/\/eventos.ifg.edu.br\/encontropsicologosifs\/wp-content\/uploads\/sites\/42\/2018\/10\/Programacao-encontro05.10.18_final.pdf\"><span style=\"font-family: 'Times New Roman', serif\"><span style=\"font-size: large\"><b> AQUI!<\/b><\/span><\/span><\/a><\/p>\n<p class=\"western\" align=\"center\">&nbsp;<\/p>\n<p class=\"western\" align=\"center\"><!--more--><\/p>\n<table width=\"683\" cellspacing=\"0\" cellpadding=\"0\">\n<colgroup>\n<col width=\"59\">\n<col width=\"622\"> <\/colgroup>\n<tbody>\n<tr>\n<td style=\"background: #d9d9d9\" colspan=\"2\" valign=\"top\" bgcolor=\"#d9d9d9\" width=\"681\">\n<p class=\"western\" align=\"center\"><span style=\"font-family: 'Times New Roman', serif\"><span style=\"font-size: large\"><b>Dia 17\/10<\/b><\/span><\/span><\/p>\n<\/td>\n<\/tr>\n<tr valign=\"top\">\n<td width=\"59\">\n<p class=\"western\"><span style=\"font-family: 'Times New Roman', serif\"><span style=\"font-size: medium\">8h <\/span><\/span><\/p>\n<p class=\"western\"><span style=\"font-family: 'Times New Roman', serif\"><span style=\"font-size: medium\">8h30<\/span><\/span><\/p>\n<\/td>\n<td width=\"622\">\n<p class=\"western\" align=\"center\"><span style=\"font-family: 'Times New Roman', serif\"><span style=\"font-size: medium\">Recep\u00e7\u00e3o e credenciamento<\/span><\/span><\/p>\n<p class=\"western\" align=\"center\"><strong>Teatro do IFG &#8211; C\u00e2mpus Goi\u00e2nia<\/strong><\/p>\n<\/td>\n<\/tr>\n<tr valign=\"top\">\n<td width=\"59\">\n<p class=\"western\"><span style=\"font-family: 'Times New Roman', serif\"><span style=\"font-size: medium\">8h30 <\/span><\/span><\/p>\n<p class=\"western\"><span style=\"font-family: 'Times New Roman', serif\"><span style=\"font-size: medium\">9h <\/span><\/span><\/p>\n<\/td>\n<td width=\"622\">\n<p class=\"western\" align=\"center\"><span style=\"font-family: 'Times New Roman', serif\"><span style=\"font-size: medium\">Apresenta\u00e7\u00e3o cultural<\/span><\/span><\/p>\n<p class=\"western\" align=\"center\"><strong>Grupo&nbsp;&#8220;Casca Grossa&#8221; &#8211;&nbsp;Chorinho do IFG-C\u00e2mpus Goi\u00e2nia<\/strong><\/p>\n<p class=\"western\" align=\"center\"><strong>Apresenta\u00e7\u00e3o do Hino Nacional&nbsp;&#8211; Prof. Dr. Marcelo Eterno (IFG)<\/strong><\/p>\n<\/td>\n<\/tr>\n<tr valign=\"top\">\n<td width=\"59\">\n<p class=\"western\"><span style=\"font-family: 'Times New Roman', serif\"><span style=\"font-size: medium\">9h <\/span><\/span><\/p>\n<p class=\"western\"><span style=\"font-family: 'Times New Roman', serif\"><span style=\"font-size: medium\">9h30<\/span><\/span><\/p>\n<\/td>\n<td width=\"622\">\n<p class=\"western\"><span style=\"font-family: 'Times New Roman', serif\"><span style=\"font-size: medium\">Mesa de abertura. <\/span><\/span><span style=\"color: #000000\">Participa\u00e7\u00e3o do&nbsp;Magn\u00edfico Reitor do IFG, Prof. Jer\u00f4nimo Rodrigues da Silva; do Pr\u00f3-Reitor de Desenvolvimento Institucional, Amaury Fran\u00e7a Ara\u00fajo; da Pr\u00f3-Reitora de Ensino, Prof\u00aa. Oneida Cristina Gomes Barcelos Irigon; da Diretora Geral do C\u00e2mpus Goi\u00e2nia (sede do encontro), Prof\u00aa. Maria de Lourdes Magalh\u00e3es; do\/a Representante do Conselho Regional de Psicologia e do\/a Representante da Comiss\u00e3o Organizadora do Encontro, Rose Helen Shimabuku Rodrigues Bastos. <\/span><\/p>\n<\/td>\n<\/tr>\n<tr valign=\"top\">\n<td width=\"59\">\n<p class=\"western\"><span style=\"font-family: 'Times New Roman', serif\"><span style=\"font-size: medium\">9h30 <\/span><\/span><\/p>\n<p class=\"western\"><span style=\"font-family: 'Times New Roman', serif\"><span style=\"font-size: medium\">10h30<\/span><\/span><\/p>\n<p class=\"western\"><span style=\"font-family: 'Times New Roman', serif\"><span style=\"font-size: medium\">10h30<\/span><\/span><\/p>\n<p class=\"western\"><span style=\"font-family: 'Times New Roman', serif\"><span style=\"font-size: medium\">11h30<\/span><\/span><\/p>\n<p class=\"western\"><span style=\"font-family: 'Times New Roman', serif\"><span style=\"font-size: medium\">11h30 <\/span><\/span><\/p>\n<p class=\"western\"><span style=\"font-family: 'Times New Roman', serif\"><span style=\"font-size: medium\">12h30<\/span><\/span><\/p>\n<\/td>\n<td width=\"622\">\n<p class=\"western\"><span style=\"font-family: 'Times New Roman', serif\"><span style=\"font-size: medium\"><b>Confer\u00eancia de abertura<\/b><\/span><\/span><\/p>\n<p class=\"western\" align=\"justify\"><span style=\"font-family: 'Times New Roman', serif\"><span style=\"font-size: medium\"><b>Tema:<\/b><\/span><\/span><span style=\"font-family: 'Times New Roman', serif\"><span style=\"font-size: medium\"> Foco na a\u00e7\u00e3o preventiva ou foco nas emerg\u00eancias? Contradi\u00e7\u00f5es no contexto educacional.<\/span><\/span><\/p>\n<p class=\"western\" align=\"justify\"><span style=\"font-family: 'Times New Roman', serif\"><span style=\"font-size: medium\"><b>Palestrante:<\/b><\/span><\/span><span style=\"font-family: 'Times New Roman', serif\"><span style=\"font-size: medium\"> Prof. Dr. Marcelo da Silva Ara\u00fajo Tavares (Unb)<\/span><\/span><\/p>\n<p class=\"western\" align=\"justify\"><span style=\"font-family: 'Times New Roman', serif\"><span style=\"font-size: medium\"><b>Tema:<\/b><\/span><\/span><span style=\"font-family: 'Times New Roman', serif\"><span style=\"font-size: medium\"> A Psicologia no enfrentamento \u00e0s viol\u00eancias no contexto educativo.<\/span><\/span><\/p>\n<p class=\"western\" align=\"justify\"><span style=\"font-family: 'Times New Roman', serif\"><span style=\"font-size: medium\"><b>Palestrante<\/b><\/span><\/span><span style=\"font-family: 'Times New Roman', serif\"><span style=\"font-size: medium\">: Prof\u00aa. Dr.\u00aa Ionara Vieira Moura Rabelo (UFG\/Presidente do CRP \u2013 9\u00aa Regi\u00e3o)<\/span><\/span><\/p>\n<p class=\"western\"><span style=\"font-family: 'Times New Roman', serif\"><span style=\"font-size: medium\">Debate <\/span><\/span><\/p>\n<\/td>\n<\/tr>\n<tr valign=\"top\">\n<td width=\"59\">\n<p class=\"western\"><span style=\"font-family: 'Times New Roman', serif\"><span style=\"font-size: medium\">12h30 <\/span><\/span><\/p>\n<p class=\"western\"><span style=\"font-family: 'Times New Roman', serif\"><span style=\"font-size: medium\">14h15<\/span><\/span><\/p>\n<\/td>\n<td width=\"622\">\n<p class=\"western\"><span style=\"font-family: 'Times New Roman', serif\"><span style=\"font-size: medium\"><b>Almo\u00e7o<\/b><\/span><\/span><\/p>\n<p class=\"western\">&nbsp;<\/p>\n<\/td>\n<\/tr>\n<tr valign=\"top\">\n<td width=\"59\">\n<p class=\"western\"><span style=\"font-family: 'Times New Roman', serif\"><span style=\"font-size: medium\">14h30 <\/span><\/span><\/p>\n<p class=\"western\"><span style=\"font-family: 'Times New Roman', serif\"><span style=\"font-size: medium\">16h15<\/span><\/span><\/p>\n<p class=\"western\">Intervalo<\/p>\n<p class=\"western\"><span style=\"font-family: 'Times New Roman', serif\"><span style=\"font-size: medium\">16h30<\/span><\/span><\/p>\n<p class=\"western\"><span style=\"font-family: 'Times New Roman', serif\"><span style=\"font-size: medium\">18h30<\/span><\/span><\/p>\n<\/td>\n<td width=\"622\">\n<p class=\"western\">&nbsp;<\/p>\n<p class=\"western\">&nbsp;<\/p>\n<p class=\"western\"><span style=\"font-family: 'Times New Roman', serif\"><span style=\"font-size: medium\"><b>Apresenta\u00e7\u00e3o de comunica\u00e7\u00e3o breve de pesquisa e relatos de experi\u00eancia <\/b><\/span><\/span><\/p>\n<\/td>\n<\/tr>\n<\/tbody>\n<\/table>\n<table width=\"683\" cellspacing=\"0\" cellpadding=\"0\">\n<colgroup>\n<col width=\"59\">\n<col width=\"622\"> <\/colgroup>\n<tbody>\n<tr>\n<td style=\"background: #d9d9d9\" colspan=\"2\" valign=\"top\" bgcolor=\"#d9d9d9\" width=\"681\">\n<p class=\"western\" align=\"center\"><span style=\"font-family: 'Times New Roman', serif\"><span style=\"font-size: large\"><b>Dia 18\/10<\/b><\/span><\/span><\/p>\n<\/td>\n<\/tr>\n<tr valign=\"top\">\n<td width=\"59\">\n<p class=\"western\"><span style=\"font-family: 'Times New Roman', serif\"><span style=\"font-size: medium\">8h \u2013 10h <\/span><\/span><\/p>\n<\/td>\n<td width=\"622\">\n<p class=\"western\"><span style=\"font-family: 'Times New Roman', serif\"><span style=\"font-size: medium\"><b>Workshop:<\/b><\/span><\/span><span style=\"font-family: 'Times New Roman', serif\"><span style=\"font-size: medium\"> SER psic\u00f3logo nos Institutos Federais&#8230; tecendo e destecendo em prol de melhor qualidade de vida. <\/span><\/span><\/p>\n<p class=\"western\" lang=\"en-US\"><span style=\"font-family: 'Times New Roman', serif\"><span style=\"font-size: medium\">Prof. Ms. Wadson Arantes Gama \u2013 PUC-Go<\/span><\/span><\/p>\n<\/td>\n<\/tr>\n<tr valign=\"top\">\n<td width=\"59\">\n<p class=\"western\"><span style=\"font-family: 'Times New Roman', serif\"><span style=\"font-size: medium\">10h \u2013 10h20<\/span><\/span><\/p>\n<\/td>\n<td width=\"622\">\n<p class=\"western\"><span style=\"font-family: 'Times New Roman', serif\"><span style=\"font-size: medium\">Intervalo <\/span><\/span><\/p>\n<\/td>\n<\/tr>\n<tr valign=\"top\">\n<td width=\"59\">\n<p class=\"western\"><span style=\"font-family: 'Times New Roman', serif\"><span style=\"font-size: medium\">10h20 \u2013 12:30<\/span><\/span><\/p>\n<\/td>\n<td width=\"622\">\n<p class=\"western\" align=\"justify\"><span style=\"font-family: 'Times New Roman', serif\"><span style=\"font-size: medium\"><b>OFICINA:<\/b><\/span><\/span><span style=\"font-family: 'Times New Roman', serif\"><span style=\"font-size: medium\"> Orienta\u00e7\u00f5es \u00e9ticas e t\u00e9cnicas para o trabalho dos psic\u00f3logos dos institutos federais: atua\u00e7\u00e3o \u00e9tica e elabora\u00e7\u00e3o de documentos t\u00e9cnicos.<\/span><\/span><\/p>\n<p class=\"western\" align=\"justify\"><span style=\"font-family: 'Times New Roman', serif\"><span style=\"font-size: medium\">Comiss\u00e3o do Conselho Regional de Psicologia &#8211; CRP<\/span><\/span><\/p>\n<p class=\"western\"><span style=\"font-family: 'Times New Roman', serif\"><span style=\"font-size: medium\">Mediadora: Gerley Lopes Cardoso &#8211; Psic\u00f3loga do IFG<\/span><\/span><\/p>\n<\/td>\n<\/tr>\n<tr valign=\"top\">\n<td width=\"59\">\n<p class=\"western\"><span style=\"font-family: 'Times New Roman', serif\"><span style=\"font-size: medium\">12h30 <\/span><\/span><\/p>\n<p class=\"western\"><span style=\"font-family: 'Times New Roman', serif\"><span style=\"font-size: medium\">14h30 <\/span><\/span><\/p>\n<\/td>\n<td width=\"622\">\n<p class=\"western\"><span style=\"font-family: 'Times New Roman', serif\"><span style=\"font-size: medium\"><b>Almo\u00e7o <\/b><\/span><\/span><\/p>\n<\/td>\n<\/tr>\n<tr valign=\"top\">\n<td width=\"59\">\n<p class=\"western\">&nbsp;<\/p>\n<p class=\"western\"><span style=\"font-family: 'Times New Roman', serif\"><span style=\"font-size: medium\">14h30<\/span><\/span><\/p>\n<p class=\"western\"><span style=\"font-family: 'Times New Roman', serif\"><span style=\"font-size: medium\">16h15<\/span><\/span><\/p>\n<p class=\"western\">Intervalo<\/p>\n<p class=\"western\"><span style=\"font-family: 'Times New Roman', serif\"><span style=\"font-size: medium\">16h30<\/span><\/span><\/p>\n<p class=\"western\"><span style=\"font-family: 'Times New Roman', serif\"><span style=\"font-size: medium\">18h30<\/span><\/span><\/p>\n<\/td>\n<td width=\"622\">\n<p class=\"western\">&nbsp;<\/p>\n<p class=\"western\">&nbsp;<\/p>\n<p class=\"western\">&nbsp;<\/p>\n<p class=\"western\"><span style=\"font-family: 'Times New Roman', serif\"><span style=\"font-size: medium\"><b>Apresenta\u00e7\u00e3o de comunica\u00e7\u00e3o breve de pesquisa e relatos de experi\u00eancia <\/b><\/span><\/span><\/p>\n<\/td>\n<\/tr>\n<\/tbody>\n<\/table>\n<table width=\"683\" cellspacing=\"0\" cellpadding=\"0\">\n<colgroup>\n<col width=\"59\">\n<col width=\"622\"> <\/colgroup>\n<tbody>\n<tr>\n<td style=\"background: #d9d9d9\" colspan=\"2\" valign=\"top\" bgcolor=\"#d9d9d9\" width=\"681\">\n<p class=\"western\" align=\"center\"><span style=\"font-family: 'Times New Roman', serif\"><span style=\"font-size: large\"><b>Dia 19\/10<\/b><\/span><\/span><\/p>\n<\/td>\n<\/tr>\n<tr valign=\"top\">\n<td width=\"59\">\n<p class=\"western\"><span style=\"font-family: 'Times New Roman', serif\"><span style=\"font-size: medium\">8h \u2013 10h <\/span><\/span><\/p>\n<\/td>\n<td width=\"622\">\n<p class=\"western\" align=\"justify\"><span style=\"font-family: 'Times New Roman', serif\"><span style=\"font-size: medium\"><b>Perspectivas da Psicologia na Educa\u00e7\u00e3o: desafios de uma atua\u00e7\u00e3o coletiva e colaborativa.<\/b><\/span><\/span><\/p>\n<p class=\"western\" lang=\"es-ES\" align=\"justify\"><span style=\"font-family: 'Times New Roman', serif\"><span style=\"font-size: medium\">Prof\u00aa. Dr\u00aa. Alba Santana (UFG)<\/span><\/span><\/p>\n<\/td>\n<\/tr>\n<tr valign=\"top\">\n<td width=\"59\">\n<p class=\"western\"><span style=\"font-family: 'Times New Roman', serif\"><span style=\"font-size: medium\">10h \u2013 10h20<\/span><\/span><\/p>\n<\/td>\n<td width=\"622\">\n<p class=\"western\" align=\"justify\"><span style=\"font-family: 'Times New Roman', serif\"><span style=\"font-size: medium\">Intervalo <\/span><\/span><\/p>\n<\/td>\n<\/tr>\n<tr valign=\"top\">\n<td width=\"59\">\n<p class=\"western\"><span style=\"font-family: 'Times New Roman', serif\"><span style=\"font-size: medium\">10h20 \u2013 12:30<\/span><\/span><\/p>\n<\/td>\n<td width=\"622\">\n<p class=\"western\" align=\"justify\"><span style=\"font-family: 'Times New Roman', serif\"><span style=\"font-size: medium\"><b>Grupo de discuss\u00e3o:<\/b><\/span><\/span><span style=\"font-family: 'Times New Roman', serif\"><span style=\"font-size: medium\"> Refer\u00eancias t\u00e9cnicas para atua\u00e7\u00e3o profissional dos psic\u00f3logos nos Institutos Federais. <\/span><\/span><\/p>\n<\/td>\n<\/tr>\n<tr valign=\"top\">\n<td width=\"59\">\n<p class=\"western\"><span style=\"font-family: 'Times New Roman', serif\"><span style=\"font-size: medium\">12h30 <\/span><\/span><\/p>\n<p class=\"western\"><span style=\"font-family: 'Times New Roman', serif\"><span style=\"font-size: medium\">14h30 <\/span><\/span><\/p>\n<\/td>\n<td width=\"622\">\n<p class=\"western\"><span style=\"font-family: 'Times New Roman', serif\"><span style=\"font-size: medium\"><b>Almo\u00e7o <\/b><\/span><\/span><\/p>\n<\/td>\n<\/tr>\n<tr valign=\"top\">\n<td width=\"59\">\n<p class=\"western\"><span style=\"font-family: 'Times New Roman', serif\"><span style=\"font-size: medium\">14h30 <\/span><\/span><\/p>\n<p class=\"western\"><span style=\"font-family: 'Times New Roman', serif\"><span style=\"font-size: medium\">16h15<\/span><\/span><\/p>\n<\/td>\n<td width=\"622\">\n<p class=\"western\">&nbsp;<\/p>\n<p class=\"western\"><span style=\"font-family: 'Times New Roman', serif\"><span style=\"font-size: medium\"><b>Apresenta\u00e7\u00e3o de comunica\u00e7\u00e3o breve de pesquisa e relatos de experi\u00eancia <\/b><\/span><\/span><\/p>\n<\/td>\n<\/tr>\n<\/tbody>\n<\/table>\n<table width=\"683\" cellspacing=\"0\" cellpadding=\"0\">\n<colgroup>\n<col width=\"59\">\n<col width=\"622\"> <\/colgroup>\n<tbody>\n<tr valign=\"top\">\n<td width=\"59\">\n<p class=\"western\"><span style=\"font-family: 'Times New Roman', serif\"><span style=\"font-size: medium\">16h15<\/span><\/span><\/p>\n<p class=\"western\"><span style=\"font-family: 'Times New Roman', serif\"><span style=\"font-size: medium\">16h30<\/span><\/span><\/p>\n<\/td>\n<td width=\"622\">\n<p class=\"western\">&nbsp;<\/p>\n<p class=\"western\"><span style=\"font-family: 'Times New Roman', serif\"><span style=\"font-size: medium\"><b>Intervalo <\/b><\/span><\/span><\/p>\n<\/td>\n<\/tr>\n<tr valign=\"top\">\n<td width=\"59\">\n<p class=\"western\"><span style=\"font-family: 'Times New Roman', serif\"><span style=\"font-size: medium\">16h30<\/span><\/span><\/p>\n<p class=\"western\"><span style=\"font-family: 'Times New Roman', serif\"><span style=\"font-size: medium\">18h30<\/span><\/span><\/p>\n<\/td>\n<td width=\"622\">\n<p class=\"western\"><span style=\"font-family: 'Times New Roman', serif\"><b>Apresenta\u00e7\u00e3o do Livro: <\/b><\/span><\/p>\n<p class=\"western\"><span style=\"font-family: 'Times New Roman', serif\">PR\u00c1TICAS EM PSICOLOGIA ESCOLAR: DO ENSINO T\u00c9CNICO AO SUPERIOR. Volumes 5, 6, 7 e 8.<\/span><\/p>\n<\/td>\n<\/tr>\n<\/tbody>\n<\/table>\n<p class=\"western\" align=\"center\">&nbsp;<\/p>\n<p>&nbsp;<\/p>\n<table style=\"height: 322px\" width=\"1338\" cellspacing=\"0\" cellpadding=\"0\">\n<colgroup>\n<col width=\"84\">\n<col width=\"603\"><\/colgroup>\n<tbody>\n<tr>\n<td colspan=\"2\" valign=\"top\" width=\"688\" height=\"42\">\n<p class=\"western\" align=\"center\"><span style=\"font-family: 'Times New Roman', serif\"><span style=\"font-size: medium\"><b>Dia 20\/10\/18<\/b><\/span><\/span><\/p>\n<p class=\"western\" align=\"center\"><span style=\"font-family: 'Times New Roman', serif\"><span style=\"font-size: medium\"><b>Atividade p\u00f3s-evento<\/b><\/span><\/span><\/p>\n<\/td>\n<\/tr>\n<tr valign=\"top\">\n<td width=\"84\">\n<p class=\"western\"><span style=\"font-family: 'Times New Roman', serif\"><span style=\"font-size: medium\">7h <\/span><\/span><\/p>\n<\/td>\n<td width=\"603\">\n<p class=\"western\"><b>Passeio cultural: Hot Park Clube . Caldas Novas \u2013 GO <\/b><\/p>\n<p class=\"western\"><b>Sa\u00edda do IFG \u2013 C\u00e2mpus Goi\u00e2nia<\/b><\/p>\n<\/td>\n<\/tr>\n<tr valign=\"top\">\n<td width=\"84\">\n<p class=\"western\"><span style=\"font-family: 'Times New Roman', serif\"><span style=\"font-size: medium\">17h30<\/span><\/span><\/p>\n<\/td>\n<td width=\"603\">\n<p class=\"western\"><span style=\"font-family: 'Times New Roman', serif\"><span style=\"font-size: medium\"><b>Retorno para IFG <\/b><\/span><\/span><\/p>\n<\/td>\n<\/tr>\n<tr valign=\"top\">\n<td width=\"84\">\n<p class=\"western\"><span style=\"font-family: 'Times New Roman', serif\"><span style=\"font-size: medium\">19h<\/span><\/span><\/p>\n<\/td>\n<td width=\"603\">\n<p class=\"western\"><span style=\"font-family: 'Times New Roman', serif\"><span style=\"font-size: medium\"><b>Previs\u00e3o de chegada no IFG \u2013 Campus Goi\u00e2nia<\/b><\/span><\/span><\/p>\n<\/td>\n<\/tr>\n<\/tbody>\n<\/table>\n<p>&nbsp;<\/p>\n","protected":false},"excerpt":{"rendered":"<p>programa\u00e7\u00e3o III ENCONTRO NACIONAL DOS PSIC\u00d3LOGOS DOS INSTITUTOS FEDERAIS ACESSE A PROGRAMA\u00c7\u00c3O COMPLETA CLICANDO AQUI! &nbsp;<\/p>\n","protected":false},"author":89,"featured_media":163,"parent":0,"menu_order":0,"comment_status":"closed","ping_status":"closed","template":"","meta":{"ngg_post_thumbnail":0,"footnotes":""},"class_list":["post-8","page","type-page","status-publish","has-post-thumbnail","hentry"],"_links":{"self":[{"href":"https:\/\/eventos.ifg.edu.br\/encontropsicologosifs\/wp-json\/wp\/v2\/pages\/8"}],"collection":[{"href":"https:\/\/eventos.ifg.edu.br\/encontropsicologosifs\/wp-json\/wp\/v2\/pages"}],"about":[{"href":"https:\/\/eventos.ifg.edu.br\/encontropsicologosifs\/wp-json\/wp\/v2\/types\/page"}],"author":[{"embeddable":true,"href":"https:\/\/eventos.ifg.edu.br\/encontropsicologosifs\/wp-json\/wp\/v2\/users\/89"}],"replies":[{"embeddable":true,"href":"https:\/\/eventos.ifg.edu.br\/encontropsicologosifs\/wp-json\/wp\/v2\/comments?post=8"}],"version-history":[{"count":24,"href":"https:\/\/eventos.ifg.edu.br\/encontropsicologosifs\/wp-json\/wp\/v2\/pages\/8\/revisions"}],"predecessor-version":[{"id":249,"href":"https:\/\/eventos.ifg.edu.br\/encontropsicologosifs\/wp-json\/wp\/v2\/pages\/8\/revisions\/249"}],"wp:featuredmedia":[{"embeddable":true,"href":"https:\/\/eventos.ifg.edu.br\/encontropsicologosifs\/wp-json\/wp\/v2\/media\/163"}],"wp:attachment":[{"href":"https:\/\/eventos.ifg.edu.br\/encontropsicologosifs\/wp-json\/wp\/v2\/media?parent=8"}],"curies":[{"name":"wp","href":"https:\/\/api.w.org\/{rel}","templated":true}]}}