{"id":76,"date":"2018-07-25T18:57:42","date_gmt":"2018-07-25T21:57:42","guid":{"rendered":"http:\/\/eventos.ifg.edu.br\/encontropsicologosifs\/?page_id=76"},"modified":"2018-07-30T10:03:09","modified_gmt":"2018-07-30T13:03:09","slug":"eixos-tematicos","status":"publish","type":"page","link":"https:\/\/eventos.ifg.edu.br\/encontropsicologosifs\/submissao-de-trabalhos\/eixos-tematicos\/","title":{"rendered":"Eixos Tem\u00e1ticos"},"content":{"rendered":"<h4><strong>1.1 \u2013 Atua\u00e7\u00e3o e forma\u00e7\u00e3o do psic\u00f3logo para atua\u00e7\u00e3o nos Institutos Federais<\/strong><\/h4>\n<ul>\n<li>Experi\u00eancias inovadoras e atua\u00e7\u00e3o com temas emergentes (bullying, autoles\u00e3o, quest\u00f5es raciais e de g\u00eanero, etc.) nos Institutos Federais;<\/li>\n<li>Forma\u00e7\u00e3o e pol\u00edticas educacionais nos Institutos Federais;<\/li>\n<li>Hist\u00f3ria e delimita\u00e7\u00f5es do campo do saber e atua\u00e7\u00e3o nos Institutos Federais;<\/li>\n<li>Pol\u00edtica, produ\u00e7\u00e3o e divulga\u00e7\u00e3o de conhecimento nos Institutos Federais;<\/li>\n<li>Atua\u00e7\u00e3o da psicologia na gest\u00e3o dos institutos federais.<\/li>\n<\/ul>\n<p><strong>\u00a0<\/strong><\/p>\n<h4><strong>1.2 \u2013 Psicologia escolar nos Institutos Federais<\/strong><\/h4>\n<ul>\n<li>Concep\u00e7\u00f5es do Desenvolvimento e da Aprendizagem;<\/li>\n<li>Concep\u00e7\u00f5es de Adolesc\u00eancia e Juventude;<\/li>\n<li>Dificuldades de Aprendizagem das Pessoas com Necessidades Educacionais Especiais e a Educa\u00e7\u00e3o Inclusiva;<\/li>\n<li>Psicologia Escolar e o NAPNE;<\/li>\n<li>Psicologia Escolar e as Pol\u00edticas de Assist\u00eancia Estudantil;<\/li>\n<li>Psicologia Escolar na Educa\u00e7\u00e3o Superior;<\/li>\n<li>Psicologia Escolar e a Educa\u00e7\u00e3o de Jovens e Adultos;<\/li>\n<li>Psicologia Escolar e Pol\u00edticas Institucionais.<\/li>\n<\/ul>\n<p><strong>\u00a0<\/strong><\/p>\n<h4><strong>1.3 \u2013 Gest\u00e3o de pessoas e o Subsistema Integrado \u00e0 Sa\u00fade do Servidor<\/strong><\/h4>\n<ul>\n<li>Avalia\u00e7\u00e3o de desempenho;<\/li>\n<li>Capacita\u00e7\u00e3o e Desenvolvimento de Pessoal;<\/li>\n<li>Clima, cultura e valores humanos no trabalho e nas organiza\u00e7\u00f5es;<\/li>\n<li>Promo\u00e7\u00e3o da sa\u00fade e preven\u00e7\u00e3o de riscos no ambiente do trabalho;<\/li>\n<li>Possibilidades de atua\u00e7\u00e3o do psic\u00f3logo do trabalho e o SIASS;<\/li>\n<li>Relatos de pr\u00e1ticas de psic\u00f3logos na Gest\u00e3o de Pessoas dos Institutos Federais;<\/li>\n<li>Riscos psicossociais no trabalho;<\/li>\n<li>Sa\u00fade mental e organiza\u00e7\u00e3o do trabalho;<\/li>\n<li>Sa\u00fade, bem-estar, emo\u00e7\u00f5es e qualidade de vida no trabalho.<\/li>\n<\/ul>\n","protected":false},"excerpt":{"rendered":"<p>1.1 \u2013 Atua\u00e7\u00e3o e forma\u00e7\u00e3o do psic\u00f3logo para atua\u00e7\u00e3o nos Institutos Federais Experi\u00eancias inovadoras e atua\u00e7\u00e3o com temas emergentes (bullying, autoles\u00e3o, quest\u00f5es raciais e de g\u00eanero, etc.) nos Institutos Federais; Forma\u00e7\u00e3o e pol\u00edticas educacionais nos Institutos Federais; Hist\u00f3ria e delimita\u00e7\u00f5es do campo do saber e atua\u00e7\u00e3o nos Institutos Federais; Pol\u00edtica, produ\u00e7\u00e3o e divulga\u00e7\u00e3o de conhecimento <a class=\"more-link\" href=\"https:\/\/eventos.ifg.edu.br\/encontropsicologosifs\/submissao-de-trabalhos\/eixos-tematicos\/\">&hellip; Continue lendo&hellip; &rarr;<\/a><\/p>\n","protected":false},"author":89,"featured_media":0,"parent":12,"menu_order":0,"comment_status":"closed","ping_status":"closed","template":"","meta":{"ngg_post_thumbnail":0,"footnotes":""},"class_list":["post-76","page","type-page","status-publish","hentry"],"_links":{"self":[{"href":"https:\/\/eventos.ifg.edu.br\/encontropsicologosifs\/wp-json\/wp\/v2\/pages\/76"}],"collection":[{"href":"https:\/\/eventos.ifg.edu.br\/encontropsicologosifs\/wp-json\/wp\/v2\/pages"}],"about":[{"href":"https:\/\/eventos.ifg.edu.br\/encontropsicologosifs\/wp-json\/wp\/v2\/types\/page"}],"author":[{"embeddable":true,"href":"https:\/\/eventos.ifg.edu.br\/encontropsicologosifs\/wp-json\/wp\/v2\/users\/89"}],"replies":[{"embeddable":true,"href":"https:\/\/eventos.ifg.edu.br\/encontropsicologosifs\/wp-json\/wp\/v2\/comments?post=76"}],"version-history":[{"count":8,"href":"https:\/\/eventos.ifg.edu.br\/encontropsicologosifs\/wp-json\/wp\/v2\/pages\/76\/revisions"}],"predecessor-version":[{"id":92,"href":"https:\/\/eventos.ifg.edu.br\/encontropsicologosifs\/wp-json\/wp\/v2\/pages\/76\/revisions\/92"}],"up":[{"embeddable":true,"href":"https:\/\/eventos.ifg.edu.br\/encontropsicologosifs\/wp-json\/wp\/v2\/pages\/12"}],"wp:attachment":[{"href":"https:\/\/eventos.ifg.edu.br\/encontropsicologosifs\/wp-json\/wp\/v2\/media?parent=76"}],"curies":[{"name":"wp","href":"https:\/\/api.w.org\/{rel}","templated":true}]}}