{"id":66,"date":"2018-07-24T18:04:43","date_gmt":"2018-07-24T21:04:43","guid":{"rendered":"http:\/\/eventos.ifg.edu.br\/encontropsicologosifs\/?page_id=66"},"modified":"2018-08-20T12:11:36","modified_gmt":"2018-08-20T15:11:36","slug":"dicas-de-alimentacao-hospedagem-e-lazer","status":"publish","type":"page","link":"https:\/\/eventos.ifg.edu.br\/encontropsicologosifs\/a-cidade-de-goiania\/dicas-de-alimentacao-hospedagem-e-lazer\/","title":{"rendered":"Onde se hospedar?"},"content":{"rendered":"<h4>Segue abaixo algumas sugest\u00f5es de Hot\u00e9is pr\u00f3ximos ao local do Encontro*:<\/h4>\n<table width=\"699\">\n<tbody>\n<tr>\n<td width=\"174\"><strong>Hotel<\/strong><\/td>\n<td width=\"207\"><strong>ENDERE\u00c7O<\/strong><\/td>\n<td width=\"84\"><strong>Dist\u00e2ncia<\/strong><\/td>\n<td width=\"93\"><strong>Contato <\/strong><\/td>\n<td width=\"141\"><strong>Link <\/strong><\/td>\n<\/tr>\n<tr>\n<td width=\"174\">Mega Moda Hotel<\/td>\n<td width=\"207\">Av. Contorno n\u00ba 1407<\/td>\n<td width=\"84\">650 m<\/td>\n<td width=\"93\">3267-6500<\/td>\n<td width=\"141\">http:\/\/www.megamodahotel.com.br\/<\/td>\n<\/tr>\n<tr>\n<td width=\"174\">Garden Hotel<\/td>\n<td width=\"207\">Av. Goi\u00e1s n\u00ba 1291 St. Central<\/td>\n<td width=\"84\">1,1 km<\/td>\n<td width=\"93\">3224-2866<\/td>\n<td width=\"141\">http:\/\/www.gardenhotel.com.br\/<\/td>\n<\/tr>\n<tr>\n<td width=\"174\">Umuarama Plaza Hotel<\/td>\n<td width=\"207\">Rua 4, n\u00ba 492 St. Central<\/td>\n<td width=\"84\">1,1 Km<\/td>\n<td width=\"93\">3237-1500<\/td>\n<td width=\"141\">http:\/\/umuaramaplaza.com.br\/<\/td>\n<\/tr>\n<tr>\n<td width=\"174\">Mangabeiras Hotel<\/td>\n<td width=\"207\">Av. Contorno \u00a0n\u00ba 1952 St. Norte Ferrovi\u00e1rio<\/td>\n<td width=\"84\">1,3 Km<\/td>\n<td width=\"93\">98242-1779<\/td>\n<td width=\"141\">https:\/\/www.mangabeirashotelgo.com\/<\/td>\n<\/tr>\n<tr>\n<td width=\"174\">Hotel Serra de Goyaz<\/td>\n<td width=\"207\">Av. Parana\u00edba n\u00ba 1445 St. Central<\/td>\n<td width=\"84\">1,4km<\/td>\n<td width=\"93\">3224-2310<\/td>\n<td width=\"141\">http:\/\/www.serrasdegoyaz.com.br\/<\/td>\n<\/tr>\n<tr>\n<td width=\"174\">Hotel Go Inn Esta\u00e7\u00e3o Goi\u00e2nia<\/td>\n<td width=\"207\">Av. Oeste Esta\u00e7\u00e3o Goi\u00e2nia, n\u00ba 2151<\/td>\n<td width=\"84\">2 km<\/td>\n<td width=\"93\">3621-3100<\/td>\n<td width=\"141\">\u00a0https:\/\/new.atlanticahotels.com.br\/hotel\/go-inn-estacao-goiania-goiania-brasil\/291800<\/td>\n<\/tr>\n<tr>\n<td width=\"174\">Comfort Hotel Setor Aeroporto<\/td>\n<td width=\"207\">Av. Ismerino Soares de Carvalho n\u00ba 52 St. Aeroporto<\/td>\n<td width=\"84\">2 Km<\/td>\n<td width=\"93\">3878-1500<\/td>\n<td width=\"141\">\u00a0https:\/\/new.atlanticahotels.com.br\/hotel\/comfort-hotel-goiania-goiania-brasil\/93970<\/td>\n<\/tr>\n<tr>\n<td width=\"174\">Hotel Augustus Plaza Inn Goiania<\/td>\n<td width=\"207\">Av. A, \u00a0n\u00ba Araguaia<\/td>\n<td width=\"84\">1,5 Km<\/td>\n<td width=\"93\">3216-6666<\/td>\n<td width=\"141\">\u00a0http:\/\/www.plazainn.com.br\/hotel-overview.html<\/td>\n<\/tr>\n<tr>\n<td width=\"174\">Oft San Conrado Hotel<\/td>\n<td width=\"207\">Rua 3, n\u00ba 652 St. Central<\/td>\n<td width=\"84\">2,5 Km<\/td>\n<td width=\"93\">4005-3400<\/td>\n<td width=\"141\">http:\/\/www.redeofthoteis.com.br\/<\/td>\n<\/tr>\n<\/tbody>\n<\/table>\n<p>*As sugest\u00f5es s\u00e3o baseadas na proximidade com o IFG &#8211; Campus Goi\u00e2nia. N\u00e3o nos responsabilizamos pelas informa\u00e7\u00f5es e servi\u00e7os prestados pelos mesmos.<\/p>\n","protected":false},"excerpt":{"rendered":"<p>Segue abaixo algumas sugest\u00f5es de Hot\u00e9is pr\u00f3ximos ao local do Encontro*: Hotel ENDERE\u00c7O Dist\u00e2ncia Contato Link Mega Moda Hotel Av. Contorno n\u00ba 1407 650 m 3267-6500 http:\/\/www.megamodahotel.com.br\/ Garden Hotel Av. Goi\u00e1s n\u00ba 1291 St. Central 1,1 km 3224-2866 http:\/\/www.gardenhotel.com.br\/ Umuarama Plaza Hotel Rua 4, n\u00ba 492 St. Central 1,1 Km 3237-1500 http:\/\/umuaramaplaza.com.br\/ Mangabeiras Hotel Av. <a class=\"more-link\" href=\"https:\/\/eventos.ifg.edu.br\/encontropsicologosifs\/a-cidade-de-goiania\/dicas-de-alimentacao-hospedagem-e-lazer\/\">&hellip; Continue lendo&hellip; &rarr;<\/a><\/p>\n","protected":false},"author":89,"featured_media":0,"parent":24,"menu_order":2,"comment_status":"closed","ping_status":"closed","template":"","meta":{"ngg_post_thumbnail":0,"footnotes":""},"class_list":["post-66","page","type-page","status-publish","hentry"],"_links":{"self":[{"href":"https:\/\/eventos.ifg.edu.br\/encontropsicologosifs\/wp-json\/wp\/v2\/pages\/66"}],"collection":[{"href":"https:\/\/eventos.ifg.edu.br\/encontropsicologosifs\/wp-json\/wp\/v2\/pages"}],"about":[{"href":"https:\/\/eventos.ifg.edu.br\/encontropsicologosifs\/wp-json\/wp\/v2\/types\/page"}],"author":[{"embeddable":true,"href":"https:\/\/eventos.ifg.edu.br\/encontropsicologosifs\/wp-json\/wp\/v2\/users\/89"}],"replies":[{"embeddable":true,"href":"https:\/\/eventos.ifg.edu.br\/encontropsicologosifs\/wp-json\/wp\/v2\/comments?post=66"}],"version-history":[{"count":10,"href":"https:\/\/eventos.ifg.edu.br\/encontropsicologosifs\/wp-json\/wp\/v2\/pages\/66\/revisions"}],"predecessor-version":[{"id":172,"href":"https:\/\/eventos.ifg.edu.br\/encontropsicologosifs\/wp-json\/wp\/v2\/pages\/66\/revisions\/172"}],"up":[{"embeddable":true,"href":"https:\/\/eventos.ifg.edu.br\/encontropsicologosifs\/wp-json\/wp\/v2\/pages\/24"}],"wp:attachment":[{"href":"https:\/\/eventos.ifg.edu.br\/encontropsicologosifs\/wp-json\/wp\/v2\/media?parent=66"}],"curies":[{"name":"wp","href":"https:\/\/api.w.org\/{rel}","templated":true}]}}