{"id":5,"date":"2018-07-20T16:05:48","date_gmt":"2018-07-20T19:05:48","guid":{"rendered":"http:\/\/eventos.ifg.edu.br\/encontropsicologosifs\/?page_id=5"},"modified":"2018-07-20T16:41:05","modified_gmt":"2018-07-20T19:41:05","slug":"apresentacao","status":"publish","type":"page","link":"https:\/\/eventos.ifg.edu.br\/encontropsicologosifs\/apresentacao\/","title":{"rendered":"APRESENTA\u00c7\u00c3O"},"content":{"rendered":"<p>Nos dias 17, 18 e 19 de outubro de 2018, acontecer\u00e1 o III Encontro Nacional dos Psic\u00f3logos dos IFs, sediado pelo Instituto Federal de Goi\u00e1s &#8211; C\u00e2mpus Goi\u00e2nia. Nesse evento daremos continuidade a troca saberes entre os psic\u00f3logos da rede federal, expondo sobre nossas pr\u00e1ticas e compartilhando as experi\u00eancias de nossas institui\u00e7\u00f5es.<\/p>\n<p>Contamos com a sua presen\u00e7a!<\/p>\n","protected":false},"excerpt":{"rendered":"<p>Nos dias 17, 18 e 19 de outubro de 2018, acontecer\u00e1 o III Encontro Nacional dos Psic\u00f3logos dos IFs, sediado pelo Instituto Federal de Goi\u00e1s &#8211; C\u00e2mpus Goi\u00e2nia. Nesse evento daremos continuidade a troca saberes entre os psic\u00f3logos da rede federal, expondo sobre nossas pr\u00e1ticas e compartilhando as experi\u00eancias de nossas institui\u00e7\u00f5es. Contamos com a <a class=\"more-link\" href=\"https:\/\/eventos.ifg.edu.br\/encontropsicologosifs\/apresentacao\/\">&hellip; Continue lendo&hellip; &rarr;<\/a><\/p>\n","protected":false},"author":89,"featured_media":0,"parent":0,"menu_order":0,"comment_status":"closed","ping_status":"closed","template":"","meta":{"ngg_post_thumbnail":0,"footnotes":""},"class_list":["post-5","page","type-page","status-publish","hentry"],"_links":{"self":[{"href":"https:\/\/eventos.ifg.edu.br\/encontropsicologosifs\/wp-json\/wp\/v2\/pages\/5"}],"collection":[{"href":"https:\/\/eventos.ifg.edu.br\/encontropsicologosifs\/wp-json\/wp\/v2\/pages"}],"about":[{"href":"https:\/\/eventos.ifg.edu.br\/encontropsicologosifs\/wp-json\/wp\/v2\/types\/page"}],"author":[{"embeddable":true,"href":"https:\/\/eventos.ifg.edu.br\/encontropsicologosifs\/wp-json\/wp\/v2\/users\/89"}],"replies":[{"embeddable":true,"href":"https:\/\/eventos.ifg.edu.br\/encontropsicologosifs\/wp-json\/wp\/v2\/comments?post=5"}],"version-history":[{"count":2,"href":"https:\/\/eventos.ifg.edu.br\/encontropsicologosifs\/wp-json\/wp\/v2\/pages\/5\/revisions"}],"predecessor-version":[{"id":17,"href":"https:\/\/eventos.ifg.edu.br\/encontropsicologosifs\/wp-json\/wp\/v2\/pages\/5\/revisions\/17"}],"wp:attachment":[{"href":"https:\/\/eventos.ifg.edu.br\/encontropsicologosifs\/wp-json\/wp\/v2\/media?parent=5"}],"curies":[{"name":"wp","href":"https:\/\/api.w.org\/{rel}","templated":true}]}}