{"id":28,"date":"2018-07-20T16:43:45","date_gmt":"2018-07-20T19:43:45","guid":{"rendered":"http:\/\/eventos.ifg.edu.br\/encontropsicologosifs\/?page_id=28"},"modified":"2018-08-02T13:13:47","modified_gmt":"2018-08-02T16:13:47","slug":"edicoes-anteriores","status":"publish","type":"page","link":"https:\/\/eventos.ifg.edu.br\/encontropsicologosifs\/edicoes-anteriores\/","title":{"rendered":"HIST\u00d3RIA DOS ENCONTROS&#8230;"},"content":{"rendered":"<p>O Encontro Nacional dos Psic\u00f3logos nasceu da necessidade da troca de experi\u00eancia entre os profissionais da psicologia que atuam nos Institutos Federais no que se refere aos programas e a\u00e7\u00f5es desenvolvidos na rede. O primeiro encontro foi sediado pelo IFRN no ano de 2013, \u00a0e possibilitou a articula\u00e7\u00e3o de saberes, aprendizado e desenvolvimento de estrat\u00e9gias de interven\u00e7\u00e3o baseados na expertise dos colegas de trabalho na RFEPCT. O tema do encontro foi <strong>\u201cA Caracteriza\u00e7\u00e3o do Trabalho dos Psic\u00f3logos da Rede Federal Educa\u00e7\u00e3o Profissional Cient\u00edfica e Tecnol\u00f3gica\u201d<\/strong>.<\/p>\n<p>Na oportunidade, aproximadamente 200 psic\u00f3logos participaram do evento e foram apresentados cerca de 100 trabalhos. O evento teve tamb\u00e9m o objetivo levantar informa\u00e7\u00f5es detalhadas a respeito da atua\u00e7\u00e3o dos psic\u00f3logos na Rede. Houve grande mobiliza\u00e7\u00e3o por parte das diretorias dos IFs que, em sua maioria, arcaram com as despesas de passagem e di\u00e1rias para viabilizar a participa\u00e7\u00e3o dos servidores. A reitoria do IFG percebeu a import\u00e2ncia da iniciativa e possibilitou a participa\u00e7\u00e3o de cerca de 15 psic\u00f3logos, atrav\u00e9s do subsidio financeiro e libera\u00e7\u00e3o.<\/p>\n<p>Apesar da proposta inicial da realiza\u00e7\u00e3o dos encontros bianualmente, o segundo encontro ocorreu apenas ap\u00f3s tr\u00eas anos, em novembro de 2016 na cidade de Porto Alegre, sediado pelo IFRS &#8211; Campus Porto Alegre, sob o tema <strong>\u201cTessitura entre as fronteiras e os devires da educa\u00e7\u00e3o\u201d.<\/strong> Em meio a uma significativa crise or\u00e7ament\u00e1ria que atingiu todo o pais, em especial os \u00f3rg\u00e3os p\u00fablicos, psic\u00f3logos de 117 Institutos Federais se inscreveram para participar e 52 trabalhos foram apresentados. Na oportunidade, fizeram do encontro um inesquec\u00edvel momento de enriquecimento profissional, dando assim continuidade ao projeto de interlocu\u00e7\u00e3o entre a teoria e a pr\u00e1tica e, acima de tudo, de sociabiliza\u00e7\u00e3o de experiencias e pr\u00e1ticas exitosas em psic\u00f3loga nos Institutos Federais.<\/p>\n<p>Neste ano de 2018, o III Encontro Nacional dos Psic\u00f3logos dos Institutos Federais tem como tema \u201c<strong>O FUTURO DA PSICOLOGIA E A PSICOLOGIA DO FUTURO: DESAFIOS DA PR\u00c1TICA CONTEMPOR\u00c2NEA NOS INSTITUTOS FEDERAIS\u201d, <\/strong>e tem como objetivo discutir tem\u00e1ticas inerentes a atua\u00e7\u00e3o do psic\u00f3logo e que possam subsidiar novos projetos e ampliar a capacidade contributiva dos participantes no exerc\u00edcio de suas atividades profissionais. Esta edi\u00e7\u00e3o do encontro pretende ainda debater sobre pr\u00e1ticas que geraram bons resultados no \u00e2mbito dos Institutos Federais, afim de oportunizar a troca de saberes, o intercambio de ideias e a contribui\u00e7\u00e3o para o avan\u00e7o da atua\u00e7\u00e3o dos psic\u00f3logos das IFES.<\/p>\n","protected":false},"excerpt":{"rendered":"<p>O Encontro Nacional dos Psic\u00f3logos nasceu da necessidade da troca de experi\u00eancia entre os profissionais da psicologia que atuam nos Institutos Federais no que se refere aos programas e a\u00e7\u00f5es desenvolvidos na rede. O primeiro encontro foi sediado pelo IFRN no ano de 2013, \u00a0e possibilitou a articula\u00e7\u00e3o de saberes, aprendizado e desenvolvimento de estrat\u00e9gias <a class=\"more-link\" href=\"https:\/\/eventos.ifg.edu.br\/encontropsicologosifs\/edicoes-anteriores\/\">&hellip; Continue lendo&hellip; &rarr;<\/a><\/p>\n","protected":false},"author":89,"featured_media":108,"parent":0,"menu_order":0,"comment_status":"closed","ping_status":"closed","template":"","meta":{"ngg_post_thumbnail":0,"footnotes":""},"class_list":["post-28","page","type-page","status-publish","has-post-thumbnail","hentry"],"_links":{"self":[{"href":"https:\/\/eventos.ifg.edu.br\/encontropsicologosifs\/wp-json\/wp\/v2\/pages\/28"}],"collection":[{"href":"https:\/\/eventos.ifg.edu.br\/encontropsicologosifs\/wp-json\/wp\/v2\/pages"}],"about":[{"href":"https:\/\/eventos.ifg.edu.br\/encontropsicologosifs\/wp-json\/wp\/v2\/types\/page"}],"author":[{"embeddable":true,"href":"https:\/\/eventos.ifg.edu.br\/encontropsicologosifs\/wp-json\/wp\/v2\/users\/89"}],"replies":[{"embeddable":true,"href":"https:\/\/eventos.ifg.edu.br\/encontropsicologosifs\/wp-json\/wp\/v2\/comments?post=28"}],"version-history":[{"count":10,"href":"https:\/\/eventos.ifg.edu.br\/encontropsicologosifs\/wp-json\/wp\/v2\/pages\/28\/revisions"}],"predecessor-version":[{"id":142,"href":"https:\/\/eventos.ifg.edu.br\/encontropsicologosifs\/wp-json\/wp\/v2\/pages\/28\/revisions\/142"}],"wp:featuredmedia":[{"embeddable":true,"href":"https:\/\/eventos.ifg.edu.br\/encontropsicologosifs\/wp-json\/wp\/v2\/media\/108"}],"wp:attachment":[{"href":"https:\/\/eventos.ifg.edu.br\/encontropsicologosifs\/wp-json\/wp\/v2\/media?parent=28"}],"curies":[{"name":"wp","href":"https:\/\/api.w.org\/{rel}","templated":true}]}}