{"id":24,"date":"2018-07-20T16:38:53","date_gmt":"2018-07-20T19:38:53","guid":{"rendered":"http:\/\/eventos.ifg.edu.br\/encontropsicologosifs\/?page_id=24"},"modified":"2018-08-07T11:18:54","modified_gmt":"2018-08-07T14:18:54","slug":"a-cidade-de-goiania","status":"publish","type":"page","link":"https:\/\/eventos.ifg.edu.br\/encontropsicologosifs\/a-cidade-de-goiania\/","title":{"rendered":"GOI\u00c2NIA &#8211; A cidade sede"},"content":{"rendered":"<p>Capital do Estado de Goi\u00e1s, Goi\u00e2nia figura entre as cidades com melhor \u00edndice de qualidade de vida do pa\u00eds. Munic\u00edpio brasileiro com maior \u00e1rea verde por habitante (94 m\u00b2) e detentor do segundo maior quantitativo proporcional do mundo (precedido apenas de Edmonton, no Canad\u00e1, com taxa de 100 m\u00b2), a cidade, de apenas 80 anos, destaca-se por implementar um modelo de desenvolvimento urbano aliado \u00e0 consistente pol\u00edtica de responsabilidade ambiental.<br \/>\nAl\u00e9m do grande n\u00famero de \u00e1reas verdes, que supera em quase oito vezes a taxa preconizada pela Organiza\u00e7\u00e3o das Na\u00e7\u00f5es Unidas (12 m\u00b2), a capital goiana \u00e9 a cidade brasileira com maior quantitativo de \u00e1rvores em vias p\u00fablicas. Possui a melhor infraestrutura urbana do Brasil (IBGE\/2012), o maior parque de divers\u00f5es p\u00fablico da Am\u00e9rica Latina e, em breve, ter\u00e1 o maior parque linear do mundo: o Programa Urbano Ambiental Macambira Anicuns (Puama)<\/p>\n<p>Audaciosos projetos socioambientais contribu\u00edram para que a Comiss\u00e3o Europeia e Banco Interamericano de Desenvolvimento (BID) escolhessem o munic\u00edpio como um dos integrantes da lista de cidades mundialmente sustent\u00e1veis. Desde 2011, Goi\u00e2nia faz parte da Rede Urbelac de Cidades Sustent\u00e1veis, destinada ao desenvolvimento de programas que visam a melhoria da qualidade de vida e promovam a colabora\u00e7\u00e3o entre cidades de porte intermedi\u00e1rio. Assim como a italiana Floren\u00e7a e a espanhola Bilbao, a Capital de Goi\u00e1s comunica experi\u00eancias de trabalho e serve de refer\u00eancia pr\u00e1tica para outras localidades que visam o desenvolvimento aliado \u00e0 responsabilidade ambiental.<\/p>\n<p>A rede da qual Goi\u00e2nia faz parte \u00e9 composta por munic\u00edpios que t\u00eam popula\u00e7\u00e3o estimada entre 300 mil e dois milh\u00f5es de habitantes, situadas na Am\u00e9rica Latina, Caribe e Europa. Tamb\u00e9m a integram as cidades de Bilbao (Espanha), Floren\u00e7a (It\u00e1lia), Trujillo (Peru), Bucaramanga (Col\u00f4mbia) e Manaus (Brasil). Todas se articulam para identificar estrat\u00e9gias e programas inovadores de desenvolvimento urbano sustent\u00e1vel e integrado, com a\u00e7\u00f5es espec\u00edficas para as \u00e1reas de meio ambiente, requalifica\u00e7\u00e3o urbana, gera\u00e7\u00e3o de renda e gest\u00e3o.<\/p>\n","protected":false},"excerpt":{"rendered":"<p>Capital do Estado de Goi\u00e1s, Goi\u00e2nia figura entre as cidades com melhor \u00edndice de qualidade de vida do pa\u00eds. Munic\u00edpio brasileiro com maior \u00e1rea verde por habitante (94 m\u00b2) e detentor do segundo maior quantitativo proporcional do mundo (precedido apenas de Edmonton, no Canad\u00e1, com taxa de 100 m\u00b2), a cidade, de apenas 80 anos, <a class=\"more-link\" href=\"https:\/\/eventos.ifg.edu.br\/encontropsicologosifs\/a-cidade-de-goiania\/\">&hellip; Continue lendo&hellip; &rarr;<\/a><\/p>\n","protected":false},"author":89,"featured_media":0,"parent":0,"menu_order":7,"comment_status":"closed","ping_status":"closed","template":"","meta":{"ngg_post_thumbnail":0,"footnotes":""},"class_list":["post-24","page","type-page","status-publish","hentry"],"_links":{"self":[{"href":"https:\/\/eventos.ifg.edu.br\/encontropsicologosifs\/wp-json\/wp\/v2\/pages\/24"}],"collection":[{"href":"https:\/\/eventos.ifg.edu.br\/encontropsicologosifs\/wp-json\/wp\/v2\/pages"}],"about":[{"href":"https:\/\/eventos.ifg.edu.br\/encontropsicologosifs\/wp-json\/wp\/v2\/types\/page"}],"author":[{"embeddable":true,"href":"https:\/\/eventos.ifg.edu.br\/encontropsicologosifs\/wp-json\/wp\/v2\/users\/89"}],"replies":[{"embeddable":true,"href":"https:\/\/eventos.ifg.edu.br\/encontropsicologosifs\/wp-json\/wp\/v2\/comments?post=24"}],"version-history":[{"count":5,"href":"https:\/\/eventos.ifg.edu.br\/encontropsicologosifs\/wp-json\/wp\/v2\/pages\/24\/revisions"}],"predecessor-version":[{"id":136,"href":"https:\/\/eventos.ifg.edu.br\/encontropsicologosifs\/wp-json\/wp\/v2\/pages\/24\/revisions\/136"}],"wp:attachment":[{"href":"https:\/\/eventos.ifg.edu.br\/encontropsicologosifs\/wp-json\/wp\/v2\/media?parent=24"}],"curies":[{"name":"wp","href":"https:\/\/api.w.org\/{rel}","templated":true}]}}