{"id":38,"date":"2017-11-29T16:37:47","date_gmt":"2017-11-29T18:37:47","guid":{"rendered":"http:\/\/eventos.ifg.edu.br\/encontrodeculturasnegras3\/?page_id=38"},"modified":"2017-11-29T17:46:05","modified_gmt":"2017-11-29T19:46:05","slug":"contatos-2","status":"publish","type":"page","link":"https:\/\/eventos.ifg.edu.br\/encontrodeculturasnegras3\/contatos-2\/","title":{"rendered":"Contatos"},"content":{"rendered":"<p><strong>Gabinete da Dire\u00e7\u00e3o-Geral do C\u00e2mpus Urua\u00e7u<\/strong><\/p>\n<p>Chefe de Gabinete: Nicolli Godoi.<\/p>\n<p>Tel. (62) 3357. 8180<\/p>\n<p>gabinete.uruacu@ifg.edu.br<\/p>\n<p>&nbsp;<\/p>\n<p><strong>Ger\u00eancia de Pesquisa, P\u00f3s-Gradua\u00e7\u00e3o e Extens\u00e3o (Gepex)<\/strong><\/p>\n<p>Gerente: Cristiane Alvarenga.<\/p>\n<p>Tel. (62) 3357.8188<\/p>\n<p>gepex.uruacu@ifg.edu.br<\/p>\n<p>&nbsp;<\/p>\n<p><strong>Comunica\u00e7\u00e3o Social &#8211; C\u00e2mpus Urua\u00e7u<\/strong><\/p>\n<p>Jornalista: Gustavo Rezende.<\/p>\n<p>Tel. (62) 3357.8163<\/p>\n<p>ccs.uruacu@ifg.edu.br<\/p>\n<p>&nbsp;<\/p>\n","protected":false},"excerpt":{"rendered":"<p>Gabinete da Dire\u00e7\u00e3o-Geral do C\u00e2mpus Urua\u00e7u Chefe de Gabinete: Nicolli Godoi. Tel. (62) 3357. 8180 gabinete.uruacu@ifg.edu.br &nbsp; Ger\u00eancia de Pesquisa, P\u00f3s-Gradua\u00e7\u00e3o e Extens\u00e3o (Gepex) Gerente: Cristiane Alvarenga. Tel. (62) 3357.8188 gepex.uruacu@ifg.edu.br &nbsp; Comunica\u00e7\u00e3o Social &#8211; C\u00e2mpus Urua\u00e7u Jornalista: Gustavo Rezende. Tel. (62) 3357.8163 ccs.uruacu@ifg.edu.br &nbsp;<\/p>\n","protected":false},"author":76,"featured_media":0,"parent":0,"menu_order":0,"comment_status":"closed","ping_status":"closed","template":"","meta":{"ngg_post_thumbnail":0,"footnotes":""},"class_list":["post-38","page","type-page","status-publish","hentry"],"_links":{"self":[{"href":"https:\/\/eventos.ifg.edu.br\/encontrodeculturasnegras3\/wp-json\/wp\/v2\/pages\/38"}],"collection":[{"href":"https:\/\/eventos.ifg.edu.br\/encontrodeculturasnegras3\/wp-json\/wp\/v2\/pages"}],"about":[{"href":"https:\/\/eventos.ifg.edu.br\/encontrodeculturasnegras3\/wp-json\/wp\/v2\/types\/page"}],"author":[{"embeddable":true,"href":"https:\/\/eventos.ifg.edu.br\/encontrodeculturasnegras3\/wp-json\/wp\/v2\/users\/76"}],"replies":[{"embeddable":true,"href":"https:\/\/eventos.ifg.edu.br\/encontrodeculturasnegras3\/wp-json\/wp\/v2\/comments?post=38"}],"version-history":[{"count":3,"href":"https:\/\/eventos.ifg.edu.br\/encontrodeculturasnegras3\/wp-json\/wp\/v2\/pages\/38\/revisions"}],"predecessor-version":[{"id":55,"href":"https:\/\/eventos.ifg.edu.br\/encontrodeculturasnegras3\/wp-json\/wp\/v2\/pages\/38\/revisions\/55"}],"wp:attachment":[{"href":"https:\/\/eventos.ifg.edu.br\/encontrodeculturasnegras3\/wp-json\/wp\/v2\/media?parent=38"}],"curies":[{"name":"wp","href":"https:\/\/api.w.org\/{rel}","templated":true}]}}