{"id":35,"date":"2017-11-29T16:31:43","date_gmt":"2017-11-29T18:31:43","guid":{"rendered":"http:\/\/eventos.ifg.edu.br\/encontrodeculturasnegras3\/?page_id=35"},"modified":"2017-11-29T16:41:31","modified_gmt":"2017-11-29T18:41:31","slug":"contatos","status":"publish","type":"page","link":"https:\/\/eventos.ifg.edu.br\/encontrodeculturasnegras3\/contatos\/","title":{"rendered":"Programa\u00e7\u00e3o"},"content":{"rendered":"<p><strong><em>Programa\u00e7\u00e3o:<\/em><\/strong><\/p>\n<p><img fetchpriority=\"high\" decoding=\"async\" class=\"alignnone size-full wp-image-17\" src=\"http:\/\/eventos.ifg.edu.br\/encontrodeculturasnegras3\/wp-content\/uploads\/sites\/33\/2017\/11\/Folder-1-1.png\" alt=\"Folder-1\" width=\"4724\" height=\"2480\" \/><\/p>\n<p>&nbsp;<\/p>\n<p><img decoding=\"async\" class=\"alignnone size-full wp-image-18\" src=\"http:\/\/eventos.ifg.edu.br\/encontrodeculturasnegras3\/wp-content\/uploads\/sites\/33\/2017\/11\/Folder-1b.png\" alt=\"Folder-1b\" width=\"4724\" height=\"2480\" \/><\/p>\n","protected":false},"excerpt":{"rendered":"<p>Programa\u00e7\u00e3o: &nbsp;<\/p>\n","protected":false},"author":76,"featured_media":0,"parent":0,"menu_order":0,"comment_status":"closed","ping_status":"closed","template":"","meta":{"ngg_post_thumbnail":0,"footnotes":""},"class_list":["post-35","page","type-page","status-publish","hentry"],"_links":{"self":[{"href":"https:\/\/eventos.ifg.edu.br\/encontrodeculturasnegras3\/wp-json\/wp\/v2\/pages\/35"}],"collection":[{"href":"https:\/\/eventos.ifg.edu.br\/encontrodeculturasnegras3\/wp-json\/wp\/v2\/pages"}],"about":[{"href":"https:\/\/eventos.ifg.edu.br\/encontrodeculturasnegras3\/wp-json\/wp\/v2\/types\/page"}],"author":[{"embeddable":true,"href":"https:\/\/eventos.ifg.edu.br\/encontrodeculturasnegras3\/wp-json\/wp\/v2\/users\/76"}],"replies":[{"embeddable":true,"href":"https:\/\/eventos.ifg.edu.br\/encontrodeculturasnegras3\/wp-json\/wp\/v2\/comments?post=35"}],"version-history":[{"count":4,"href":"https:\/\/eventos.ifg.edu.br\/encontrodeculturasnegras3\/wp-json\/wp\/v2\/pages\/35\/revisions"}],"predecessor-version":[{"id":43,"href":"https:\/\/eventos.ifg.edu.br\/encontrodeculturasnegras3\/wp-json\/wp\/v2\/pages\/35\/revisions\/43"}],"wp:attachment":[{"href":"https:\/\/eventos.ifg.edu.br\/encontrodeculturasnegras3\/wp-json\/wp\/v2\/media?parent=35"}],"curies":[{"name":"wp","href":"https:\/\/api.w.org\/{rel}","templated":true}]}}