{"id":2,"date":"2017-11-27T07:49:16","date_gmt":"2017-11-27T09:49:16","guid":{"rendered":"http:\/\/eventos.ifg.edu.br\/encontrodeculturasnegras3\/?page_id=2"},"modified":"2017-11-29T16:46:02","modified_gmt":"2017-11-29T18:46:02","slug":"apresentacao","status":"publish","type":"page","link":"https:\/\/eventos.ifg.edu.br\/encontrodeculturasnegras3\/apresentacao\/","title":{"rendered":"Apresenta\u00e7\u00e3o"},"content":{"rendered":"<p><strong><em>Encontro de Culturas Negras\u00a0<\/em><\/strong><\/p>\n<p>O evento iniciado em 2014 se estabelece enquanto espa\u00e7o institucional para a culmin\u00e2ncia, o aprofundamento do debate e a socializa\u00e7\u00e3o de projetos de ensino, pesquisa e extens\u00e3o, al\u00e9m das pol\u00edticas de acesso docente, administrativo e discente, pol\u00edticas de comunica\u00e7\u00e3o e perman\u00eancia estudantil na \u00e1rea de igualdade racial em educa\u00e7\u00e3o institucionalizada no IFG.<\/p>\n<p>&nbsp;<\/p>\n<p>Caracteriza-se tamb\u00e9m enquanto territorialidade da troca de saberem acad\u00eamicos e populares, possibilitando espa\u00e7o de di\u00e1logo e fortalecimento de a\u00e7\u00f5es conjuntas entre o IFG e a sociedade civil organizada, espa\u00e7o de difus\u00e3o cultural, oportunizando trocas de saberes acad\u00eamicos e tradicionais, com foco sobre as tradi\u00e7\u00f5es e cosmovis\u00f5es de matriz africana e artistas negros\/as.<\/p>\n<p>&nbsp;<\/p>\n<p>O evento \u00e9 parte da celebra\u00e7\u00e3o do Dia Nacional da Consci\u00eancia Negra e tem uma programa\u00e7\u00e3o variada, que incluiu atividades acad\u00eamicas e culturais.<br \/>\nDa programa\u00e7\u00e3o acad\u00eamica fazem parte: confer\u00eancias, mesas de di\u00e1logos, rodas de conversas, comunica\u00e7\u00f5es coordenadas e oficinas. J\u00e1 a programa\u00e7\u00e3o cultural conta com mostra de cinema afro, feira multicultural, teatro, shows musicais e apresenta\u00e7\u00f5es de grupos da cultura negra e regional. Todas as atividades do Encontro de Culturas Negras s\u00e3o abertas ao p\u00fablico e gratuitas.<\/p>\n<p>&nbsp;<\/p>\n<p>Concomitante ao Encontro, ocorre o Semin\u00e1rio de Educa\u00e7\u00e3o para as Rela\u00e7\u00f5es \u00c9tnico-Raciais, que visa potencializar a produ\u00e7\u00e3o cient\u00edfica (ensino-pesquisa-extens\u00e3o) abarcando quest\u00f5es africanas e afrodescend\u00eancia, de ra\u00e7a e antirracismo, bem como diversidade \u00e9tnico-racial no Brasil e no mundo. Os eventos integram as estrat\u00e9gias de atua\u00e7\u00e3o da pol\u00edtica de promo\u00e7\u00e3o da igualdade \u00e9tnico-racial no intuito de transcender o ambiente institucional.<\/p>\n<p>&nbsp;<\/p>\n<p>&nbsp;<\/p>\n<p><strong>2\u00ba Encontro de Culturas Negras &#8211; 2015<\/strong><\/p>\n<p><a href=\"https:\/\/www.facebook.com\/IFG.oficial\/videos\/1339497392745210\/\" rel=\"alternate\">Assista ao v\u00eddeo do 2\u00ba Encontro de Culturas Negras<\/a><\/p>\n<p>&nbsp;<\/p>\n<p>&nbsp;<\/p>\n<p>&nbsp;<\/p>\n<p><strong>1\u00ba Encontro de Culturas Negras &#8211; 2014\u00a0<\/strong><\/p>\n<p><a href=\"https:\/\/www.facebook.com\/IFG.oficial\/videos\/1028783250483294\/\" rel=\"alternate\">Assista ao v\u00eddeo do 1\u00ba Encontro de Culturas Negras<\/a><\/p>\n","protected":false},"excerpt":{"rendered":"<p>Encontro de Culturas Negras\u00a0 O evento iniciado em 2014 se estabelece enquanto espa\u00e7o institucional para a culmin\u00e2ncia, o aprofundamento do debate e a socializa\u00e7\u00e3o de projetos de ensino, pesquisa e extens\u00e3o, al\u00e9m das pol\u00edticas de acesso docente, administrativo e discente, pol\u00edticas de comunica\u00e7\u00e3o e perman\u00eancia estudantil na \u00e1rea de igualdade racial em educa\u00e7\u00e3o institucionalizada no [&hellip;]<\/p>\n","protected":false},"author":76,"featured_media":0,"parent":0,"menu_order":0,"comment_status":"closed","ping_status":"open","template":"","meta":{"ngg_post_thumbnail":0,"footnotes":""},"class_list":["post-2","page","type-page","status-publish","hentry"],"_links":{"self":[{"href":"https:\/\/eventos.ifg.edu.br\/encontrodeculturasnegras3\/wp-json\/wp\/v2\/pages\/2"}],"collection":[{"href":"https:\/\/eventos.ifg.edu.br\/encontrodeculturasnegras3\/wp-json\/wp\/v2\/pages"}],"about":[{"href":"https:\/\/eventos.ifg.edu.br\/encontrodeculturasnegras3\/wp-json\/wp\/v2\/types\/page"}],"author":[{"embeddable":true,"href":"https:\/\/eventos.ifg.edu.br\/encontrodeculturasnegras3\/wp-json\/wp\/v2\/users\/76"}],"replies":[{"embeddable":true,"href":"https:\/\/eventos.ifg.edu.br\/encontrodeculturasnegras3\/wp-json\/wp\/v2\/comments?post=2"}],"version-history":[{"count":4,"href":"https:\/\/eventos.ifg.edu.br\/encontrodeculturasnegras3\/wp-json\/wp\/v2\/pages\/2\/revisions"}],"predecessor-version":[{"id":45,"href":"https:\/\/eventos.ifg.edu.br\/encontrodeculturasnegras3\/wp-json\/wp\/v2\/pages\/2\/revisions\/45"}],"wp:attachment":[{"href":"https:\/\/eventos.ifg.edu.br\/encontrodeculturasnegras3\/wp-json\/wp\/v2\/media?parent=2"}],"curies":[{"name":"wp","href":"https:\/\/api.w.org\/{rel}","templated":true}]}}