{"id":45,"date":"2016-06-29T05:57:44","date_gmt":"2016-06-29T08:57:44","guid":{"rendered":"http:\/\/eventos.ifg.edu.br\/diainfo2016\/?page_id=45"},"modified":"2016-08-10T05:09:30","modified_gmt":"2016-08-10T08:09:30","slug":"contato","status":"publish","type":"page","link":"https:\/\/eventos.ifg.edu.br\/diainfo2016\/contato\/","title":{"rendered":"Contato"},"content":{"rendered":"<p>Organiza\u00e7\u00e3o: Professor Ernane Rosa Martins<\/p>\n<p>E-mail: ernane.martins@ifg.edu.br<\/p>\n<p>Instituto Federal de Goi\u00e1s Campus Luzi\u00e2nia<\/p>\n<div class=\"copyright\">\n<div>Rua S\u00e3o Bartolomeu, s\/n, Vila Esperan\u00e7a. CEP: 72811-580. Luzi\u00e2nia &#8211; GO<\/div>\n<div>Fone: (61)3622-9700<\/div>\n<\/div>\n<p>&nbsp;<\/p>\n<p><strong>Parceiros:<\/strong><\/p>\n<p>&nbsp;<\/p>\n<p><img fetchpriority=\"high\" decoding=\"async\" class=\"alignnone wp-image-118\" src=\"http:\/\/eventos.ifg.edu.br\/diainfo2016\/wp-content\/uploads\/sites\/5\/2016\/06\/ifg-luzinia-2015-horizontal-01.jpg\" alt=\"ifg luzinia - 2015 - horizontal-01\" width=\"572\" height=\"193\" \/><\/p>\n<p>&nbsp;<\/p>\n<p><img decoding=\"async\" class=\"alignnone wp-image-87\" src=\"http:\/\/eventos.ifg.edu.br\/diainfo2016\/wp-content\/uploads\/sites\/5\/2016\/06\/Logo_apoio.jpg\" alt=\"Logo_apoio\" width=\"461\" height=\"124\" \/><\/p>\n<p>&nbsp;<\/p>\n<p><img decoding=\"async\" class=\"alignnone wp-image-117\" src=\"http:\/\/eventos.ifg.edu.br\/diainfo2016\/wp-content\/uploads\/sites\/5\/2016\/06\/Restaurante-do-Leandro-01.jpg\" alt=\"Restaurante do Leandro 01\" width=\"484\" height=\"96\" \/><\/p>\n<p>&nbsp;<\/p>\n<p><img loading=\"lazy\" decoding=\"async\" class=\"alignnone  wp-image-178\" src=\"http:\/\/eventos.ifg.edu.br\/diainfo2016\/wp-content\/uploads\/sites\/5\/2016\/08\/wizard.png\" alt=\"wizard\" width=\"354\" height=\"162\" \/><\/p>\n","protected":false},"excerpt":{"rendered":"<p>Organiza\u00e7\u00e3o: Professor Ernane Rosa Martins E-mail: ernane.martins@ifg.edu.br Instituto Federal de Goi\u00e1s Campus Luzi\u00e2nia Rua S\u00e3o Bartolomeu, s\/n, Vila Esperan\u00e7a. CEP: 72811-580. Luzi\u00e2nia &#8211; GO Fone: (61)3622-9700 &nbsp; Parceiros: &nbsp; &nbsp; &nbsp; &nbsp;<\/p>\n","protected":false},"author":13,"featured_media":0,"parent":0,"menu_order":0,"comment_status":"closed","ping_status":"closed","template":"","meta":{"ngg_post_thumbnail":0,"footnotes":""},"class_list":["post-45","page","type-page","status-publish","hentry"],"_links":{"self":[{"href":"https:\/\/eventos.ifg.edu.br\/diainfo2016\/wp-json\/wp\/v2\/pages\/45"}],"collection":[{"href":"https:\/\/eventos.ifg.edu.br\/diainfo2016\/wp-json\/wp\/v2\/pages"}],"about":[{"href":"https:\/\/eventos.ifg.edu.br\/diainfo2016\/wp-json\/wp\/v2\/types\/page"}],"author":[{"embeddable":true,"href":"https:\/\/eventos.ifg.edu.br\/diainfo2016\/wp-json\/wp\/v2\/users\/13"}],"replies":[{"embeddable":true,"href":"https:\/\/eventos.ifg.edu.br\/diainfo2016\/wp-json\/wp\/v2\/comments?post=45"}],"version-history":[{"count":13,"href":"https:\/\/eventos.ifg.edu.br\/diainfo2016\/wp-json\/wp\/v2\/pages\/45\/revisions"}],"predecessor-version":[{"id":183,"href":"https:\/\/eventos.ifg.edu.br\/diainfo2016\/wp-json\/wp\/v2\/pages\/45\/revisions\/183"}],"wp:attachment":[{"href":"https:\/\/eventos.ifg.edu.br\/diainfo2016\/wp-json\/wp\/v2\/media?parent=45"}],"curies":[{"name":"wp","href":"https:\/\/api.w.org\/{rel}","templated":true}]}}