{"id":36,"date":"2016-06-29T05:52:01","date_gmt":"2016-06-29T08:52:01","guid":{"rendered":"http:\/\/eventos.ifg.edu.br\/diainfo2016\/?page_id=36"},"modified":"2016-08-12T18:44:11","modified_gmt":"2016-08-12T21:44:11","slug":"programacao","status":"publish","type":"page","link":"https:\/\/eventos.ifg.edu.br\/diainfo2016\/programacao\/","title":{"rendered":"Programa\u00e7\u00e3o"},"content":{"rendered":"<p><strong>7:00 \u00e0s 8:00 h<\/strong><\/p>\n<ul>\n<li>Credenciamento <strong>\u2013 P\u00e1tio<\/strong><\/li>\n<\/ul>\n<p><strong>8:00 \u00e0s 9:00 h<\/strong><\/p>\n<ul>\n<li>Palestra: Introdu\u00e7\u00e3o a Software Livre\u00a0<strong>\u2013 Audit\u00f3rio<\/strong><\/li>\n<\/ul>\n<p><strong>9:00 \u00e0s 10:00 h<\/strong><\/p>\n<ul>\n<li>Palestra: Como se Comportar em entrevista de Empregos\u00a0<strong>\u2013 Audit\u00f3rio<\/strong><\/li>\n<\/ul>\n<p><strong>10:00 \u00e0s 12:00 h<\/strong><\/p>\n<ul>\n<li>Oficina: Algoritmos <strong>\u2013 Sala S-402 e Sala T-602<\/strong><\/li>\n<li>Oficina: HTML <strong>\u2013 Sala S-403<\/strong><\/li>\n<li>Oficina: Competi\u00e7\u00e3o de Jogos <strong>\u2013 Sala S-404<\/strong><\/li>\n<li>Oficina: Manuten\u00e7\u00e3o Preventiva de Computadores <strong>\u2013 Sala T-303 Laborat\u00f3rio de Redes<\/strong><\/li>\n<li>Oficina:\u00a0Joomla B\u00e1sico &#8211;\u00a0<strong>Sala S-401-B<\/strong><\/li>\n<li>Oficina: Como montar um Computador\u00a0<strong>\u2013 Sala S-506 &#8211;\u00a0<\/strong><strong>Miniaudit\u00f3rio<\/strong><\/li>\n<\/ul>\n<p><strong>14:00 \u00e0s 16:00 h<\/strong><\/p>\n<ul>\n<li>Oficina: Algoritmos <strong>\u2013 Sala S-402<strong> e Sala T-602<\/strong><\/strong><\/li>\n<li>Oficina: HTML <strong>\u2013 Sala S-403<\/strong><\/li>\n<li>Oficina: Competi\u00e7\u00e3o de Jogos <strong>\u2013 Sala S-404<\/strong><\/li>\n<li>Oficina: Manuten\u00e7\u00e3o Preventiva de Computadores <strong>\u2013 Sala T-303 Laborat\u00f3rio de Redes<\/strong><\/li>\n<li>Oficina:\u00a0Joomla B\u00e1sico &#8211;\u00a0<strong>Sala S-401-B<\/strong><\/li>\n<li>Oficina: Como montar um Computador\u00a0<strong>\u2013 Sala S-506 &#8211;\u00a0<\/strong><strong>Miniaudit\u00f3rio<\/strong><\/li>\n<\/ul>\n<p><strong>16:00 \u00e0s 17:00 h<\/strong><\/p>\n<ul>\n<li>Palestra:\u00a0IoT(Brillo e Weave). <strong>\u2013 Audit\u00f3rio<\/strong><\/li>\n<\/ul>\n<p><strong>17:00 \u00e0s 19:00 h<\/strong><\/p>\n<ul>\n<li>Oficina: Cria\u00e7\u00e3o de APPs multiplataformas\u00a0<strong>\u2013 <strong>Sala S-402<\/strong><\/strong><\/li>\n<\/ul>\n<p><strong>18:00 \u00e0s 19:00 h<\/strong><\/p>\n<ul>\n<li>Sess\u00e3o Tem\u00e1tica P\u00f4ster <strong>\u2013 P\u00e1tio<\/strong><\/li>\n<\/ul>\n<p><strong>19:00 \u00e0s 20:00 h<\/strong><\/p>\n<ul>\n<li>Palestra: Explorando Sistemas Brasileiros <strong>\u2013 Audit\u00f3rio<\/strong><\/li>\n<li>Palestra:\u00a0Geometria Diferencial e Computacional com Ferramentas Livres\u00a0<strong>\u2013 Sala S-506 &#8211;\u00a0<\/strong><strong>Miniaudit\u00f3rio<\/strong><\/li>\n<\/ul>\n<p><strong>20:10 \u00e0s 21:10 h<\/strong><\/p>\n<ul>\n<li>Palestra: Puppet <strong>\u2013 Audit\u00f3rio<\/strong><\/li>\n<\/ul>\n<p><strong>21:15 \u00e0s 22:15 h<\/strong><\/p>\n<ul>\n<li>Palestra: Squid\u00a0<strong>\u2013 Audit\u00f3rio<\/strong><\/li>\n<\/ul>\n<p><strong>20:15 \u00e0s 22:15 h<\/strong><\/p>\n<ul>\n<li>Minicurso: Angular JS e Rest <strong>\u2013 Sala S-403<\/strong><\/li>\n<li>Minicurso:\u00a0Vetores e Matrizes com Python: Sobcarregamento dos Operadores +, -, * e \/\u00a0<strong>\u2013 Sala S-402<\/strong><\/li>\n<li>Minicurso: Introdu\u00e7\u00e3o ao QlikView <strong>\u2013 Sala S-401-B<br \/>\n<\/strong><\/li>\n<\/ul>\n","protected":false},"excerpt":{"rendered":"<p>7:00 \u00e0s 8:00 h Credenciamento \u2013 P\u00e1tio 8:00 \u00e0s 9:00 h Palestra: Introdu\u00e7\u00e3o a Software Livre\u00a0\u2013 Audit\u00f3rio 9:00 \u00e0s 10:00 h Palestra: Como se Comportar em entrevista de Empregos\u00a0\u2013 Audit\u00f3rio 10:00 \u00e0s 12:00 h Oficina: Algoritmos \u2013 Sala S-402 e Sala T-602 Oficina: HTML \u2013 Sala S-403 Oficina: Competi\u00e7\u00e3o de Jogos \u2013 Sala S-404 Oficina: [&hellip;]<\/p>\n","protected":false},"author":13,"featured_media":0,"parent":0,"menu_order":0,"comment_status":"closed","ping_status":"closed","template":"","meta":{"ngg_post_thumbnail":0,"footnotes":""},"class_list":["post-36","page","type-page","status-publish","hentry"],"_links":{"self":[{"href":"https:\/\/eventos.ifg.edu.br\/diainfo2016\/wp-json\/wp\/v2\/pages\/36"}],"collection":[{"href":"https:\/\/eventos.ifg.edu.br\/diainfo2016\/wp-json\/wp\/v2\/pages"}],"about":[{"href":"https:\/\/eventos.ifg.edu.br\/diainfo2016\/wp-json\/wp\/v2\/types\/page"}],"author":[{"embeddable":true,"href":"https:\/\/eventos.ifg.edu.br\/diainfo2016\/wp-json\/wp\/v2\/users\/13"}],"replies":[{"embeddable":true,"href":"https:\/\/eventos.ifg.edu.br\/diainfo2016\/wp-json\/wp\/v2\/comments?post=36"}],"version-history":[{"count":20,"href":"https:\/\/eventos.ifg.edu.br\/diainfo2016\/wp-json\/wp\/v2\/pages\/36\/revisions"}],"predecessor-version":[{"id":196,"href":"https:\/\/eventos.ifg.edu.br\/diainfo2016\/wp-json\/wp\/v2\/pages\/36\/revisions\/196"}],"wp:attachment":[{"href":"https:\/\/eventos.ifg.edu.br\/diainfo2016\/wp-json\/wp\/v2\/media?parent=36"}],"curies":[{"name":"wp","href":"https:\/\/api.w.org\/{rel}","templated":true}]}}