{"id":117,"date":"2026-04-06T18:31:08","date_gmt":"2026-04-06T21:31:08","guid":{"rendered":"https:\/\/eventos.ifg.edu.br\/culturasnegras\/?page_id=117"},"modified":"2026-04-06T18:54:54","modified_gmt":"2026-04-06T21:54:54","slug":"anteriores","status":"publish","type":"page","link":"https:\/\/eventos.ifg.edu.br\/culturasnegras\/anteriores\/","title":{"rendered":"Edi\u00e7\u00f5es anteriores do evento"},"content":{"rendered":"\n<style>\n  .tabela-ecn-wrapper {\n    width: 100%;\n    overflow-x: auto;\n    margin: 30px 0;\n  }\n\n  .tabela-ecn-controles {\n    max-width: 1300px;\n    margin: 0 auto 12px auto;\n    display: flex;\n    justify-content: flex-end;\n    align-items: center;\n    gap: 10px;\n    font-family: Arial, Helvetica, sans-serif;\n    font-size: 13px;\n    color: #1f1f1f;\n  }\n\n  .tabela-ecn-controles label {\n    font-weight: bold;\n  }\n\n  .tabela-ecn-controles select {\n    padding: 7px 10px;\n    border: 1px solid #c8d8c8;\n    border-radius: 6px;\n    background: #ffffff;\n    color: #1f1f1f;\n    font-size: 13px;\n    font-family: Arial, Helvetica, sans-serif;\n    cursor: pointer;\n  }\n\n  .tabela-ecn {\n    width: 100%;\n    max-width: 1300px;\n    margin: 0 auto;\n    border-collapse: collapse;\n    table-layout: fixed;\n    font-family: Arial, Helvetica, sans-serif;\n    font-size: 13px;\n    color: #1f1f1f;\n    background-color: #ffffff;\n    box-shadow: 0 2px 10px rgba(0, 0, 0, 0.06);\n    border-radius: 8px;\n    overflow: hidden;\n  }\n\n  .tabela-ecn thead tr {\n    background-color: #1b5e20;\n    color: #ffffff;\n    text-align: left;\n  }\n\n  .tabela-ecn th,\n  .tabela-ecn td {\n    padding: 10px 12px;\n    border: 1px solid #d9e6d9;\n    vertical-align: top;\n    box-sizing: border-box;\n    line-height: 1.45;\n    overflow-wrap: break-word;\n    word-break: normal;\n    hyphens: auto;\n  }\n\n  .tabela-ecn th {\n    font-size: 13px;\n    font-weight: bold;\n    letter-spacing: 0.2px;\n  }\n\n  .tabela-ecn tbody tr:nth-child(odd) {\n    background-color: #f8fbf8;\n  }\n\n  .tabela-ecn tbody tr:nth-child(even) {\n    background-color: #e8f5e9;\n  }\n\n  .tabela-ecn tbody tr:hover {\n    background-color: #d7eed8;\n    transition: background-color 0.2s ease-in-out;\n  }\n\n  .tabela-ecn th:nth-child(1),\n  .tabela-ecn td:nth-child(1) {\n    width: 8%;\n    text-align: center;\n    white-space: nowrap;\n    font-weight: bold;\n  }\n\n  .tabela-ecn th:nth-child(2),\n  .tabela-ecn td:nth-child(2) {\n    width: 23%;\n  }\n\n  .tabela-ecn th:nth-child(3),\n  .tabela-ecn td:nth-child(3) {\n    width: 28%;\n  }\n\n  .tabela-ecn th:nth-child(4),\n  .tabela-ecn td:nth-child(4) {\n    width: 17%;\n    text-align: center;\n  }\n\n  .tabela-ecn th:nth-child(5),\n  .tabela-ecn td:nth-child(5) {\n    width: 13%;\n  }\n\n  .tabela-ecn th:nth-child(6),\n  .tabela-ecn td:nth-child(6) {\n    width: 11%;\n    text-align: center;\n    white-space: normal;\n    word-break: keep-all;\n    overflow-wrap: normal;\n    hyphens: manual;\n  }\n\n  .tabela-ecn a {\n    color: #1b5e20;\n    font-weight: bold;\n    text-decoration: none;\n  }\n\n  .tabela-ecn a:hover {\n    text-decoration: underline;\n  }\n\n  @media (max-width: 900px) {\n    .tabela-ecn {\n      font-size: 12px;\n    }\n\n    .tabela-ecn th,\n    .tabela-ecn td {\n      padding: 8px 9px;\n      line-height: 1.35;\n    }\n\n    .tabela-ecn th {\n      font-size: 12px;\n    }\n\n    .tabela-ecn th:nth-child(1),\n    .tabela-ecn td:nth-child(1) {\n      width: 8%;\n    }\n\n    .tabela-ecn th:nth-child(2),\n    .tabela-ecn td:nth-child(2) {\n      width: 24%;\n    }\n\n    .tabela-ecn th:nth-child(3),\n    .tabela-ecn td:nth-child(3) {\n      width: 27%;\n    }\n\n    .tabela-ecn th:nth-child(4),\n    .tabela-ecn td:nth-child(4) {\n      width: 17%;\n    }\n\n    .tabela-ecn th:nth-child(5),\n    .tabela-ecn td:nth-child(5) {\n      width: 12%;\n    }\n\n    .tabela-ecn th:nth-child(6),\n    .tabela-ecn td:nth-child(6) {\n      width: 12%;\n      word-break: keep-all;\n      overflow-wrap: normal;\n      hyphens: manual;\n    }\n\n    .tabela-ecn-controles {\n      justify-content: flex-start;\n      padding-left: 2px;\n      font-size: 12px;\n    }\n\n    .tabela-ecn-controles select {\n      font-size: 12px;\n      padding: 6px 8px;\n    }\n  }\n\n  @media (max-width: 640px) {\n    .tabela-ecn {\n      font-size: 11px;\n    }\n\n    .tabela-ecn th,\n    .tabela-ecn td {\n      padding: 7px 7px;\n      line-height: 1.3;\n    }\n\n    .tabela-ecn th {\n      font-size: 11px;\n    }\n\n    .tabela-ecn-controles {\n      font-size: 11px;\n    }\n\n    .tabela-ecn-controles select {\n      font-size: 11px;\n      padding: 5px 7px;\n    }\n  }\n<\/style>\n\n<div class=\"tabela-ecn-wrapper\">\n  <div class=\"tabela-ecn-controles\">\n    <label for=\"ordenar-ecn\">Ordenar por edi\u00e7\u00e3o:<\/label>\n    <select id=\"ordenar-ecn\">\n      <option value=\"desc\" selected>Mais recente para mais antigo<\/option>\n      <option value=\"asc\">Mais antigo para mais recente<\/option>\n    <\/select>\n  <\/div>\n\n  <table class=\"tabela-ecn\" id=\"tabela-ecn\">\n    <thead>\n      <tr>\n        <th>Ano<\/th>\n        <th>Edi\u00e7\u00e3o<\/th>\n        <th>Tema<\/th>\n        <th>Data<\/th>\n        <th>Local<\/th>\n        <th>+Info<\/th>\n      <\/tr>\n    <\/thead>\n    <tbody>\n      <tr>\n        <td>2025<\/td>\n        <td>Encontro de Culturas Negras 2025<\/td>\n        <td>Mulheres Negras do Centro-Oeste: Por repara\u00e7\u00e3o e bem-viver<\/td>\n        <td>01 a 04 de out. de 2025<\/td>\n        <td>C\u00e2mpus Urua\u00e7u<\/td>\n        <td>&#8211;<\/td>\n      <\/tr>\n      <tr>\n        <td>2024<\/td>\n        <td>VI Encontro de Culturas Negras<\/td>\n        <td>O come\u00e7o, o meio e o come\u00e7o: resist\u00eancia e ancestralidade<\/td>\n        <td>12 a 14 de dez. de 2024<\/td>\n        <td>C\u00e2mpus Urua\u00e7u<\/td>\n        <td>&#8211;<\/td>\n      <\/tr>\n      <tr>\n        <td>2023<\/td>\n        <td>V Encontro de Culturas Negras<\/td>\n        <td>Antirracismo, pol\u00edticas p\u00fablicas e educa\u00e7\u00e3o para as rela\u00e7\u00f5es \u00e9tnico-raciais<\/td>\n        <td>30 de nov. a 02 de dez. de 2023<\/td>\n        <td>C\u00e2mpus Urua\u00e7u<\/td>\n        <td>&#8211;<\/td>\n      <\/tr>\n      <tr>\n        <td>2021<\/td>\n        <td>IV Encontro de Culturas Negras \u2013 3\u00aa etapa<\/td>\n        <td>&#8211;<\/td>\n        <td>01 a 03 de dez. de 2021<\/td>\n        <td>IFG Comunidade<\/td>\n        <td><a href=\"https:\/\/youtube.com\/playlist?list=PLZ43nhhqGb5YT9aF7rik9v0UPon4Xq3AP&amp;si=Fj0oY80290nyqbrg\" target=\"_blank\" rel=\"alternate noopener\">Playlist<\/a><\/td>\n      <\/tr>\n      <tr>\n        <td>2021<\/td>\n        <td>IV Encontro de Culturas Negras \u2013 2\u00aa etapa<\/td>\n        <td>Antirracismo, pol\u00edticas p\u00fablicas e direitos humanos<\/td>\n        <td>28 a 30 de abril de 2021<\/td>\n        <td>IFG Comunidade<\/td>\n        <td><a href=\"https:\/\/youtube.com\/playlist?list=PLZ43nhhqGb5YI6p63PXqiZIi8fuCPuqGW&amp;si=2mMGD9410WLZxphW\" target=\"_blank\" rel=\"alternate noopener\">Playlist<\/a><\/td>\n      <\/tr>\n      <tr>\n        <td>2020<\/td>\n        <td>IV Encontro de Culturas Negras \u2013 1\u00aa etapa<\/td>\n        <td>Antirracismo e pol\u00edticas p\u00fablicas<\/td>\n        <td>19 a 21 de nov. de 2020<\/td>\n        <td>IFG Comunidade<\/td>\n        <td><a href=\"https:\/\/youtube.com\/playlist?list=PLZ43nhhqGb5a9AWhCTynQo-aFHoRrqEu0&amp;si=uLQuBQLn-CGAI3H3\" target=\"_blank\" rel=\"alternate noopener\">Playlist<\/a><\/td>\n      <\/tr>\n      <tr>\n        <td>2017<\/td>\n        <td>III Encontro de Culturas Negras<\/td>\n        <td>Educa\u00e7\u00e3o afro, democracia e os desafios no Brasil contempor\u00e2neo (tema da confer\u00eancia de abertura)<\/td>\n        <td>30 de nov. a 02 de dez. de 2017<\/td>\n        <td>C\u00e2mpus Urua\u00e7u<\/td>\n        <td><a href=\"https:\/\/youtu.be\/OwIQ_wmvayk?si=4c5THaX_BG5FO70L\" target=\"_blank\" rel=\"alternate noopener\">V\u00eddeo<\/a><\/td>\n      <\/tr>\n      <tr>\n        <td>2015<\/td>\n        <td>II Encontro de Culturas Negras<\/td>\n        <td>&#8211;<\/td>\n        <td>26 a 28 de nov. de 2015<\/td>\n        <td>C\u00e2mpus Urua\u00e7u<\/td>\n        <td><a href=\"https:\/\/youtu.be\/IXATaMzqmqg?si=So5ImkaK6vQIgtyM\" target=\"_blank\" rel=\"alternate noopener\">V\u00eddeo<\/a><\/td>\n      <\/tr>\n      <tr>\n        <td>2014<\/td>\n        <td>I Encontro de Culturas Negras<\/td>\n        <td>Povos do Cerrado<\/td>\n        <td>26 a 29 de nov. de 2014<\/td>\n        <td>C\u00e2mpus Urua\u00e7u<\/td>\n        <td><a href=\"https:\/\/youtu.be\/GmndbZBxyhk?si=I1o3xcQMUi5qsERe\" target=\"_blank\" rel=\"alternate noopener\">V\u00eddeo<\/a><\/td>\n      <\/tr>\n    <\/tbody>\n  <\/table>\n<\/div>\n\n<script>\n  (function () {\n    var select = document.getElementById('ordenar-ecn');\n    var tbody = document.querySelector('#tabela-ecn tbody');\n\n    function mesParaNumero(texto) {\n      var t = texto.toLowerCase();\n      if (t.indexOf('jan') !== -1) return 0;\n      if (t.indexOf('fev') !== -1) return 1;\n      if (t.indexOf('mar') !== -1) return 2;\n      if (t.indexOf('abr') !== -1) return 3;\n      if (t.indexOf('mai') !== -1) return 4;\n      if (t.indexOf('jun') !== -1) return 5;\n      if (t.indexOf('jul') !== -1) return 6;\n      if (t.indexOf('ago') !== -1) return 7;\n      if (t.indexOf('set') !== -1) return 8;\n      if (t.indexOf('out') !== -1) return 9;\n      if (t.indexOf('nov') !== -1) return 10;\n      if (t.indexOf('dez') !== -1) return 11;\n      return 0;\n    }\n\n    function extrairDataInicial(dataTexto) {\n      var texto = dataTexto\n        .toLowerCase()\n        .replace(\/\\u00a0\/g, ' ')\n        .replace(\/\\s+\/g, ' ')\n        .trim();\n\n      var anoMatch = texto.match(\/(\\d{4})\/);\n      var diaMatch = texto.match(\/(\\d{1,2})\/);\n\n      var ano = anoMatch ? parseInt(anoMatch[1], 10) : 0;\n      var dia = diaMatch ? parseInt(diaMatch[1], 10) : 1;\n      var mes = mesParaNumero(texto);\n\n      return new Date(ano, mes, dia);\n    }\n\n    function ordenarTabela(ordem) {\n      var linhas = Array.prototype.slice.call(tbody.querySelectorAll('tr'));\n\n      linhas.sort(function (a, b) {\n        var dataA = extrairDataInicial(a.cells[3].textContent);\n        var dataB = extrairDataInicial(b.cells[3].textContent);\n\n        if (ordem === 'asc') {\n          return dataA - dataB;\n        } else {\n          return dataB - dataA;\n        }\n      });\n\n      linhas.forEach(function (linha) {\n        tbody.appendChild(linha);\n      });\n    }\n\n    select.addEventListener('change', function () {\n      ordenarTabela(this.value);\n    });\n\n    ordenarTabela('desc');\n  })();\n<\/script>\n","protected":false},"excerpt":{"rendered":"<p>Ordenar por edi\u00e7\u00e3o: Mais recente para mais antigoMais antigo para mais recente Ano Edi\u00e7\u00e3o Tema Data Local +Info 2025 Encontro de Culturas Negras 2025 Mulheres Negras do Centro-Oeste: Por repara\u00e7\u00e3o e bem-viver 01 a 04 de out. de 2025 C\u00e2mpus Urua\u00e7u &#8211; 2024 VI Encontro de Culturas Negras O come\u00e7o, o meio e o come\u00e7o: [&hellip;]<\/p>\n","protected":false},"author":134,"featured_media":0,"parent":0,"menu_order":0,"comment_status":"closed","ping_status":"closed","template":"","meta":{"ngg_post_thumbnail":0,"footnotes":""},"class_list":["post-117","page","type-page","status-publish","hentry"],"_links":{"self":[{"href":"https:\/\/eventos.ifg.edu.br\/culturasnegras\/wp-json\/wp\/v2\/pages\/117"}],"collection":[{"href":"https:\/\/eventos.ifg.edu.br\/culturasnegras\/wp-json\/wp\/v2\/pages"}],"about":[{"href":"https:\/\/eventos.ifg.edu.br\/culturasnegras\/wp-json\/wp\/v2\/types\/page"}],"author":[{"embeddable":true,"href":"https:\/\/eventos.ifg.edu.br\/culturasnegras\/wp-json\/wp\/v2\/users\/134"}],"replies":[{"embeddable":true,"href":"https:\/\/eventos.ifg.edu.br\/culturasnegras\/wp-json\/wp\/v2\/comments?post=117"}],"version-history":[{"count":4,"href":"https:\/\/eventos.ifg.edu.br\/culturasnegras\/wp-json\/wp\/v2\/pages\/117\/revisions"}],"predecessor-version":[{"id":122,"href":"https:\/\/eventos.ifg.edu.br\/culturasnegras\/wp-json\/wp\/v2\/pages\/117\/revisions\/122"}],"wp:attachment":[{"href":"https:\/\/eventos.ifg.edu.br\/culturasnegras\/wp-json\/wp\/v2\/media?parent=117"}],"curies":[{"name":"wp","href":"https:\/\/api.w.org\/{rel}","templated":true}]}}