{"id":66,"date":"2022-10-05T13:01:59","date_gmt":"2022-10-05T16:01:59","guid":{"rendered":"http:\/\/eventos.ifg.edu.br\/conhecendoifguruacu\/?page_id=66"},"modified":"2022-10-07T11:21:39","modified_gmt":"2022-10-07T14:21:39","slug":"dia-07102022","status":"publish","type":"page","link":"https:\/\/eventos.ifg.edu.br\/conhecendoifguruacu\/2022-2\/dia-07102022\/","title":{"rendered":"Dia 07\/10"},"content":{"rendered":"<p>No dia 07\/10\/2022 recebemos dois col\u00e9gios de Urua\u00e7u:<br \/>\n&#8211; Col\u00e9gio Estadual de Vila Dourada; e<br \/>\n&#8211; Col\u00e9gio Conex\u00e3o Serra da Mesa.<\/p>\nngg_shortcode_0_placeholder\n","protected":false},"excerpt":{"rendered":"<p>No dia 07\/10\/2022 recebemos dois col\u00e9gios de Urua\u00e7u: &#8211; Col\u00e9gio Estadual de Vila Dourada; e &#8211; Col\u00e9gio Conex\u00e3o Serra da Mesa.<\/p>\n","protected":false},"author":178,"featured_media":0,"parent":48,"menu_order":5,"comment_status":"closed","ping_status":"closed","template":"","meta":{"ngg_post_thumbnail":0,"footnotes":""},"class_list":["post-66","page","type-page","status-publish","hentry","no-comments"],"_links":{"self":[{"href":"https:\/\/eventos.ifg.edu.br\/conhecendoifguruacu\/wp-json\/wp\/v2\/pages\/66"}],"collection":[{"href":"https:\/\/eventos.ifg.edu.br\/conhecendoifguruacu\/wp-json\/wp\/v2\/pages"}],"about":[{"href":"https:\/\/eventos.ifg.edu.br\/conhecendoifguruacu\/wp-json\/wp\/v2\/types\/page"}],"author":[{"embeddable":true,"href":"https:\/\/eventos.ifg.edu.br\/conhecendoifguruacu\/wp-json\/wp\/v2\/users\/178"}],"replies":[{"embeddable":true,"href":"https:\/\/eventos.ifg.edu.br\/conhecendoifguruacu\/wp-json\/wp\/v2\/comments?post=66"}],"version-history":[{"count":3,"href":"https:\/\/eventos.ifg.edu.br\/conhecendoifguruacu\/wp-json\/wp\/v2\/pages\/66\/revisions"}],"predecessor-version":[{"id":639,"href":"https:\/\/eventos.ifg.edu.br\/conhecendoifguruacu\/wp-json\/wp\/v2\/pages\/66\/revisions\/639"}],"up":[{"embeddable":true,"href":"https:\/\/eventos.ifg.edu.br\/conhecendoifguruacu\/wp-json\/wp\/v2\/pages\/48"}],"wp:attachment":[{"href":"https:\/\/eventos.ifg.edu.br\/conhecendoifguruacu\/wp-json\/wp\/v2\/media?parent=66"}],"curies":[{"name":"wp","href":"https:\/\/api.w.org\/{rel}","templated":true}]}}