{"id":58,"date":"2022-10-05T12:42:39","date_gmt":"2022-10-05T15:42:39","guid":{"rendered":"http:\/\/eventos.ifg.edu.br\/conhecendoifguruacu\/?page_id=58"},"modified":"2022-10-10T20:42:51","modified_gmt":"2022-10-10T23:42:51","slug":"dia-1010","status":"publish","type":"page","link":"https:\/\/eventos.ifg.edu.br\/conhecendoifguruacu\/2022-2\/dia-1010\/","title":{"rendered":"Dia 10\/10"},"content":{"rendered":"<p>No dia 10\/10\/2022 recebemos dois col\u00e9gios de Urua\u00e7u:<br \/>\n&#8211; CPMG Dona Maria Eliza da Silva; e<br \/>\n&#8211; Col\u00e9gio Estadual Joana D&#8217;Arc.<\/p>\nngg_shortcode_0_placeholder\n","protected":false},"excerpt":{"rendered":"<p>No dia 10\/10\/2022 recebemos dois col\u00e9gios de Urua\u00e7u: &#8211; CPMG Dona Maria Eliza da Silva; e &#8211; Col\u00e9gio Estadual Joana D&#8217;Arc.<\/p>\n","protected":false},"author":178,"featured_media":0,"parent":48,"menu_order":6,"comment_status":"closed","ping_status":"closed","template":"","meta":{"ngg_post_thumbnail":0,"footnotes":""},"class_list":["post-58","page","type-page","status-publish","hentry","no-comments"],"_links":{"self":[{"href":"https:\/\/eventos.ifg.edu.br\/conhecendoifguruacu\/wp-json\/wp\/v2\/pages\/58"}],"collection":[{"href":"https:\/\/eventos.ifg.edu.br\/conhecendoifguruacu\/wp-json\/wp\/v2\/pages"}],"about":[{"href":"https:\/\/eventos.ifg.edu.br\/conhecendoifguruacu\/wp-json\/wp\/v2\/types\/page"}],"author":[{"embeddable":true,"href":"https:\/\/eventos.ifg.edu.br\/conhecendoifguruacu\/wp-json\/wp\/v2\/users\/178"}],"replies":[{"embeddable":true,"href":"https:\/\/eventos.ifg.edu.br\/conhecendoifguruacu\/wp-json\/wp\/v2\/comments?post=58"}],"version-history":[{"count":4,"href":"https:\/\/eventos.ifg.edu.br\/conhecendoifguruacu\/wp-json\/wp\/v2\/pages\/58\/revisions"}],"predecessor-version":[{"id":790,"href":"https:\/\/eventos.ifg.edu.br\/conhecendoifguruacu\/wp-json\/wp\/v2\/pages\/58\/revisions\/790"}],"up":[{"embeddable":true,"href":"https:\/\/eventos.ifg.edu.br\/conhecendoifguruacu\/wp-json\/wp\/v2\/pages\/48"}],"wp:attachment":[{"href":"https:\/\/eventos.ifg.edu.br\/conhecendoifguruacu\/wp-json\/wp\/v2\/media?parent=58"}],"curies":[{"name":"wp","href":"https:\/\/api.w.org\/{rel}","templated":true}]}}