{"id":56,"date":"2022-10-05T12:41:01","date_gmt":"2022-10-05T15:41:01","guid":{"rendered":"http:\/\/eventos.ifg.edu.br\/conhecendoifguruacu\/?page_id=56"},"modified":"2022-10-06T12:19:23","modified_gmt":"2022-10-06T15:19:23","slug":"dia-0610","status":"publish","type":"page","link":"https:\/\/eventos.ifg.edu.br\/conhecendoifguruacu\/2022-2\/dia-0610\/","title":{"rendered":"Dia 06\/10"},"content":{"rendered":"<p>No dia 06\/10\/2022 recebemos dois col\u00e9gios de Urua\u00e7u:<br \/>\n&#8211; CEPI \u2013 Centro de Ensino em Per\u00edodo Integral Luiz Carlos da Mota; e<br \/>\n&#8211; Col\u00e9gio Estadual Bernardo Say\u00e3o.<br \/>\nE o CEPI \u2013 Centro de Ensino em Per\u00edodo Integral Paulo Francisco, de Niquel\u00e2ndia. <\/p>\nngg_shortcode_0_placeholder\n","protected":false},"excerpt":{"rendered":"<p>No dia 06\/10\/2022 recebemos dois col\u00e9gios de Urua\u00e7u: &#8211; CEPI \u2013 Centro de Ensino em Per\u00edodo Integral Luiz Carlos da Mota; e &#8211; Col\u00e9gio Estadual Bernardo Say\u00e3o. E o CEPI \u2013 Centro de Ensino em Per\u00edodo Integral Paulo&#8230; <a class=\"read-more\" href=\"https:\/\/eventos.ifg.edu.br\/conhecendoifguruacu\/2022-2\/dia-0610\/\">Read More<\/a><\/p>\n","protected":false},"author":178,"featured_media":0,"parent":48,"menu_order":4,"comment_status":"closed","ping_status":"closed","template":"","meta":{"ngg_post_thumbnail":0,"footnotes":""},"class_list":["post-56","page","type-page","status-publish","hentry","no-comments"],"_links":{"self":[{"href":"https:\/\/eventos.ifg.edu.br\/conhecendoifguruacu\/wp-json\/wp\/v2\/pages\/56"}],"collection":[{"href":"https:\/\/eventos.ifg.edu.br\/conhecendoifguruacu\/wp-json\/wp\/v2\/pages"}],"about":[{"href":"https:\/\/eventos.ifg.edu.br\/conhecendoifguruacu\/wp-json\/wp\/v2\/types\/page"}],"author":[{"embeddable":true,"href":"https:\/\/eventos.ifg.edu.br\/conhecendoifguruacu\/wp-json\/wp\/v2\/users\/178"}],"replies":[{"embeddable":true,"href":"https:\/\/eventos.ifg.edu.br\/conhecendoifguruacu\/wp-json\/wp\/v2\/comments?post=56"}],"version-history":[{"count":5,"href":"https:\/\/eventos.ifg.edu.br\/conhecendoifguruacu\/wp-json\/wp\/v2\/pages\/56\/revisions"}],"predecessor-version":[{"id":384,"href":"https:\/\/eventos.ifg.edu.br\/conhecendoifguruacu\/wp-json\/wp\/v2\/pages\/56\/revisions\/384"}],"up":[{"embeddable":true,"href":"https:\/\/eventos.ifg.edu.br\/conhecendoifguruacu\/wp-json\/wp\/v2\/pages\/48"}],"wp:attachment":[{"href":"https:\/\/eventos.ifg.edu.br\/conhecendoifguruacu\/wp-json\/wp\/v2\/media?parent=56"}],"curies":[{"name":"wp","href":"https:\/\/api.w.org\/{rel}","templated":true}]}}