{"id":50,"date":"2022-10-05T12:40:06","date_gmt":"2022-10-05T15:40:06","guid":{"rendered":"http:\/\/eventos.ifg.edu.br\/conhecendoifguruacu\/?page_id=50"},"modified":"2022-10-10T20:41:58","modified_gmt":"2022-10-10T23:41:58","slug":"dia-0310","status":"publish","type":"page","link":"https:\/\/eventos.ifg.edu.br\/conhecendoifguruacu\/2022-2\/dia-0310\/","title":{"rendered":"Dia 03\/10"},"content":{"rendered":"<p>No dia 03\/10\/2022 recebemos quatro col\u00e9gios de Urua\u00e7u:<br \/>\n&#8211; CEPI &#8211; Centro de Ensino em Per\u00edodo Integral Polivalente;<br \/>\n&#8211; Escola Municipal Pr. Johatam Moreira Guimaraes;<br \/>\n&#8211; CEPI &#8211; Centro de Ensino em Per\u00edodo Integral Aeroporto;<br \/>\n&#8211; Escola Municipal Eneas Fernandes de Carvalho.<\/p>\nngg_shortcode_0_placeholder\n","protected":false},"excerpt":{"rendered":"<p>No dia 03\/10\/2022 recebemos quatro col\u00e9gios de Urua\u00e7u: &#8211; CEPI &#8211; Centro de Ensino em Per\u00edodo Integral Polivalente; &#8211; Escola Municipal Pr. Johatam Moreira Guimaraes; &#8211; CEPI &#8211; Centro de Ensino em Per\u00edodo Integral Aeroporto; &#8211; Escola Municipal&#8230; <a class=\"read-more\" href=\"https:\/\/eventos.ifg.edu.br\/conhecendoifguruacu\/2022-2\/dia-0310\/\">Read More<\/a><\/p>\n","protected":false},"author":178,"featured_media":0,"parent":48,"menu_order":1,"comment_status":"closed","ping_status":"closed","template":"","meta":{"ngg_post_thumbnail":0,"footnotes":""},"class_list":["post-50","page","type-page","status-publish","hentry","no-comments"],"_links":{"self":[{"href":"https:\/\/eventos.ifg.edu.br\/conhecendoifguruacu\/wp-json\/wp\/v2\/pages\/50"}],"collection":[{"href":"https:\/\/eventos.ifg.edu.br\/conhecendoifguruacu\/wp-json\/wp\/v2\/pages"}],"about":[{"href":"https:\/\/eventos.ifg.edu.br\/conhecendoifguruacu\/wp-json\/wp\/v2\/types\/page"}],"author":[{"embeddable":true,"href":"https:\/\/eventos.ifg.edu.br\/conhecendoifguruacu\/wp-json\/wp\/v2\/users\/178"}],"replies":[{"embeddable":true,"href":"https:\/\/eventos.ifg.edu.br\/conhecendoifguruacu\/wp-json\/wp\/v2\/comments?post=50"}],"version-history":[{"count":5,"href":"https:\/\/eventos.ifg.edu.br\/conhecendoifguruacu\/wp-json\/wp\/v2\/pages\/50\/revisions"}],"predecessor-version":[{"id":788,"href":"https:\/\/eventos.ifg.edu.br\/conhecendoifguruacu\/wp-json\/wp\/v2\/pages\/50\/revisions\/788"}],"up":[{"embeddable":true,"href":"https:\/\/eventos.ifg.edu.br\/conhecendoifguruacu\/wp-json\/wp\/v2\/pages\/48"}],"wp:attachment":[{"href":"https:\/\/eventos.ifg.edu.br\/conhecendoifguruacu\/wp-json\/wp\/v2\/media?parent=50"}],"curies":[{"name":"wp","href":"https:\/\/api.w.org\/{rel}","templated":true}]}}