{"id":559,"date":"2018-07-30T20:16:52","date_gmt":"2018-07-30T23:16:52","guid":{"rendered":"http:\/\/eventos.ifg.edu.br\/7semanadehistoria\/?page_id=559"},"modified":"2018-09-22T17:01:19","modified_gmt":"2018-09-22T20:01:19","slug":"anais-da-vii-semana-de-historia","status":"publish","type":"page","link":"https:\/\/eventos.ifg.edu.br\/7semanadehistoria\/anais-da-vii-semana-de-historia\/","title":{"rendered":"Anais da VII Semana de Hist\u00f3ria"},"content":{"rendered":"<p>Segue abaixo os textos publicados&nbsp; nos Anais da VII Semana de Hist\u00f3ria.<\/p>\n<p>&nbsp;<\/p>\n<table>\n<tbody>\n<tr>\n<td width=\"566\">\n<p style=\"text-align: justify\"><a href=\"http:\/\/eventos.ifg.edu.br\/7semanadehistoria\/wp-content\/uploads\/sites\/31\/2018\/07\/Ana-L%C3%ADvia-Louren%C3%A7o-Ferreira.docx\"><em><strong>GET\u00daLIO (2014):&nbsp;<\/strong><\/em><strong>O MODELO DA ESTRUTRA NARRATIVA DA REDE GLOBO E GLOBO FILMES<\/strong><\/a><\/p>\n<p style=\"text-align: justify\">ISSN 2236-6431<\/p>\n<p style=\"text-align: justify\">Ana L\u00edvia Louren\u00e7o Ferreira<\/p>\n<table style=\"height: 275px\" width=\"592\">\n<tbody>\n<tr>\n<td width=\"566\"><a href=\"http:\/\/eventos.ifg.edu.br\/7semanadehistoria\/wp-content\/uploads\/sites\/31\/2018\/09\/Ideologia-e-Movimentos-Sociais.-final.pdf\"><strong>IDEOLOGIA E MOVIMENTOS SOCIAIS<\/strong><\/a><\/p>\n<p>ISSN 2236-6431<\/p>\n<p>Andr\u00e9 de Melo Santos&nbsp;&nbsp;&nbsp;&nbsp;&nbsp;&nbsp;&nbsp;<\/td>\n<\/tr>\n<tr>\n<td width=\"566\"><a href=\"http:\/\/eventos.ifg.edu.br\/7semanadehistoria\/wp-content\/uploads\/sites\/31\/2018\/09\/MULHER-E-EDUCA\u00c7\u00c3O-UMA-AN\u00c1LISE-DOS-INGRESSOS-NO-IFG-DE-2008-A-2018.pdf\"><strong>MULHER E EDUCA\u00c7\u00c3O: UMA AN\u00c1LISE DOS INGRESSOS NO IFG DE 2008 A&nbsp;<\/strong><strong>2018<\/strong><\/a><\/p>\n<p>ISSN 2236-6431<br \/>\nAryadne Rodrigues Moreira<\/p>\n<p>Leticia Caroline Ordones Ferraz Fonceca<\/td>\n<\/tr>\n<\/tbody>\n<\/table>\n<\/td>\n<\/tr>\n<tr style=\"text-align: justify\">\n<td width=\"566\"><a href=\"http:\/\/eventos.ifg.edu.br\/7semanadehistoria\/wp-content\/uploads\/sites\/31\/2018\/07\/Proj.apresentado.Semana.Historia.Atila_.2018.-1.docx\"><strong>A BUSCA PELA EXPERI\u00caNCIA ENTRE&nbsp;<\/strong><em><strong>\u00c9 ISTO UM HOMEM<\/strong><\/em><strong>? (1947) E<\/strong><em><strong>&nbsp;OS AFOGADOS E OS SOBREVIVENTES<\/strong><\/em><strong>&nbsp;DE PRIMO LEVI (1986): A TESTEMUNHA, O INTELECTUAL E O NARRADOR<\/strong><\/a><\/p>\n<p>ISSN 2236-6431<\/p>\n<p>\u00c1tila Fernandes dos Santos<\/td>\n<\/tr>\n<tr style=\"text-align: justify\">\n<td width=\"566\">\n<p style=\"text-align: justify\"><a href=\"http:\/\/eventos.ifg.edu.br\/7semanadehistoria\/wp-content\/uploads\/sites\/31\/2018\/07\/Bruno-Abnner-Lourenzatto-Silveira.docx\"><strong>PENSANDO O S\u00c9CULO XX: A CAT\u00c1STROFE E A NOVA DIMENS\u00c3O DO CONTEMPOR\u00c2NEO<\/strong><\/a><\/p>\n<p style=\"text-align: justify\">ISSN 2236-6431<\/p>\n<p style=\"text-align: justify\">Bruno Abnner Lourenzatto Silveira<\/p>\n<\/td>\n<\/tr>\n<tr style=\"text-align: justify\">\n<td width=\"566\">\n<p style=\"text-align: justify\"><a href=\"http:\/\/eventos.ifg.edu.br\/7semanadehistoria\/wp-content\/uploads\/sites\/31\/2018\/07\/Camila-de-Jesus-Silva.docx\"><strong>A A\u00c7\u00c3O POPULAR ENQUANTO PARTIDO POL\u00cdTICO E AS JORNADAS DE JUNHO: O PASSADO ELUCIDA O PRESENTE<\/strong><\/a><\/p>\n<p style=\"text-align: justify\">ISSN 2236-6431<\/p>\n<p>Camila de Jesus Silva<\/p>\n<table style=\"height: 169px\" width=\"600\">\n<tbody>\n<tr>\n<td width=\"566\"><a href=\"http:\/\/eventos.ifg.edu.br\/7semanadehistoria\/wp-content\/uploads\/sites\/31\/2018\/09\/OS-TRABALHADORES-RURAIS-DE-ITAU\u00c7U-E-AS-HIST\u00d3RIAS-QUE-A-HIST\u00d3RIA-N\u00c3O-CONTA-VII-semana-de-hist\u00f3ria.pdf\"><strong>OS TRABALHADORES RURAIS DE ITAU\u00c7U E AS HIST\u00d3RIAS QUE<br \/>\nA HIST\u00d3RIA N\u00c3O CONTA<\/strong><\/a>ISSN 2236-6431<\/p>\n<p>Dayane Mendes Soares Dias de Jesus<\/td>\n<\/tr>\n<\/tbody>\n<\/table>\n<\/td>\n<\/tr>\n<tr style=\"text-align: justify\">\n<td width=\"566\"><a href=\"http:\/\/eventos.ifg.edu.br\/7semanadehistoria\/wp-content\/uploads\/sites\/31\/2018\/07\/Douglas-de-Castro-Carneiro.doc\"><strong>ENTRE AS MEM\u00d3RIAS E AS NARRATIVAS NAS&nbsp;<\/strong><em><strong>TROADES<\/strong><\/em><strong>&nbsp;DE S\u00caNECA<\/strong><\/a><\/p>\n<p>ISSN 2236-6431<\/p>\n<p>Douglas de Castro Carneiro<\/td>\n<\/tr>\n<tr style=\"text-align: justify\">\n<td width=\"566\"><a href=\"http:\/\/eventos.ifg.edu.br\/7semanadehistoria\/wp-content\/uploads\/sites\/31\/2018\/07\/\u00c9der-Mendes-de-Paula.docx\"><strong>A (IN)VISIBILIDADE DO LOUCO INFRATOR: UMA AN\u00c1LISE DO MOVIMENTO ANTIMANICOMIAL EM GOI\u00c1S<\/strong><\/a><\/p>\n<p>ISSN 2236-6431<\/p>\n<p>\u00c9der Mendes de Paula<\/td>\n<\/tr>\n<tr style=\"text-align: justify\">\n<td width=\"566\"><a href=\"http:\/\/eventos.ifg.edu.br\/7semanadehistoria\/wp-content\/uploads\/sites\/31\/2018\/07\/Elby-Aguiar-Marinho.docx\"><strong>O&nbsp;<\/strong><em><strong>ESMERALDO DE SITU ORBIS&nbsp;<\/strong><\/em><strong>DE DUARTE PACHECO PEREIRA: A \u00c1FRICA NA ESCRITA DE UM NAVEGADOR PORTUGU\u00caS NA PASSAGEM DO S\u00c9CULO XV PARA O XVI<\/strong><\/a><\/p>\n<p>ISSN 2236-6431<\/p>\n<p>Elby Aguiar Marinho<\/td>\n<\/tr>\n<tr style=\"text-align: justify\">\n<td width=\"566\"><a href=\"http:\/\/eventos.ifg.edu.br\/7semanadehistoria\/wp-content\/uploads\/sites\/31\/2018\/07\/Nem-sempre-foi-dito-que-o-preto-n\u00e3o-tem-vez-final..docx\"><strong>NEM SEMPRE FOI DITO QUE O PRETO N\u00c3O TEM VEZ: EMANCIPA\u00c7\u00c3O NEGRA EM DEBATE<\/strong><\/a><\/p>\n<p>ISSN 2236-6431<\/p>\n<p>Francielly Pereira Menezes<\/p>\n<p>Lucas Rodrigues do Carmo<\/td>\n<\/tr>\n<tr style=\"text-align: justify\">\n<td width=\"566\"><a href=\"http:\/\/eventos.ifg.edu.br\/7semanadehistoria\/wp-content\/uploads\/sites\/31\/2018\/07\/Frederico-Menezes-Brand\u00e3o.docx\"><em><strong>EXPERIMENTUM LINGUAE<\/strong><\/em><strong>: EXPERI\u00caNCIA DA LINGUAGEM E ABERTURA DA HIST\u00d3RIA EM WALTER BENJAMIN<\/strong><\/a><\/p>\n<p>ISSN 2236-6431<\/p>\n<p>Frederico Menezes Brand\u00e3o<\/td>\n<\/tr>\n<tr style=\"text-align: justify\">\n<td width=\"566\">\n<p style=\"text-align: justify\"><a href=\"http:\/\/eventos.ifg.edu.br\/7semanadehistoria\/wp-content\/uploads\/sites\/31\/2018\/07\/Gabriel-Furtado-Barbosa.docx\"><strong>A IMAGEM DA CONSTRU\u00c7\u00c3O DA NA\u00c7\u00c3O ESTADUNIDENSE NO&nbsp;<\/strong><em><strong>GAME<\/strong><\/em><strong>&nbsp;<\/strong><em><strong>RED DEAD REDEMPTION&nbsp;<\/strong><\/em><strong>(2010): UMA AN\u00c1LISE ACERCA DA RELA\u00c7\u00c3O DA IMAGEM DO&nbsp;<\/strong><em><strong>WESTERN&nbsp;<\/strong><\/em><strong>NA CONSTRU\u00c7\u00c3O DA NA\u00c7\u00c3O EM JOGOS ELETR\u00d4NICOS<\/strong><\/a><\/p>\n<p style=\"text-align: justify\">ISSN 2236-6431<\/p>\n<p>Gabriel Furtado Barbosa<\/td>\n<\/tr>\n<tr style=\"text-align: justify\">\n<td width=\"566\"><a href=\"http:\/\/eventos.ifg.edu.br\/7semanadehistoria\/wp-content\/uploads\/sites\/31\/2018\/07\/Gustavo-Ferreira-do-Nascimento.docx\"><strong>CINEMA E HIST\u00d3RIA: PERSPECTIVA DIAL\u00d3GICA SOBRE FONTE E SOCIEDADE<\/strong><\/a><\/p>\n<p>ISSN 2236-6431<\/p>\n<p>Gustavo Ferreira do Nascimento<\/td>\n<\/tr>\n<tr style=\"text-align: justify\">\n<td width=\"566\"><a href=\"http:\/\/eventos.ifg.edu.br\/7semanadehistoria\/wp-content\/uploads\/sites\/31\/2018\/07\/Ildo-Corr\u00eaa-da-Silva-Neto.2.docx\"><strong>O&nbsp;<\/strong><em><strong>ETHOS<\/strong><\/em><strong>&nbsp;DO HOMEM CORDIAL NA OBRA RA\u00cdZES DO BRASIL<\/strong><\/a><\/p>\n<p>ISSN 2236-6431<\/p>\n<p>Ildo Corr\u00eaa da Silva Neto<\/td>\n<\/tr>\n<tr style=\"text-align: justify\">\n<td width=\"566\"><a href=\"http:\/\/eventos.ifg.edu.br\/7semanadehistoria\/wp-content\/uploads\/sites\/31\/2018\/07\/Ildo-Corr\u00eaa-da-Silva-Neto.odt\"><strong>O MODELO DE EXCLUS\u00c3O E MODELO DE INCLUS\u00c3O DOS INDIV\u00cdDUOS E A CIDADE<\/strong><\/a><\/p>\n<p>ISSN 2236-6431<\/p>\n<p>Ildo Corr\u00eaa da Silva Neto<\/td>\n<\/tr>\n<tr style=\"text-align: justify\">\n<td width=\"566\"><a href=\"http:\/\/eventos.ifg.edu.br\/7semanadehistoria\/wp-content\/uploads\/sites\/31\/2018\/07\/Jayne-Bueno-dos-Reis.docx\"><strong>AFROBRASILEIROS E IND\u00cdGENAS, AS NARRATIVAS N\u00c3O CONTADAS DOS SUJEITOS HIST\u00d3RICOS DO BRASIL<\/strong><\/a><\/p>\n<p>ISSN 2236-6431<\/p>\n<p>Jayne Bueno dos Reis<\/td>\n<\/tr>\n<tr style=\"text-align: justify\">\n<td width=\"566\">\n<table style=\"height: 145px\" width=\"588\">\n<tbody>\n<tr>\n<td width=\"566\"><a href=\"http:\/\/eventos.ifg.edu.br\/7semanadehistoria\/wp-content\/uploads\/sites\/31\/2018\/09\/ACEVEDO_AMORIM_DA_DEMOCRACIA_RACIAL_AO_QUILOMBISMO.pdf\"><strong>DA DEMOCRACIA RACIAL AO QUILOMBISMO<\/strong><\/a><\/p>\n<p>ISSN 2236-6431<\/p>\n<p>Jefferson Roberto Nascimento Acevedo<\/p>\n<p>Lucas Vieira de Amorim<\/td>\n<\/tr>\n<\/tbody>\n<\/table>\n<p><a href=\"http:\/\/eventos.ifg.edu.br\/7semanadehistoria\/wp-content\/uploads\/sites\/31\/2018\/07\/Jiordana-Branquinho-Silva.docx\"><strong>GUERRILHEIRAS DO ARAGUAIA E A REPRESENTA\u00c7\u00c3O DE MULHERES MILITANTES NA IMPRENSA (1970-1985)<\/strong><\/a><\/p>\n<p>ISSN 2236-6431<\/p>\n<p>Jiordana Branquinho Silva<\/td>\n<\/tr>\n<tr style=\"text-align: justify\">\n<td width=\"566\"><a href=\"http:\/\/eventos.ifg.edu.br\/7semanadehistoria\/wp-content\/uploads\/sites\/31\/2018\/07\/Jo\u00e3o-Pedro-Pereira-Rocha.docx\"><strong>A LITERATURA COMO FERRAMENTA PARA PROBLEMATIZAR A ESCRAVID\u00c3O EM SALA DE AULA<\/strong><\/a><\/p>\n<p>ISSN 2236-6431<\/p>\n<p>Jo\u00e3o Pedro Pereira Rocha<\/td>\n<\/tr>\n<tr style=\"text-align: justify\">\n<td width=\"566\"><a href=\"http:\/\/eventos.ifg.edu.br\/7semanadehistoria\/wp-content\/uploads\/sites\/31\/2018\/07\/Josias-Jos\u00e9-Freire-J\u00fanior.doc\"><strong>MATERIALISMO ANTROPOL\u00d3GICO: A PRESEN\u00c7A DE MARX NA OBRA TARDIA DE WALTER BENJAMIN<\/strong><\/a><\/p>\n<p>ISSN 2236-6431<\/p>\n<p>Josias Jos\u00e9 Freire J\u00fanior<\/td>\n<\/tr>\n<tr style=\"text-align: justify\">\n<td width=\"566\"><a href=\"http:\/\/eventos.ifg.edu.br\/7semanadehistoria\/wp-content\/uploads\/sites\/31\/2018\/07\/Kamylla-Pereira-Borges.docx\"><strong>A RELA\u00c7\u00c3O ENTRE TRABALHO ALIENADO E A EDUCA\u00c7\u00c3O PROFISSIONAL E TECNOL\u00d3GICA NA LEI 13415\/2017<\/strong><\/a><\/p>\n<p>ISSN 2236-6431<\/p>\n<p>Kamylla Pereira Borges<\/td>\n<\/tr>\n<tr style=\"text-align: justify\">\n<td width=\"566\"><a href=\"http:\/\/eventos.ifg.edu.br\/7semanadehistoria\/wp-content\/uploads\/sites\/31\/2018\/07\/Lav\u00ednia-de-Sousa-Almeida-Mendes.2.docx\"><strong>A COLONIZA\u00c7\u00c3O GEOGR\u00c1FICA E IMAGIN\u00c1RIA DO \u201cNOVO MUNDO\u201d: EM BUSCA DE NOVAS EPISTEMOLOGIAS A PARTIR DA DECOLONIALIDADE<\/strong><\/a><\/p>\n<p>ISSN 2236-6431<\/p>\n<p>Lav\u00ednia de Sousa Almeida Mendes<\/td>\n<\/tr>\n<tr style=\"text-align: justify\">\n<td width=\"566\"><a href=\"http:\/\/eventos.ifg.edu.br\/7semanadehistoria\/wp-content\/uploads\/sites\/31\/2018\/07\/Lav\u00ednia-de-Sousa-Almeida-Mendes.docx\"><strong>A PUBLICIDADE DA CERVEJA DEVASSA: A MULHER NEGRA OBJETIFICADA E PRODUZIDA PARA O CONSUMO<\/strong><\/a><\/p>\n<p>ISSN 2236-6431<\/p>\n<p>Lav\u00ednia de Sousa Almeida Mendes<\/td>\n<\/tr>\n<tr style=\"text-align: justify\">\n<td width=\"566\"><a href=\"http:\/\/eventos.ifg.edu.br\/7semanadehistoria\/wp-content\/uploads\/sites\/31\/2018\/07\/Maik-Hil\u00e1rio-Romualdo-Faleiro.docx\"><strong>RAUL SEIXAS E A PERFORMANCE DE RESIST\u00caNCIA EM \u2018\u2019KRIG-H\u00c1, BANDOLO!\u2019\u2019<\/strong><\/a><\/p>\n<p>ISSN 2236-6431<\/p>\n<p>Maik Hil\u00e1rio Romualdo Faleiro<\/td>\n<\/tr>\n<tr style=\"text-align: justify\">\n<td width=\"566\"><a href=\"http:\/\/eventos.ifg.edu.br\/7semanadehistoria\/wp-content\/uploads\/sites\/31\/2018\/07\/Nat\u00e1lia-Gomes-da-S.-Machado.docx\"><strong>DISCURSOS LITER\u00c1RIOS E CINEMATOGR\u00c1FICOS SOBRE O FEMININO: IDENTIDADE, FEMINISMO E REPRESENTA\u00c7\u00c3O ATRAV\u00c9S DO FILME \u201cAS HORAS\u201d<\/strong><\/a><\/p>\n<p>ISSN 2236-6431<\/p>\n<p>Nat\u00e1lia Gomes da S. Machado<\/p>\n<table style=\"height: 122px\" width=\"596\">\n<tbody>\n<tr>\n<td width=\"566\"><a href=\"http:\/\/eventos.ifg.edu.br\/7semanadehistoria\/wp-content\/uploads\/sites\/31\/2018\/09\/A-justi\u00e7a-social-na-comunidade-cat\u00f3lica-Dom-Fernando-e-o-impacto-do-Conc\u00edlio-Vaticano-II.pdf\"><strong>A JUSTI\u00c7A SOCIAL NA COMUNIDADE CAT\u00d3LICA: DOM FERNANDO E O IMPACTO DO CONC\u00cdLIO VATICANO II<\/strong><\/a><\/p>\n<p>ISSN 2236-6431<\/p>\n<p>Orlandino Gon\u00e7alves Neto<\/td>\n<\/tr>\n<\/tbody>\n<\/table>\n<\/td>\n<\/tr>\n<tr style=\"text-align: justify\">\n<td width=\"566\"><a href=\"http:\/\/eventos.ifg.edu.br\/7semanadehistoria\/wp-content\/uploads\/sites\/31\/2018\/07\/Patr\u00edcia-Emanuelle-Nascimento.doc\"><strong>EXPERI\u00caNCIA E TEMPORALIDADES NOS \u201cATOS DE RECORDA\u00c7\u00c3O\u201d: ESCRITA DA HIST\u00d3RIA E MEM\u00d3RIA<\/strong><\/a><\/p>\n<p>ISSN 2236-6431<\/p>\n<p>Patr\u00edcia Emanuelle Nascimento<\/td>\n<\/tr>\n<tr style=\"text-align: justify\">\n<td width=\"566\"><a href=\"http:\/\/eventos.ifg.edu.br\/7semanadehistoria\/wp-content\/uploads\/sites\/31\/2018\/07\/Paulo-Winic\u00edus-Teixeira-de-Paula.doc\"><strong>O REFERENCIAL TE\u00d3RICO MARXISTA EM NELSON WERNECK SODR\u00c9 E CAIO PRADO J\u00daNIOR<\/strong><\/a><\/p>\n<p>ISSN 2236-6431<\/p>\n<p>Paulo Winic\u00edus Teixeira de Paula<\/td>\n<\/tr>\n<tr style=\"text-align: justify\">\n<td width=\"566\"><a href=\"http:\/\/eventos.ifg.edu.br\/7semanadehistoria\/wp-content\/uploads\/sites\/31\/2018\/07\/O-CONTROLE-SOCIAL-COMO-OBJETO-DE-SEGREGA\u00c7\u00c3O-E-CRIMINALIZA\u00c7\u00c3O-DA-JUVENTUDE-NEGRA.docx\"><strong>O CONTROLE SOCIAL COMO OBJETO DE SEGREGA\u00c7\u00c3O E CRIMINALIZA\u00c7\u00c3O DA JUVENTUDE NEGRA<\/strong><\/a><\/p>\n<p>ISSN 2236-6431<\/p>\n<p>Pedro de Oliveira Morais Neto<\/p>\n<p>Victor Hugo da Cunha Morais<\/td>\n<\/tr>\n<tr style=\"text-align: justify\">\n<td width=\"566\"><a href=\"http:\/\/eventos.ifg.edu.br\/7semanadehistoria\/wp-content\/uploads\/sites\/31\/2018\/07\/Raimundo-Carvalho-Moura-Filho.docx\"><strong>O IDEAL DE SANTIDADE NA&nbsp;<\/strong><em><strong>VIDA DE S\u00c3O GODRIC<\/strong><\/em><strong>&nbsp;NO CONTEXTO DO MONAQUISMO REFORMADO NA INGLATERRA NO S\u00c9CULO XII<\/strong><\/a><\/p>\n<p>ISSN 2236-6431<\/p>\n<p>Raimundo Carvalho Moura Filho<\/p>\n<table style=\"height: 167px\" width=\"607\">\n<tbody>\n<tr>\n<td width=\"566\"><a href=\"http:\/\/eventos.ifg.edu.br\/7semanadehistoria\/wp-content\/uploads\/sites\/31\/2018\/09\/Ricardo-Lenard_Texto.pdf\"><strong>ROUSSEAU, CR\u00cdTICA DA CULTURA E MOVIMENTO SOCIAL: UMA<br \/>\nAN\u00c1LISE DOS DOIS DISCURSOS<\/strong><\/a>ISSN 2236-6431<\/p>\n<p>Ricardo Lenard<\/td>\n<\/tr>\n<\/tbody>\n<\/table>\n<\/td>\n<\/tr>\n<tr style=\"text-align: justify\">\n<td width=\"566\"><a href=\"http:\/\/eventos.ifg.edu.br\/7semanadehistoria\/wp-content\/uploads\/sites\/31\/2018\/07\/S\u00e9rgio-Henrique-Soares-de-Souza.docx\"><strong>A UNI\u00c3O OPER\u00c1RIO-CAMPONESA, AS TESES ECON\u00d4MICAS E AS TEORIAS DE CONSOLIDA\u00c7\u00c3O DO SOCIALISMO SOVI\u00c9TICO: DA PR\u00c9-REVOLU\u00c7\u00c3O A COLETIVIZA\u00c7\u00c3O STALINISTA<\/strong><\/a><\/p>\n<p>ISSN 2236-6431<\/p>\n<p>S\u00e9rgio Henrique Soares de Souza<\/td>\n<\/tr>\n<tr>\n<td width=\"566\">\n<p style=\"text-align: justify\"><a href=\"http:\/\/eventos.ifg.edu.br\/7semanadehistoria\/wp-content\/uploads\/sites\/31\/2018\/07\/Thais-Teixeira-do-Nascimento.docx\"><strong>O QUE OS JORNAIS TENTAM NOS MOSTRAR: AS DEN\u00daNCIAS E \u201cCURAS\u201d PARA A MAL\u00c1RIA DURANTE A PRIMEIRA REP\u00daBLICA<\/strong><\/a><\/p>\n<p style=\"text-align: justify\">ISSN 2236-6431<\/p>\n<p style=\"text-align: justify\">Thais Teixeira do Nascimento<\/p>\n<\/td>\n<\/tr>\n<\/tbody>\n<\/table>\n","protected":false},"excerpt":{"rendered":"<p>Segue abaixo os textos publicados&nbsp; nos Anais da VII Semana de Hist\u00f3ria. &nbsp; GET\u00daLIO (2014):&nbsp;O MODELO DA ESTRUTRA NARRATIVA DA REDE GLOBO E GLOBO FILMES ISSN 2236-6431 Ana L\u00edvia Louren\u00e7o Ferreira IDEOLOGIA E MOVIMENTOS SOCIAIS ISSN 2236-6431 Andr\u00e9 de Melo Santos&nbsp;&nbsp;&nbsp;&nbsp;&nbsp;&nbsp;&nbsp; MULHER E EDUCA\u00c7\u00c3O: UMA AN\u00c1LISE DOS INGRESSOS NO IFG DE 2008 A&nbsp;2018 ISSN 2236-6431 [&hellip;]<\/p>\n","protected":false},"author":75,"featured_media":0,"parent":0,"menu_order":0,"comment_status":"closed","ping_status":"closed","template":"","meta":{"ngg_post_thumbnail":0,"footnotes":""},"class_list":["post-559","page","type-page","status-publish","hentry"],"_links":{"self":[{"href":"https:\/\/eventos.ifg.edu.br\/7semanadehistoria\/wp-json\/wp\/v2\/pages\/559"}],"collection":[{"href":"https:\/\/eventos.ifg.edu.br\/7semanadehistoria\/wp-json\/wp\/v2\/pages"}],"about":[{"href":"https:\/\/eventos.ifg.edu.br\/7semanadehistoria\/wp-json\/wp\/v2\/types\/page"}],"author":[{"embeddable":true,"href":"https:\/\/eventos.ifg.edu.br\/7semanadehistoria\/wp-json\/wp\/v2\/users\/75"}],"replies":[{"embeddable":true,"href":"https:\/\/eventos.ifg.edu.br\/7semanadehistoria\/wp-json\/wp\/v2\/comments?post=559"}],"version-history":[{"count":10,"href":"https:\/\/eventos.ifg.edu.br\/7semanadehistoria\/wp-json\/wp\/v2\/pages\/559\/revisions"}],"predecessor-version":[{"id":591,"href":"https:\/\/eventos.ifg.edu.br\/7semanadehistoria\/wp-json\/wp\/v2\/pages\/559\/revisions\/591"}],"wp:attachment":[{"href":"https:\/\/eventos.ifg.edu.br\/7semanadehistoria\/wp-json\/wp\/v2\/media?parent=559"}],"curies":[{"name":"wp","href":"https:\/\/api.w.org\/{rel}","templated":true}]}}