{"id":488,"date":"2018-06-26T13:25:13","date_gmt":"2018-06-26T16:25:13","guid":{"rendered":"http:\/\/eventos.ifg.edu.br\/7semanadehistoria\/?page_id=488"},"modified":"2018-06-26T13:34:08","modified_gmt":"2018-06-26T16:34:08","slug":"certificados-de-ouvintes","status":"publish","type":"page","link":"https:\/\/eventos.ifg.edu.br\/7semanadehistoria\/certificados-de-ouvintes\/","title":{"rendered":"Certificados de Ouvintes"},"content":{"rendered":"<p style=\"text-align: justify\">Os certificados de ouvinte da VII Semana de Licenciatura em Hist\u00f3ria est\u00e3o dispon\u00edveis clicando aqui:<a href=\"https:\/\/sugep.ifg.edu.br\/eventos\/#\/\">\u00a0Sistema Unificado de Gest\u00e3o de Extens\u00e3o e Pesquisa (Sugep)<\/a>\u00a0do IFG. Basta \u201cConectar-se\u201d na aba superior para ter acesso \u00e0 \u00e1rea de participa\u00e7\u00e3o em eventos.<\/p>\n<p style=\"text-align: justify\">Aos n\u00e3o cadastrados no Sugep, insira o email utilizado para se inscrever na VII Semana da Licenciatura em Hist\u00f3ria e clique em \u201cEsqueceu a Senha\u201d. O sistema enviar\u00e1 um link para gera\u00e7\u00e3o de senha que viabilizar\u00e1 acesso de modo a gerar o certificado. Quaisquer d\u00favidas entrem em contato pelo email do evento (<a href=\"mailto:semanadehistoriaifg@gmail.com\">semanadehistoriaifg@gmail.com<\/a>) ou pelo telefone: 3227-2813.<\/p>\n","protected":false},"excerpt":{"rendered":"<p>Os certificados de ouvinte da VII Semana de Licenciatura em Hist\u00f3ria est\u00e3o dispon\u00edveis clicando aqui:\u00a0Sistema Unificado de Gest\u00e3o de Extens\u00e3o e Pesquisa (Sugep)\u00a0do IFG. Basta \u201cConectar-se\u201d na aba superior para ter acesso \u00e0 \u00e1rea de participa\u00e7\u00e3o em eventos. Aos n\u00e3o cadastrados no Sugep, insira o email utilizado para se inscrever na VII Semana da Licenciatura [&hellip;]<\/p>\n","protected":false},"author":75,"featured_media":0,"parent":0,"menu_order":0,"comment_status":"closed","ping_status":"closed","template":"","meta":{"ngg_post_thumbnail":0,"footnotes":""},"class_list":["post-488","page","type-page","status-publish","hentry"],"_links":{"self":[{"href":"https:\/\/eventos.ifg.edu.br\/7semanadehistoria\/wp-json\/wp\/v2\/pages\/488"}],"collection":[{"href":"https:\/\/eventos.ifg.edu.br\/7semanadehistoria\/wp-json\/wp\/v2\/pages"}],"about":[{"href":"https:\/\/eventos.ifg.edu.br\/7semanadehistoria\/wp-json\/wp\/v2\/types\/page"}],"author":[{"embeddable":true,"href":"https:\/\/eventos.ifg.edu.br\/7semanadehistoria\/wp-json\/wp\/v2\/users\/75"}],"replies":[{"embeddable":true,"href":"https:\/\/eventos.ifg.edu.br\/7semanadehistoria\/wp-json\/wp\/v2\/comments?post=488"}],"version-history":[{"count":7,"href":"https:\/\/eventos.ifg.edu.br\/7semanadehistoria\/wp-json\/wp\/v2\/pages\/488\/revisions"}],"predecessor-version":[{"id":495,"href":"https:\/\/eventos.ifg.edu.br\/7semanadehistoria\/wp-json\/wp\/v2\/pages\/488\/revisions\/495"}],"wp:attachment":[{"href":"https:\/\/eventos.ifg.edu.br\/7semanadehistoria\/wp-json\/wp\/v2\/media?parent=488"}],"curies":[{"name":"wp","href":"https:\/\/api.w.org\/{rel}","templated":true}]}}