{"id":165,"date":"2018-02-20T17:32:29","date_gmt":"2018-02-20T20:32:29","guid":{"rendered":"http:\/\/eventos.ifg.edu.br\/7semanadehistoria\/?page_id=165"},"modified":"2018-05-11T23:48:16","modified_gmt":"2018-05-12T02:48:16","slug":"inscricoes","status":"publish","type":"page","link":"https:\/\/eventos.ifg.edu.br\/7semanadehistoria\/inscricoes\/","title":{"rendered":"Inscri\u00e7\u00f5es"},"content":{"rendered":"<p><strong>Inscri\u00e7\u00f5es para ouvinte<\/strong><\/p>\n<p>[inbound_forms id=&#8221;164&#8243; name=&#8221;Inscri\u00e7\u00f5es&#8221;]<\/p>\n<p>&nbsp;<\/p>\n<p><strong>Inscri\u00e7\u00f5es para Simp\u00f3sios Tem\u00e1ticos e Minicursos<\/strong><\/p>\n<p style=\"text-align: justify\">As inscri\u00e7\u00f5es de comunica\u00e7\u00f5es para os Simp\u00f3sios Tem\u00e1ticos est\u00e3o abertas do\u00a0<strong>dia 03\u00a0de abril ao dia 18 de maio<\/strong>, conforme cronograma, e devem ser realizadas diretamente com os\/as coordenadores\/as do simp\u00f3sio de interesse do comunicador, que proceder\u00e3o \u00e0 an\u00e1lise dos trabalhos apresentados. Deve ser enviado em Word ou PDF a proposta com o nome do apresentador, t\u00edtulo da apresenta\u00e7\u00e3o, resumo em cerca de 150\u00a0palavras e link do curr\u00edculo lattes. A lista com as comunica\u00e7\u00f5es aprovadas e a ordem de apresenta\u00e7\u00e3o dos trabalhos ser\u00e1 disponibilizada no dia 21 de maio.<\/p>\n<p style=\"text-align: justify\">As inscri\u00e7\u00f5es nos minicursos devem ser realizadas<strong>\u00a0<\/strong>do<strong> dia 03 de Abril at\u00e9 o dia 25 de maio<\/strong> diretamente com a organiza\u00e7\u00e3o do evento atrav\u00e9s do email: <a href=\"mailto:semanadehistoriaifg@gmail.com\">semanadehistoriaifg@gmail.com<\/a>. O t\u00edtulo do email deve ser \u201cInscri\u00e7\u00e3o em Minicurso\u201d e no corpo do email deve ser indicado o minicurso de interesse. S\u00f3 ser\u00e1 poss\u00edvel a inscri\u00e7\u00e3o em um minicurso.<\/p>\n<p>&nbsp;<\/p>\n","protected":false},"excerpt":{"rendered":"<p>Inscri\u00e7\u00f5es para ouvinte [inbound_forms id=&#8221;164&#8243; name=&#8221;Inscri\u00e7\u00f5es&#8221;] &nbsp; Inscri\u00e7\u00f5es para Simp\u00f3sios Tem\u00e1ticos e Minicursos As inscri\u00e7\u00f5es de comunica\u00e7\u00f5es para os Simp\u00f3sios Tem\u00e1ticos est\u00e3o abertas do\u00a0dia 03\u00a0de abril ao dia 18 de maio, conforme cronograma, e devem ser realizadas diretamente com os\/as coordenadores\/as do simp\u00f3sio de interesse do comunicador, que proceder\u00e3o \u00e0 an\u00e1lise dos trabalhos apresentados. Deve [&hellip;]<\/p>\n","protected":false},"author":75,"featured_media":0,"parent":0,"menu_order":0,"comment_status":"closed","ping_status":"closed","template":"","meta":{"ngg_post_thumbnail":0,"footnotes":""},"class_list":["post-165","page","type-page","status-publish","hentry"],"_links":{"self":[{"href":"https:\/\/eventos.ifg.edu.br\/7semanadehistoria\/wp-json\/wp\/v2\/pages\/165"}],"collection":[{"href":"https:\/\/eventos.ifg.edu.br\/7semanadehistoria\/wp-json\/wp\/v2\/pages"}],"about":[{"href":"https:\/\/eventos.ifg.edu.br\/7semanadehistoria\/wp-json\/wp\/v2\/types\/page"}],"author":[{"embeddable":true,"href":"https:\/\/eventos.ifg.edu.br\/7semanadehistoria\/wp-json\/wp\/v2\/users\/75"}],"replies":[{"embeddable":true,"href":"https:\/\/eventos.ifg.edu.br\/7semanadehistoria\/wp-json\/wp\/v2\/comments?post=165"}],"version-history":[{"count":18,"href":"https:\/\/eventos.ifg.edu.br\/7semanadehistoria\/wp-json\/wp\/v2\/pages\/165\/revisions"}],"predecessor-version":[{"id":362,"href":"https:\/\/eventos.ifg.edu.br\/7semanadehistoria\/wp-json\/wp\/v2\/pages\/165\/revisions\/362"}],"wp:attachment":[{"href":"https:\/\/eventos.ifg.edu.br\/7semanadehistoria\/wp-json\/wp\/v2\/media?parent=165"}],"curies":[{"name":"wp","href":"https:\/\/api.w.org\/{rel}","templated":true}]}}