{"id":162,"date":"2018-02-20T17:24:36","date_gmt":"2018-02-20T20:24:36","guid":{"rendered":"http:\/\/eventos.ifg.edu.br\/7semanadehistoria\/?page_id=162"},"modified":"2018-05-11T23:47:52","modified_gmt":"2018-05-12T02:47:52","slug":"cronograma","status":"publish","type":"page","link":"https:\/\/eventos.ifg.edu.br\/7semanadehistoria\/cronograma\/","title":{"rendered":"Cronograma"},"content":{"rendered":"<table width=\"593\">\n<tbody>\n<tr>\n<td colspan=\"2\" width=\"593\"><\/td>\n<\/tr>\n<tr>\n<td width=\"376\"><strong>Atividade<\/strong><\/td>\n<td width=\"217\"><strong>Data<\/strong><\/td>\n<\/tr>\n<tr>\n<td width=\"376\">Submiss\u00e3o de Propostas de Simp\u00f3sios Tem\u00e1ticos e Minicursos<\/td>\n<td width=\"217\">de 20 de fevereiro a 31 de mar\u00e7o<\/td>\n<\/tr>\n<tr>\n<td width=\"376\">Divulga\u00e7\u00e3o dos Resultados de STs e MCs aprovados<\/td>\n<td width=\"217\">02 de abril<\/td>\n<\/tr>\n<tr>\n<td width=\"376\">Inscri\u00e7\u00e3o para comunica\u00e7\u00e3o em ST<\/td>\n<td width=\"217\">de 03 de abril a\u00a018 de maio<\/td>\n<\/tr>\n<tr>\n<td width=\"376\">Inscri\u00e7\u00e3o para Minicurso<\/td>\n<td width=\"217\">de 03 de abril a 25 de maio<\/td>\n<\/tr>\n<tr>\n<td width=\"376\">Inscri\u00e7\u00e3o para Ouvinte<\/td>\n<td width=\"217\">At\u00e9 05 de junho<\/td>\n<\/tr>\n<tr>\n<td width=\"376\">Divulga\u00e7\u00e3o dos trabalhos aprovados para os Simp\u00f3sios Tem\u00e1ticos<\/td>\n<td width=\"217\">21 de maio<\/td>\n<\/tr>\n<tr>\n<td width=\"376\">Divulga\u00e7\u00e3o da lista de inscritos para participa\u00e7\u00e3o em Minicurso<\/td>\n<td width=\"217\">30 de maio<\/td>\n<\/tr>\n<tr>\n<td width=\"376\">Envio do texto completo para publica\u00e7\u00e3o nos Anais Eletr\u00f4nicos<\/td>\n<td width=\"217\">de 9 de junho a 08 de julho<\/td>\n<\/tr>\n<tr>\n<td width=\"376\">Publica\u00e7\u00e3o dos Anais Eletr\u00f4nicos da VII Semana da Licenciatura em Hist\u00f3ria do IFG<\/td>\n<td width=\"217\">31 de julho<\/td>\n<\/tr>\n<\/tbody>\n<\/table>\n<p>&nbsp;<\/p>\n<p>&nbsp;<\/p>\n","protected":false},"excerpt":{"rendered":"<p>Atividade Data Submiss\u00e3o de Propostas de Simp\u00f3sios Tem\u00e1ticos e Minicursos de 20 de fevereiro a 31 de mar\u00e7o Divulga\u00e7\u00e3o dos Resultados de STs e MCs aprovados 02 de abril Inscri\u00e7\u00e3o para comunica\u00e7\u00e3o em ST de 03 de abril a\u00a018 de maio Inscri\u00e7\u00e3o para Minicurso de 03 de abril a 25 de maio Inscri\u00e7\u00e3o para Ouvinte [&hellip;]<\/p>\n","protected":false},"author":75,"featured_media":0,"parent":0,"menu_order":0,"comment_status":"closed","ping_status":"closed","template":"","meta":{"ngg_post_thumbnail":0,"footnotes":""},"class_list":["post-162","page","type-page","status-publish","hentry"],"_links":{"self":[{"href":"https:\/\/eventos.ifg.edu.br\/7semanadehistoria\/wp-json\/wp\/v2\/pages\/162"}],"collection":[{"href":"https:\/\/eventos.ifg.edu.br\/7semanadehistoria\/wp-json\/wp\/v2\/pages"}],"about":[{"href":"https:\/\/eventos.ifg.edu.br\/7semanadehistoria\/wp-json\/wp\/v2\/types\/page"}],"author":[{"embeddable":true,"href":"https:\/\/eventos.ifg.edu.br\/7semanadehistoria\/wp-json\/wp\/v2\/users\/75"}],"replies":[{"embeddable":true,"href":"https:\/\/eventos.ifg.edu.br\/7semanadehistoria\/wp-json\/wp\/v2\/comments?post=162"}],"version-history":[{"count":6,"href":"https:\/\/eventos.ifg.edu.br\/7semanadehistoria\/wp-json\/wp\/v2\/pages\/162\/revisions"}],"predecessor-version":[{"id":360,"href":"https:\/\/eventos.ifg.edu.br\/7semanadehistoria\/wp-json\/wp\/v2\/pages\/162\/revisions\/360"}],"wp:attachment":[{"href":"https:\/\/eventos.ifg.edu.br\/7semanadehistoria\/wp-json\/wp\/v2\/media?parent=162"}],"curies":[{"name":"wp","href":"https:\/\/api.w.org\/{rel}","templated":true}]}}