{"id":125,"date":"2018-02-20T16:14:30","date_gmt":"2018-02-20T19:14:30","guid":{"rendered":"http:\/\/eventos.ifg.edu.br\/7semanadehistoria\/?page_id=125"},"modified":"2018-02-21T19:38:29","modified_gmt":"2018-02-21T22:38:29","slug":"normasdepublicacao","status":"publish","type":"page","link":"https:\/\/eventos.ifg.edu.br\/7semanadehistoria\/publicacao-de-resumos-e-artigos\/normasdepublicacao\/","title":{"rendered":"Normas de Publica\u00e7\u00e3o"},"content":{"rendered":"<h1><\/h1>\n<p style=\"text-align: justify\">Data para o envio dos trabalhos completos:\u00a0<strong>entre\u00a009\/06\/2018 a 08\/07\/2018<\/strong><\/p>\n<p style=\"text-align: justify\"><span style=\"color: #ff0000\">*SOMENTE SER\u00c3O PUBLICADOS OS TEXTOS DOS COMUNICADORES QUE REALIZAREM SUA APRESENTA\u00c7\u00c3O ORAL NO EVENTO<\/span><\/p>\n<p style=\"text-align: justify\"><strong>NORMAS PARA PUBLICA\u00c7\u00c3O<\/strong><\/p>\n<p style=\"text-align: justify\"><strong>Normas gerais de apresenta\u00e7\u00e3o:<\/strong><\/p>\n<p style=\"text-align: justify\">O texto deve conter o n\u00famero m\u00e1ximo de 15 e o m\u00ednimo de 10 laudas (incluindo bibliografia e anexos), devendo\u00a0ser digitados em editor de texto \u201cWord\u201d. A p\u00e1gina deve conter a seguinte configura\u00e7\u00e3o:\u00a0tamanho A4; margens superior e inferior 2,5 cm\/margens esquerda e direita 3,0 cm, com alinhamento justificado. O texto deve ser enviado sem pagina\u00e7\u00e3o.<\/p>\n<p style=\"text-align: justify\">O corpo do texto deve ser redigido em fonte Times New Roman tamanho 12, com espa\u00e7amento 1,5. As cita\u00e7\u00f5es com at\u00e9 tr\u00eas (3) linhas seguem normas do corpo do texto, devendo estar destacadas pelo uso de aspas. As cita\u00e7\u00f5es acima de tr\u00eas (3) linhas devem ser apresentadas em fonte Times New Roman tamanho 10, com recuo \u00e0 esquerda de 4 cm da margem e espa\u00e7amento simples.<\/p>\n<p style=\"text-align: justify\">O T\u00edtulo\u00a0deve ser apresentado em fonte Times New Roman tamanho 12, em caixa alta, centralizado e em negrito. A Identifica\u00e7\u00e3o da autoria se dar\u00e1 atrav\u00e9s do nome do autor, de sua institui\u00e7\u00e3o de vincula\u00e7\u00e3o e de seu email apresentados logo abaixo do t\u00edtulo, com alinhamento \u00e0 esquerda e fonte Times New Roman tamanho 12.<\/p>\n<p style=\"text-align: justify\"><strong>Normas para a composi\u00e7\u00e3o do texto:<\/strong><\/p>\n<p style=\"text-align: justify\">As cita\u00e7\u00f5es que contenham at\u00e9 tr\u00eas (3) linhas n\u00e3o ser\u00e3o destacadas em blocos, devendo permanecer com a mesma fonte do texto e entre aspas. Dever\u00e3o, tamb\u00e9m, conter a indica\u00e7\u00e3o do sobrenome do autor em letras mai\u00fasculas, seguido do ano de publica\u00e7\u00e3o e da p\u00e1gina utilizada, como no exemplo: (BERNARDO, 1991, p. 30).<\/p>\n<p style=\"text-align: justify\">As refer\u00eancias devem ser apresentadas em ordem alfab\u00e9tica ao final do trabalho, de acordo com as normas da ABNT. Exemplos:<\/p>\n<p style=\"text-align: justify\">Livros: BERNARDO, Jo\u00e3o. Economia dos Conflitos Sociais. S\u00e3o Paulo: Cortez, 1991.<\/p>\n<p style=\"text-align: justify\">Artigos em peri\u00f3dicos: GUARINELLO, Norberto Luiz. Hist\u00f3ria Cient\u00edfica, Hist\u00f3ria Contempor\u00e2nea e Hist\u00f3ria Cotidiana. Revista Brasileira de Hist\u00f3ria. S\u00e3o Paulo, v. 24, n. 48, p. 13-38, 2004.<\/p>\n<p style=\"text-align: justify\">Os quadros, as tabelas e as figuras dever\u00e3o ser numerados em algarismos ar\u00e1bicos (com suas respectivas legendas), de prefer\u00eancia inclu\u00eddos no texto.<\/p>\n<p style=\"text-align: justify\">As notas de rodap\u00e9 devem ser, exclusivamente, explicativas, fonte Times New Roman tamanho 10.<\/p>\n","protected":false},"excerpt":{"rendered":"<p>Data para o envio dos trabalhos completos:\u00a0entre\u00a009\/06\/2018 a 08\/07\/2018 *SOMENTE SER\u00c3O PUBLICADOS OS TEXTOS DOS COMUNICADORES QUE REALIZAREM SUA APRESENTA\u00c7\u00c3O ORAL NO EVENTO NORMAS PARA PUBLICA\u00c7\u00c3O Normas gerais de apresenta\u00e7\u00e3o: O texto deve conter o n\u00famero m\u00e1ximo de 15 e o m\u00ednimo de 10 laudas (incluindo bibliografia e anexos), devendo\u00a0ser digitados em editor de texto [&hellip;]<\/p>\n","protected":false},"author":75,"featured_media":0,"parent":109,"menu_order":0,"comment_status":"closed","ping_status":"closed","template":"","meta":{"ngg_post_thumbnail":0,"footnotes":""},"class_list":["post-125","page","type-page","status-publish","hentry"],"_links":{"self":[{"href":"https:\/\/eventos.ifg.edu.br\/7semanadehistoria\/wp-json\/wp\/v2\/pages\/125"}],"collection":[{"href":"https:\/\/eventos.ifg.edu.br\/7semanadehistoria\/wp-json\/wp\/v2\/pages"}],"about":[{"href":"https:\/\/eventos.ifg.edu.br\/7semanadehistoria\/wp-json\/wp\/v2\/types\/page"}],"author":[{"embeddable":true,"href":"https:\/\/eventos.ifg.edu.br\/7semanadehistoria\/wp-json\/wp\/v2\/users\/75"}],"replies":[{"embeddable":true,"href":"https:\/\/eventos.ifg.edu.br\/7semanadehistoria\/wp-json\/wp\/v2\/comments?post=125"}],"version-history":[{"count":8,"href":"https:\/\/eventos.ifg.edu.br\/7semanadehistoria\/wp-json\/wp\/v2\/pages\/125\/revisions"}],"predecessor-version":[{"id":246,"href":"https:\/\/eventos.ifg.edu.br\/7semanadehistoria\/wp-json\/wp\/v2\/pages\/125\/revisions\/246"}],"up":[{"embeddable":true,"href":"https:\/\/eventos.ifg.edu.br\/7semanadehistoria\/wp-json\/wp\/v2\/pages\/109"}],"wp:attachment":[{"href":"https:\/\/eventos.ifg.edu.br\/7semanadehistoria\/wp-json\/wp\/v2\/media?parent=125"}],"curies":[{"name":"wp","href":"https:\/\/api.w.org\/{rel}","templated":true}]}}