{"id":26,"date":"2016-10-06T00:25:23","date_gmt":"2016-10-06T03:25:23","guid":{"rendered":"http:\/\/eventos.ifg.edu.br\/4set\/?page_id=26"},"modified":"2017-10-10T10:36:31","modified_gmt":"2017-10-10T13:36:31","slug":"organizacao","status":"publish","type":"page","link":"https:\/\/eventos.ifg.edu.br\/4set\/organizacao\/","title":{"rendered":"Organiza\u00e7\u00e3o"},"content":{"rendered":"<p><strong>Realiza\u00e7\u00e3o:<\/strong><\/p>\n<p><img decoding=\"async\" class=\"wp-image-27 alignnone\" src=\"http:\/\/eventos.ifg.edu.br\/4set\/wp-content\/uploads\/sites\/12\/2016\/10\/ifg-goinia-2015-horizontal-01.jpg\" alt=\"ifg-goinia-2015-horizontal-01\" width=\"347\" height=\"117\" \/><\/p>\n<p><strong>Organiza\u00e7\u00e3o:<\/strong><\/p>\n<ul>\n<li>Departamento de \u00c1reas Acad\u00eamicas IV\n<ul>\n<li>Coordena\u00e7\u00e3o de Controle e Automa\u00e7\u00e3o<\/li>\n<li>Coordena\u00e7\u00e3o de Telecomunica\u00e7oes<\/li>\n<li>Coordena\u00e7\u00e3o de Eletrot\u00e9cnica<\/li>\n<li>Coordena\u00e7\u00e3o de Inform\u00e1tica<\/li>\n<li>Coordena\u00e7\u00e3o de Mec\u00e2nica<\/li>\n<\/ul>\n<\/li>\n<\/ul>\n<p>&nbsp;<\/p>\n<p align=\"justify\"><b>Comiss\u00e3o Organizadora<\/b><\/p>\n<ul>\n<li><b> <\/b>A Comiss\u00e3o Organizadora \u00e9 composta pelos professores:\n<ul>\n<li>Aylton Jos\u00e9 Alves<\/li>\n<li>Hip\u00f3lito Barbosa Machado Filho (Proponente\/Coordenador<\/li>\n<li>Wesley Pacheco Calixto<\/li>\n<\/ul>\n<\/li>\n<\/ul>\n<p align=\"justify\">\n<p align=\"justify\"><b>Comit\u00ea T\u00e9cnico Cient\u00edfico<\/b><\/p>\n<ul>\n<li>O Comit\u00ea T\u00e9cnico Cient\u00edfico \u00e9 composto pelos professores:\n<ul>\n<li>Elder Geraldo Domingues<\/li>\n<li>Eduardo Noronha de Andrade Freitas<\/li>\n<li>Jos\u00e9 Luis Domingos<\/li>\n<li>Jo\u00e3o Batista Jos\u00e9 Pereira<\/li>\n<li>Pedro Jos\u00e9 Abr\u00e3o<\/li>\n<li>Raphael de Aquino Gomes<\/li>\n<li>Ricardo Vict\u00f3ria de Holanda<\/li>\n<\/ul>\n<\/li>\n<\/ul>\n<p>&nbsp;<\/p>\n","protected":false},"excerpt":{"rendered":"<p>Realiza\u00e7\u00e3o: Organiza\u00e7\u00e3o: Departamento de \u00c1reas Acad\u00eamicas IV Coordena\u00e7\u00e3o de Controle e Automa\u00e7\u00e3o Coordena\u00e7\u00e3o de Telecomunica\u00e7oes Coordena\u00e7\u00e3o de Eletrot\u00e9cnica Coordena\u00e7\u00e3o de Inform\u00e1tica Coordena\u00e7\u00e3o de Mec\u00e2nica &nbsp; Comiss\u00e3o Organizadora A Comiss\u00e3o Organizadora \u00e9 composta pelos professores: Aylton Jos\u00e9 Alves Hip\u00f3lito Barbosa Machado Filho (Proponente\/Coordenador Wesley Pacheco Calixto Comit\u00ea T\u00e9cnico Cient\u00edfico O Comit\u00ea T\u00e9cnico Cient\u00edfico \u00e9 composto pelos [&hellip;]<\/p>\n","protected":false},"author":7,"featured_media":0,"parent":0,"menu_order":0,"comment_status":"closed","ping_status":"closed","template":"","meta":{"ngg_post_thumbnail":0,"footnotes":""},"class_list":["post-26","page","type-page","status-publish","hentry"],"_links":{"self":[{"href":"https:\/\/eventos.ifg.edu.br\/4set\/wp-json\/wp\/v2\/pages\/26"}],"collection":[{"href":"https:\/\/eventos.ifg.edu.br\/4set\/wp-json\/wp\/v2\/pages"}],"about":[{"href":"https:\/\/eventos.ifg.edu.br\/4set\/wp-json\/wp\/v2\/types\/page"}],"author":[{"embeddable":true,"href":"https:\/\/eventos.ifg.edu.br\/4set\/wp-json\/wp\/v2\/users\/7"}],"replies":[{"embeddable":true,"href":"https:\/\/eventos.ifg.edu.br\/4set\/wp-json\/wp\/v2\/comments?post=26"}],"version-history":[{"count":4,"href":"https:\/\/eventos.ifg.edu.br\/4set\/wp-json\/wp\/v2\/pages\/26\/revisions"}],"predecessor-version":[{"id":43,"href":"https:\/\/eventos.ifg.edu.br\/4set\/wp-json\/wp\/v2\/pages\/26\/revisions\/43"}],"wp:attachment":[{"href":"https:\/\/eventos.ifg.edu.br\/4set\/wp-json\/wp\/v2\/media?parent=26"}],"curies":[{"name":"wp","href":"https:\/\/api.w.org\/{rel}","templated":true}]}}