{"id":16,"date":"2016-10-06T00:15:48","date_gmt":"2016-10-06T03:15:48","guid":{"rendered":"http:\/\/eventos.ifg.edu.br\/4set\/?page_id=16"},"modified":"2017-10-24T18:57:04","modified_gmt":"2017-10-24T20:57:04","slug":"certificados","status":"publish","type":"page","link":"https:\/\/eventos.ifg.edu.br\/4set\/certificados\/","title":{"rendered":"Certificados"},"content":{"rendered":"<p>Os certificados estar\u00e3o dispon\u00edveis ap\u00f3s o evento na plataforma <a href=\"http:\/\/sugep.ifg.edu.br\" target=\"_blank\">http:\/\/sugep.ifg.edu.br<\/a><\/p>\n","protected":false},"excerpt":{"rendered":"<p>Os certificados estar\u00e3o dispon\u00edveis ap\u00f3s o evento na plataforma http:\/\/sugep.ifg.edu.br<\/p>\n","protected":false},"author":7,"featured_media":0,"parent":0,"menu_order":0,"comment_status":"closed","ping_status":"closed","template":"","meta":{"ngg_post_thumbnail":0,"footnotes":""},"class_list":["post-16","page","type-page","status-publish","hentry"],"_links":{"self":[{"href":"https:\/\/eventos.ifg.edu.br\/4set\/wp-json\/wp\/v2\/pages\/16"}],"collection":[{"href":"https:\/\/eventos.ifg.edu.br\/4set\/wp-json\/wp\/v2\/pages"}],"about":[{"href":"https:\/\/eventos.ifg.edu.br\/4set\/wp-json\/wp\/v2\/types\/page"}],"author":[{"embeddable":true,"href":"https:\/\/eventos.ifg.edu.br\/4set\/wp-json\/wp\/v2\/users\/7"}],"replies":[{"embeddable":true,"href":"https:\/\/eventos.ifg.edu.br\/4set\/wp-json\/wp\/v2\/comments?post=16"}],"version-history":[{"count":3,"href":"https:\/\/eventos.ifg.edu.br\/4set\/wp-json\/wp\/v2\/pages\/16\/revisions"}],"predecessor-version":[{"id":100,"href":"https:\/\/eventos.ifg.edu.br\/4set\/wp-json\/wp\/v2\/pages\/16\/revisions\/100"}],"wp:attachment":[{"href":"https:\/\/eventos.ifg.edu.br\/4set\/wp-json\/wp\/v2\/media?parent=16"}],"curies":[{"name":"wp","href":"https:\/\/api.w.org\/{rel}","templated":true}]}}