{"id":27,"date":"2017-09-06T16:56:49","date_gmt":"2017-09-06T19:56:49","guid":{"rendered":"http:\/\/eventos.ifg.edu.br\/3seminarionupefil\/?page_id=27"},"modified":"2017-09-21T10:25:20","modified_gmt":"2017-09-21T13:25:20","slug":"sessao-de-comunicacoes","status":"publish","type":"page","link":"https:\/\/eventos.ifg.edu.br\/3seminarionupefil\/sessao-de-comunicacoes\/","title":{"rendered":"SESS\u00c3O DE COMUNICA\u00c7\u00d5ES"},"content":{"rendered":"<p><img fetchpriority=\"high\" decoding=\"async\" class=\"alignnone size-full wp-image-8 aligncenter\" src=\"http:\/\/eventos.ifg.edu.br\/3seminarionupefil\/wp-content\/uploads\/sites\/23\/2017\/09\/Cabe\u00e7alho-III-Seminario-NUPEFIL-e-VII-Encontro-de-Filosofia.png\" alt=\"Cabe\u00e7alho---III-Seminario-NUPEFIL-e-VII-Encontro-de-Filosofia\" width=\"1600\" height=\"230\" \/><\/p>\n<h5 style=\"text-align: center\"><span style=\"color: #ff0000\"><strong>ORIENTA\u00c7\u00d5ES<\/strong><\/span><\/h5>\n<p>As Sess\u00f5es de Comunica\u00e7\u00f5es contar\u00e3o com a \u00a0apresenta\u00e7\u00e3o dos trabalhos que foram inscritos e aprovados pela comiss\u00e3o respons\u00e1vel. O\u00a0<span style=\"color: black\">tempo total de cada apresenta\u00e7\u00e3o ser\u00e1 de trinta minutos (30 min), sendo vinte minutos (20 min) para exposi\u00e7\u00e3o e dez minutos (10 min) para debate. Cada uma das Sess\u00f5es contar\u00e1 com o seu respectivo coordenador(a) e moderador(a), que atentar\u00e3o para o cumprimento desse tempo disponibilizado.\u00a0<\/span><\/p>\n<p style=\"text-align: justify\">Sugerimos que os participantes estejam presentes em todo momento do hor\u00e1rio estabelecido da Sess\u00e3o a que esteja vinculado(a), pois no caso de qualquer aus\u00eancia o participante subsequente ser\u00e1 chamado \u00e0 apresenta\u00e7\u00e3o. A possibilidade de apresenta\u00e7\u00e3o do trabalho do participante que n\u00e3o esteve presente no hor\u00e1rio que lhe foi designado n\u00e3o ser\u00e1 garantida, cabendo ao coordenador(a) da Sess\u00e3o tomar essa decis\u00e3o, desde que n\u00e3o comprometa em nada ao bom andamento das atividades, uma vez que v\u00e1rios hor\u00e1rios e espa\u00e7os est\u00e3o inter-relacionados na execu\u00e7\u00e3o do Evento.<\/p>\n<h6 style=\"text-align: center\"><span style=\"text-decoration: underline\"><span style=\"color: #ff6600;text-decoration: underline\"><strong>Data: 30\/10 <\/strong><\/span><\/span><\/h6>\n<h6 style=\"text-align: center\"><span style=\"text-decoration: underline\"><span style=\"color: #ff6600;text-decoration: underline\"><strong>Local: Audit\u00f3rio Julieta Passos<\/strong><\/span><\/span><\/h6>\n<h6 style=\"text-align: center\"><span style=\"text-decoration: underline\"><span style=\"color: #ff6600;text-decoration: underline\"><strong>Hor\u00e1rio: 13:30 \u00e0s 16:00<\/strong><\/span><\/span><\/h6>\n<p style=\"text-align: justify\"><strong>1<\/strong>&#8211;\u00a0B\u00e1rbara T. Andrade Soares &#8211; UNB<\/p>\n<p style=\"text-align: justify\"><em>VOZES DO INTERDITO: O INCONFESS\u00c1VEL QUE S\u00d3 A LITERATURA DIZ<\/em><\/p>\n<p style=\"text-align: justify\"><strong>2<\/strong>&#8211; Patr\u00edcia de Oliveira Machado \u2013 IFG\/C\u00e2mpus Luzi\u00e2nia<\/p>\n<p style=\"text-align: justify\"><em>GEORGES BATAILLE: EROTISMO, TRANSGRESS\u00c3O E\u00a0 POESIA<\/em><\/p>\n<p style=\"text-align: justify\"><strong>3<\/strong>&#8211;\u00a0Juliana da Silva \u2013 IFG\/C\u00e2mpusLuzi\u00e2nia<\/p>\n<p style=\"text-align: justify\"><em>O CORPO FEMININO ENQUANTO TRANSCEND\u00caNCIA: UMA REFLEX\u00c3O A PARTIR DA OBRA DE SIMONE DE BEAUVOIR<\/em><\/p>\n<p style=\"text-align: justify\"><strong>4<\/strong>&#8211;\u00a0Andressa Alves Menezes \u2013 IFG\/C\u00e2mpus Luzi\u00e2nia<\/p>\n<p style=\"text-align: justify\"><em>EROTISMO E TRANSGRESS\u00c3O NA OBRA DE ANA\u00cfS NIN<\/em><\/p>\n<p style=\"text-align: justify\"><strong>5<\/strong>&#8211;\u00a0Rebecca Marques Martins Lima de Oliveira \u2013 IFG\/C\u00e2mpus Luzi\u00e2nia<\/p>\n<p style=\"text-align: justify\"><em>EROTISMO E EMANCIPA\u00c7\u00c3O DA MULHER NAS OBRAS DE HILDA HILST: UM DI\u00c1LOGO COM SIMONE DE BEAUVOIR<\/em><\/p>\n<h6 style=\"text-align: center\"><span style=\"text-decoration: underline\"><span style=\"color: #ff6600;text-decoration: underline\"><strong>Data: 30\/10\/17<\/strong><\/span><\/span><\/h6>\n<h6 style=\"text-align: center\"><span style=\"text-decoration: underline\"><span style=\"color: #ff6600;text-decoration: underline\"><strong>Local: Audit\u00f3rio Djalma Maia<\/strong><\/span><\/span><\/h6>\n<h6 style=\"text-align: center\"><span style=\"text-decoration: underline\"><span style=\"color: #ff6600;text-decoration: underline\"><strong>Hor\u00e1rio: 13:30 \u00e0s 16:30<\/strong><\/span><\/span><\/h6>\n<p style=\"text-align: justify\"><strong>1<\/strong>&#8211;\u00a0Felipe Ferreira \u00a0Valoz Jr. &#8211; IFG\/ C\u00e2mpus Goi\u00e2nia<\/p>\n<p style=\"text-align: justify\"><em>A BUSCA DE UM PASSADO IRRECUPER\u00c1VEL E A INVEN\u00c7\u00c3O \u00c9PICO-L\u00cdRICA DE SI MESMO A PARTIR DE UM INCENTIVADOR DE LEITURAS<\/em><\/p>\n<p style=\"text-align: justify\"><strong>2<\/strong>&#8211;\u00a0Eduardo Carli de Moraes \u2013 IFG\/C\u00e2mpus An\u00e1polis<\/p>\n<p style=\"text-align: justify\"><em>PROMETEU DESACORRENTADO \u2013 CRISE SOCIOAMBIENTAL E O COLAPSO DO PRINC\u00cdPIO RESPONSABILIDADE NA OBRA DE HANS JONAS<\/em><\/p>\n<p style=\"text-align: justify\"><strong>3<\/strong>&#8211;\u00a0Weslley Francisco de Oliveira \u2013\u00a0IFG\/C\u00e2mpus Luzi\u00e2nia<\/p>\n<p style=\"text-align: justify\"><em>INTELIG\u00caNCIA ARTIFICIAL, UMA REFLEX\u00c3O FILOS\u00d3FICA DA S\u00c9RIE WESTWORLD<\/em><\/p>\n<p style=\"text-align: justify\"><strong>4<\/strong>&#8211;\u00a0Aelton Leonardo Santos Barbosa \u2013 IFG\/C\u00e2mpus Goi\u00e2nia Oeste<\/p>\n<p style=\"text-align: justify\"><em>NOTAS SOBRE O ORNITORRINCO, OU A ENCRUZILHADA DOS ANOS 10<\/em><\/p>\n<p style=\"text-align: justify\"><strong>5<\/strong>&#8211;\u00a0Jo\u00e3o Pedro Guelhardi Costa Ferreira \u00a0\u2013 IFG\/ C\u00e2mpus Goi\u00e2nia<\/p>\n<p style=\"text-align: justify\"><em>HIST\u00d3RIA E FILOSOFIA: PERSPECTIVAS PARA SUPERAR O ALARGAMENTO DO PRESENTE<\/em><\/p>\n<p style=\"text-align: justify\"><strong>6<\/strong>&#8211; Anna Carolline B. Malaquias \u2013 IFG\/ Reitoria<\/p>\n<p style=\"text-align: justify\"><em>A COMISS\u00c3O DE \u00c9TICA DO IFG: DESAFIOS PARA A PROMO\u00c7\u00c3O DA GEST\u00c3O DA \u00c9TICA NA INSTITUI\u00c7\u00c3O DE EDUCA\u00c7\u00c3O<\/em><\/p>\n<p>&nbsp;<\/p>\n<h6 style=\"text-align: center\"><span style=\"text-decoration: underline\"><span style=\"color: #ff6600;text-decoration: underline\">Data: 31\/10<\/span><\/span><\/h6>\n<h6 style=\"text-align: center\"><span style=\"text-decoration: underline\"><span style=\"color: #ff6600;text-decoration: underline\">Local: Audit\u00f3rio Julieta Passos<\/span><\/span><\/h6>\n<h6 style=\"text-align: center\"><span style=\"text-decoration: underline\"><span style=\"color: #ff6600;text-decoration: underline\">Hor\u00e1rio: 13:30 \u00e0s 16:00<\/span><\/span><\/h6>\n<p style=\"text-align: justify\"><strong>1<\/strong>&#8211;\u00a0Paola Nunes de Souza \u2013 UFG<\/p>\n<p style=\"text-align: justify\"><em>AUFKL\u00c4RUNG KANTIANA: PERSPECTIVAS E CRISE<\/em><\/p>\n<p style=\"text-align: justify\"><strong>2<\/strong>&#8211;\u00a0Thain\u00e1 dos Santos Matos \u2013 UnB<\/p>\n<p style=\"text-align: justify\"><em>A VIDA PRIVADA DO DIREITO<\/em><\/p>\n<p style=\"text-align: justify\"><strong>3<\/strong>&#8211;\u00a0Marcela A. de Ara\u00fajo Fran\u00e7a Castanheira\u00a0 \u2013 IFG\/ C\u00e2mpus Senador Canedo<\/p>\n<p style=\"text-align: justify\"><em>CRISES DE GOVERNAMENTALIDADE<\/em><\/p>\n<p style=\"text-align: justify\"><strong>4<\/strong>&#8211;\u00a0Ana Luiza Guimar\u00e3es Pereira \u2013 UnB<\/p>\n<p style=\"text-align: justify\"><em>O DESRESPEITO DO ESTADO BRASILEIRO AOS DIREITOS DO POVO NEGRO \u00c0 LUZ GIORGIO AGAMBEN<\/em><\/p>\n<p style=\"text-align: justify\"><strong>5<\/strong>&#8211;\u00a0Fortunato Monge \u2013 IFG\/C\u00e2mpus Goi\u00e2nia<\/p>\n<p style=\"text-align: justify\"><em>O NEOLIBERALISMO DE NOZICK<\/em><\/p>\n<p style=\"text-align: center\"><span style=\"text-decoration: underline\"><span style=\"color: #ff6600;text-decoration: underline\"><strong>Data: 31\/10<\/strong><\/span><\/span><\/p>\n<h6 style=\"text-align: center\"><span style=\"text-decoration: underline\"><span style=\"color: #ff6600;text-decoration: underline\"><strong>Local: Audit\u00f3rio Djalma Maia<\/strong><\/span><\/span><\/h6>\n<h6 style=\"text-align: center\"><span style=\"text-decoration: underline\"><span style=\"color: #ff6600;text-decoration: underline\"><strong>Hor\u00e1rio: 13:30 \u00e0s 16:30<\/strong><\/span><\/span><\/h6>\n<p style=\"text-align: justify\"><strong>1<\/strong>&#8211;\u00a0Sandro Henrique Ribeiro \u2013 IFG\/C\u00e2mpus \u00a0Aparecida de Goi\u00e2nia<\/p>\n<p style=\"text-align: justify\"><em>VIDA E ALIENA\u00c7\u00c3O NA IND\u00daSTRIA CULTURAL<\/em><\/p>\n<p style=\"text-align: justify\"><strong>2<\/strong>&#8211;\u00a0Ellen Torres Pereira \u2013 IFG\/C\u00e2mpus Goi\u00e2nia<\/p>\n<p style=\"text-align: justify\"><em>M\u00cdDIA TELEVISIVA: DISCURSOS PARA A (DE)FORMA\u00c7\u00c3O DOS SUJEITOS<\/em><\/p>\n<p style=\"text-align: justify\"><strong>3<\/strong>&#8211;\u00a0Ana Cl\u00e1udia Alves Martins \u2013IFG\/C\u00e2mpus Goi\u00e2nia<\/p>\n<p style=\"text-align: justify\"><em>RAZ\u00c3O INSTRUMENTAL E MASSIFICA\u00c7\u00c3O DO SABER NO BRASIL CONTEMPOR\u00c2NEO: UMA LEITURA ADORNIANA<\/em><\/p>\n<p style=\"text-align: justify\"><strong>4<\/strong>&#8211;\u00a0Marcos Rafael Andrade De Melo &#8211; IFG\/C\u00e2mpus Goi\u00e2nia<\/p>\n<p style=\"text-align: justify\"><em>\u00a0ADORNO E A CONTRAPOSI\u00c7\u00c3O \u00c0 MASSIFICA\u00c7\u00c3O DO SUJEITO PELA EDUCA\u00c7\u00c3O<\/em><\/p>\n<p style=\"text-align: justify\"><strong>5<\/strong>&#8211;\u00a0Miralva Santiago Damasceno Panini &#8211;\u00a0IFG\/C\u00e2mpus Goi\u00e2nia<\/p>\n<p style=\"text-align: justify\"><em>\u00a0A REFORMA DO ENSINO M\u00c9DIO: UMA ABORDAGEM EM ADORNO SOBRE EDUCA\u00c7\u00c3O<\/em><\/p>\n<p style=\"text-align: justify\"><strong>6<\/strong>&#8211;\u00a0Ana L\u00facia Duarte dos Santos &#8211;\u00a0IFG\/C\u00e2mpus Goi\u00e2nia<\/p>\n<p style=\"text-align: justify\"><em>JUVENTUDE E BARB\u00c1RIE NA EDUCA\u00c7\u00c3O, SEGUNDO THEODOR ADORNO<\/em><\/p>\n<p style=\"text-align: justify\"><img decoding=\"async\" class=\"alignnone size-full wp-image-36\" src=\"http:\/\/eventos.ifg.edu.br\/3seminarionupefil\/wp-content\/uploads\/sites\/23\/2017\/09\/Rodap\u00e9-III-Seminario-NUPEFIL-e-VII-Encontro-de-Filosofia.png\" alt=\"Rodap\u00e9---III-Seminario-NUPEFIL-e-VII-Encontro-de-Filosofia\" width=\"1600\" height=\"230\" \/><\/p>\n","protected":false},"excerpt":{"rendered":"<p>ORIENTA\u00c7\u00d5ES As Sess\u00f5es de Comunica\u00e7\u00f5es contar\u00e3o com a \u00a0apresenta\u00e7\u00e3o dos trabalhos que foram inscritos e aprovados pela comiss\u00e3o respons\u00e1vel. O\u00a0tempo total de cada apresenta\u00e7\u00e3o ser\u00e1 de trinta minutos (30 min), sendo vinte minutos (20 min) para exposi\u00e7\u00e3o e dez minutos (10 min) para debate. Cada uma das Sess\u00f5es contar\u00e1 com o seu respectivo coordenador(a) e &hellip; <a href=\"https:\/\/eventos.ifg.edu.br\/3seminarionupefil\/sessao-de-comunicacoes\/\" class=\"more-link\">Continue lendo <span class=\"screen-reader-text\">SESS\u00c3O DE COMUNICA\u00c7\u00d5ES<\/span> <span class=\"meta-nav\">&rarr;<\/span><\/a><\/p>\n","protected":false},"author":55,"featured_media":0,"parent":0,"menu_order":0,"comment_status":"closed","ping_status":"closed","template":"","meta":{"ngg_post_thumbnail":0,"footnotes":""},"class_list":["post-27","page","type-page","status-publish","hentry"],"_links":{"self":[{"href":"https:\/\/eventos.ifg.edu.br\/3seminarionupefil\/wp-json\/wp\/v2\/pages\/27"}],"collection":[{"href":"https:\/\/eventos.ifg.edu.br\/3seminarionupefil\/wp-json\/wp\/v2\/pages"}],"about":[{"href":"https:\/\/eventos.ifg.edu.br\/3seminarionupefil\/wp-json\/wp\/v2\/types\/page"}],"author":[{"embeddable":true,"href":"https:\/\/eventos.ifg.edu.br\/3seminarionupefil\/wp-json\/wp\/v2\/users\/55"}],"replies":[{"embeddable":true,"href":"https:\/\/eventos.ifg.edu.br\/3seminarionupefil\/wp-json\/wp\/v2\/comments?post=27"}],"version-history":[{"count":9,"href":"https:\/\/eventos.ifg.edu.br\/3seminarionupefil\/wp-json\/wp\/v2\/pages\/27\/revisions"}],"predecessor-version":[{"id":62,"href":"https:\/\/eventos.ifg.edu.br\/3seminarionupefil\/wp-json\/wp\/v2\/pages\/27\/revisions\/62"}],"wp:attachment":[{"href":"https:\/\/eventos.ifg.edu.br\/3seminarionupefil\/wp-json\/wp\/v2\/media?parent=27"}],"curies":[{"name":"wp","href":"https:\/\/api.w.org\/{rel}","templated":true}]}}