{"id":23,"date":"2017-09-06T16:55:45","date_gmt":"2017-09-06T19:55:45","guid":{"rendered":"http:\/\/eventos.ifg.edu.br\/3seminarionupefil\/?page_id=23"},"modified":"2017-09-11T21:10:17","modified_gmt":"2017-09-12T00:10:17","slug":"programacao","status":"publish","type":"page","link":"https:\/\/eventos.ifg.edu.br\/3seminarionupefil\/programacao\/","title":{"rendered":"PROGRAMA\u00c7\u00c3O"},"content":{"rendered":"<h2 style=\"text-align: center\"><img fetchpriority=\"high\" decoding=\"async\" class=\"alignnone  wp-image-8\" src=\"http:\/\/eventos.ifg.edu.br\/3seminarionupefil\/wp-content\/uploads\/sites\/23\/2017\/09\/Cabe\u00e7alho-III-Seminario-NUPEFIL-e-VII-Encontro-de-Filosofia.png\" alt=\"Cabe\u00e7alho---III-Seminario-NUPEFIL-e-VII-Encontro-de-Filosofia\" width=\"625\" height=\"90\" \/><\/h2>\n<h2 style=\"text-align: center\"><strong><span style=\"color: #ff0000\">30\/10 &#8211; Segunda-feira<\/span><\/strong><\/h2>\n<ul>\n<li style=\"text-align: justify\"><span style=\"color: #808000\"><strong>9:00 &#8211; 12:00<\/strong><\/span><\/li>\n<\/ul>\n<p><strong>Abertura Formal e apresenta\u00e7\u00e3o art\u00edstica<\/strong><\/p>\n<h4 style=\"text-align: left\"><span style=\"text-decoration: underline\"><strong>Palestra<\/strong><\/span><\/h4>\n<p style=\"text-align: justify\"><strong><em>A crise do sujeito e a filosofia da Diferen\u00e7a como perspectiva<\/em><\/strong> \u2013 Prof. Paulo Petron\u00edlio (UNB) e prof. Wanderley J. Ferreira Jr. (UFG) \u2013 (Cinemateca)<\/p>\n<ul>\n<li><span style=\"color: #808000\"><strong>13:30 &#8211; 16:30<\/strong><\/span><\/li>\n<\/ul>\n<h4><span style=\"text-decoration: underline\"><strong>Sess\u00e3o de Comunica\u00e7\u00f5es<\/strong><\/span><\/h4>\n<p style=\"text-align: justify\"><strong>Sess\u00e3o de Comunica\u00e7\u00f5es 1 \u2013 <\/strong>(Audit\u00f3rio Julieta Passos)<\/p>\n<p style=\"text-align: justify\"><strong>Sess\u00e3o de Comunica\u00e7\u00f5es 2 \u00a0\u2013<\/strong>\u00a0(Audit\u00f3rio Djalma Maia)<\/p>\n<ul>\n<li><span style=\"color: #808000\"><strong>16:30 &#8211; 18:30<\/strong><\/span><\/li>\n<\/ul>\n<h4><span style=\"text-decoration: underline\"><strong>Minicursos<\/strong><\/span><\/h4>\n<p style=\"text-align: justify\"><strong>Minicurso 1:<\/strong>\u00a0<strong><em>Dial\u00e9tica do Esclarecimento e a sociedade de consumo: contemporiza\u00e7\u00e3o e perspectivas<\/em>\u00a0<\/strong>\u00a0\u2013\u00a0 Prof. Sandro Henrique Ribeiro (IFG) \u2013 (Cinemateca)<\/p>\n<p style=\"text-align: justify\"><strong>Minicurso 2: <em>\u00c9tica como amor de si, um contraponto \u00e0 \u00e9tica como amor pr\u00f3prio<\/em><\/strong> \u2013 Prof\u00aa Marisa Alves Vento (IFG) \u2013 (Audit\u00f3rio Julieta Passos)<\/p>\n<p>&nbsp;<\/p>\n<h2 style=\"text-align: center\"><strong><span style=\"color: #ff0000\">31\/10 &#8211; Ter\u00e7a-feira<\/span><\/strong><\/h2>\n<ul>\n<li style=\"text-align: justify\"><span style=\"color: #808000\"><strong>9:00 &#8211; 12:00<\/strong><\/span><\/li>\n<\/ul>\n<h4><span style=\"text-decoration: underline\"><strong>Mesa-Redonda<\/strong><\/span><\/h4>\n<p style=\"text-align: justify\"><strong><em>Movimentos de resist\u00eancia \u00e0 crise \u00e9tica e pol\u00edtica atual: a reinven\u00e7\u00e3o do socius, do ethos e da hist\u00f3ria<\/em><\/strong><em> \u2013<\/em> Prof. Diego A. de Moraes Carvalho (IFG), Prof. Jos\u00e9 Elias Domingos (IFG), Prof. Ricardo V. Golovaty (IFG) \u2013 (Cinemateca)<\/p>\n<ul>\n<li><span style=\"color: #808000\"><strong>13:30 &#8211; 16:30<\/strong><\/span><\/li>\n<\/ul>\n<h4><span style=\"text-decoration: underline\"><strong>Sess\u00e3o de Comunica\u00e7\u00f5es<\/strong><\/span><\/h4>\n<p style=\"text-align: justify\"><strong>Sess\u00e3o de Comunica\u00e7\u00f5es 1 \u2013\u00a0<\/strong>(Audit\u00f3rio Julieta Passos)<\/p>\n<p style=\"text-align: justify\"><strong>Sess\u00e3o de Comunica\u00e7\u00f5es 2 \u00a0\u2013<\/strong>\u00a0(Audit\u00f3rio Djalma Maia)<\/p>\n<ul>\n<li><span style=\"color: #808000\"><strong>16:30 &#8211; 18:30<\/strong><\/span><\/li>\n<\/ul>\n<h4><span style=\"text-decoration: underline\"><strong>Minicursos<\/strong><\/span><\/h4>\n<p style=\"text-align: justify\"><strong>Minicurso 3: <em>\u00a0Individualismo liberal e coletivismo democr\u00e1tico: as fachadas do totalitarismo pol\u00edtico<\/em><\/strong> \u2013 Prof\u00aa Patr\u00edcia Costa e Silva (IFG) \u2013 (Cinemateca)<\/p>\n<p style=\"text-align: justify\"><strong>Minicurso 4:<\/strong><em> <strong>A liberdade como um problema filos\u00f3fico: suas transforma\u00e7\u00f5es e seu sentido para a sociedade atual<\/strong> \u2013 <\/em>Prof\u00aa \u00a0<em>Adriane Campos de A. Remigio <\/em>(IFG) \u2013 (Audit\u00f3rio Julieta Passos)<\/p>\n<p>&nbsp;<\/p>\n<h2 style=\"text-align: center\"><strong><span style=\"color: #ff0000\">01\/11 &#8211; Quarta-feira<\/span><\/strong><\/h2>\n<ul>\n<li style=\"text-align: justify\"><span style=\"color: #808000\"><strong>9:00 &#8211; 12:00<\/strong><\/span><\/li>\n<\/ul>\n<h4><span style=\"text-decoration: underline\"><strong>Mesa-Redonda<\/strong><\/span><\/h4>\n<p style=\"text-align: justify\"><strong>Mesa-Redonda <\/strong><em>&#8211; <strong>Condi\u00e7\u00e3o humana e experi\u00eancia est\u00e9tica: di\u00e1logos entre filosofia, literatura e hist\u00f3ria <\/strong><\/em>\u2013 \u00a0Prof\u00aa Iarle S. Ferreira (IFG), Prof\u00aa Maria Abadia Cardoso (IFG), Prof\u00aa Patr\u00edcia de O. Machado (IFG) \u2013 (Cinemateca)<\/p>\n<ul>\n<li><span style=\"color: #808000\"><strong>14:00 &#8211; 17:00<\/strong><\/span><\/li>\n<\/ul>\n<h4><span style=\"text-decoration: underline\"><strong>Mesa-Redonda<\/strong><\/span><\/h4>\n<p style=\"text-align: justify\"><strong>Mesa-Redonda \u2013 <em>Educa\u00e7\u00e3o em tempos de sociedade tecnol\u00f3gica: emancipa\u00e7\u00e3o ou controle? Resist\u00eancia ou adapta\u00e7\u00e3o?<\/em><\/strong> <em>\u2013 \u00a0<\/em>Prof\u00aa \u00a0Joana Peixoto (IFG), Prof. J\u00falio Van (IFG), Prof\u00aa Maria Eliane \u00a0Souza (IFG) \u2013 (Miniaudit\u00f3rio)<\/p>\n<h4><span style=\"text-decoration: underline\"><strong>Apresenta\u00e7\u00e3o Art\u00edstica<\/strong><\/span><\/h4>\n<p style=\"text-align: justify\"><strong><em>Duo de flauta e viol\u00e3o<\/em><\/strong> \u2013 Prof. Felipe Valoz (IFG) e Prof\u00aa Rosana A. Rodrigues (IFG) \u2013 (Miniaudit\u00f3rio)<\/p>\n<p><img decoding=\"async\" class=\"alignnone  wp-image-36\" src=\"http:\/\/eventos.ifg.edu.br\/3seminarionupefil\/wp-content\/uploads\/sites\/23\/2017\/09\/Rodap\u00e9-III-Seminario-NUPEFIL-e-VII-Encontro-de-Filosofia.png\" alt=\"Rodap\u00e9---III-Seminario-NUPEFIL-e-VII-Encontro-de-Filosofia\" width=\"632\" height=\"91\" \/><\/p>\n<p>&nbsp;<\/p>\n","protected":false},"excerpt":{"rendered":"<p>30\/10 &#8211; Segunda-feira 9:00 &#8211; 12:00 Abertura Formal e apresenta\u00e7\u00e3o art\u00edstica Palestra A crise do sujeito e a filosofia da Diferen\u00e7a como perspectiva \u2013 Prof. Paulo Petron\u00edlio (UNB) e prof. Wanderley J. Ferreira Jr. (UFG) \u2013 (Cinemateca) 13:30 &#8211; 16:30 Sess\u00e3o de Comunica\u00e7\u00f5es Sess\u00e3o de Comunica\u00e7\u00f5es 1 \u2013 (Audit\u00f3rio Julieta Passos) Sess\u00e3o de Comunica\u00e7\u00f5es 2 &hellip; <a href=\"https:\/\/eventos.ifg.edu.br\/3seminarionupefil\/programacao\/\" class=\"more-link\">Continue lendo <span class=\"screen-reader-text\">PROGRAMA\u00c7\u00c3O<\/span> <span class=\"meta-nav\">&rarr;<\/span><\/a><\/p>\n","protected":false},"author":55,"featured_media":0,"parent":0,"menu_order":0,"comment_status":"closed","ping_status":"closed","template":"","meta":{"ngg_post_thumbnail":0,"footnotes":""},"class_list":["post-23","page","type-page","status-publish","hentry"],"_links":{"self":[{"href":"https:\/\/eventos.ifg.edu.br\/3seminarionupefil\/wp-json\/wp\/v2\/pages\/23"}],"collection":[{"href":"https:\/\/eventos.ifg.edu.br\/3seminarionupefil\/wp-json\/wp\/v2\/pages"}],"about":[{"href":"https:\/\/eventos.ifg.edu.br\/3seminarionupefil\/wp-json\/wp\/v2\/types\/page"}],"author":[{"embeddable":true,"href":"https:\/\/eventos.ifg.edu.br\/3seminarionupefil\/wp-json\/wp\/v2\/users\/55"}],"replies":[{"embeddable":true,"href":"https:\/\/eventos.ifg.edu.br\/3seminarionupefil\/wp-json\/wp\/v2\/comments?post=23"}],"version-history":[{"count":4,"href":"https:\/\/eventos.ifg.edu.br\/3seminarionupefil\/wp-json\/wp\/v2\/pages\/23\/revisions"}],"predecessor-version":[{"id":38,"href":"https:\/\/eventos.ifg.edu.br\/3seminarionupefil\/wp-json\/wp\/v2\/pages\/23\/revisions\/38"}],"wp:attachment":[{"href":"https:\/\/eventos.ifg.edu.br\/3seminarionupefil\/wp-json\/wp\/v2\/media?parent=23"}],"curies":[{"name":"wp","href":"https:\/\/api.w.org\/{rel}","templated":true}]}}