{"id":20,"date":"2017-09-06T16:52:37","date_gmt":"2017-09-06T19:52:37","guid":{"rendered":"http:\/\/eventos.ifg.edu.br\/3seminarionupefil\/?page_id=20"},"modified":"2017-11-05T14:37:49","modified_gmt":"2017-11-05T16:37:49","slug":"inscricoes-e-certificacoes","status":"publish","type":"page","link":"https:\/\/eventos.ifg.edu.br\/3seminarionupefil\/inscricoes-e-certificacoes\/","title":{"rendered":"INSCRI\u00c7\u00d5ES E CERTIFICA\u00c7\u00d5ES"},"content":{"rendered":"<p><img fetchpriority=\"high\" decoding=\"async\" class=\"alignnone size-full wp-image-8\" src=\"http:\/\/eventos.ifg.edu.br\/3seminarionupefil\/wp-content\/uploads\/sites\/23\/2017\/09\/Cabe\u00e7alho-III-Seminario-NUPEFIL-e-VII-Encontro-de-Filosofia.png\" alt=\"Cabe\u00e7alho---III-Seminario-NUPEFIL-e-VII-Encontro-de-Filosofia\" width=\"1600\" height=\"230\" \/><\/p>\n<p style=\"text-align: justify\">As inscri\u00e7\u00f5es podem ser feitas at\u00e9 o dia 1\u00ba de Novembro e cada interessado(a) dever\u00e1 se inscrever nas atividades em que deseja participar, pois todo processo de certifica\u00e7\u00e3o somente ser\u00e1 realizado eletronicamente.<\/p>\n<p style=\"text-align: center\"><span style=\"color: #ff0000\"><strong><a style=\"color: #ff0000\" href=\"https:\/\/sugep.ifg.edu.br\/eventos\/#\/eventos\/inscricao\/4ebe5a37-19e5-4d2c-913b-4e90b1d2d6e4\" target=\"_blank\">CLIQUE AQUI PARA SE INSCREVER<\/a><\/strong><\/span><\/p>\n<p style=\"text-align: justify\"><img decoding=\"async\" class=\"alignnone size-full wp-image-36\" src=\"http:\/\/eventos.ifg.edu.br\/3seminarionupefil\/wp-content\/uploads\/sites\/23\/2017\/09\/Rodap\u00e9-III-Seminario-NUPEFIL-e-VII-Encontro-de-Filosofia.png\" alt=\"Rodap\u00e9---III-Seminario-NUPEFIL-e-VII-Encontro-de-Filosofia\" width=\"1600\" height=\"230\" \/><\/p>\n","protected":false},"excerpt":{"rendered":"<p>As inscri\u00e7\u00f5es podem ser feitas at\u00e9 o dia 1\u00ba de Novembro e cada interessado(a) dever\u00e1 se inscrever nas atividades em que deseja participar, pois todo processo de certifica\u00e7\u00e3o somente ser\u00e1 realizado eletronicamente. CLIQUE AQUI PARA SE INSCREVER<\/p>\n","protected":false},"author":55,"featured_media":0,"parent":0,"menu_order":0,"comment_status":"closed","ping_status":"closed","template":"","meta":{"ngg_post_thumbnail":0,"footnotes":""},"class_list":["post-20","page","type-page","status-publish","hentry"],"_links":{"self":[{"href":"https:\/\/eventos.ifg.edu.br\/3seminarionupefil\/wp-json\/wp\/v2\/pages\/20"}],"collection":[{"href":"https:\/\/eventos.ifg.edu.br\/3seminarionupefil\/wp-json\/wp\/v2\/pages"}],"about":[{"href":"https:\/\/eventos.ifg.edu.br\/3seminarionupefil\/wp-json\/wp\/v2\/types\/page"}],"author":[{"embeddable":true,"href":"https:\/\/eventos.ifg.edu.br\/3seminarionupefil\/wp-json\/wp\/v2\/users\/55"}],"replies":[{"embeddable":true,"href":"https:\/\/eventos.ifg.edu.br\/3seminarionupefil\/wp-json\/wp\/v2\/comments?post=20"}],"version-history":[{"count":6,"href":"https:\/\/eventos.ifg.edu.br\/3seminarionupefil\/wp-json\/wp\/v2\/pages\/20\/revisions"}],"predecessor-version":[{"id":64,"href":"https:\/\/eventos.ifg.edu.br\/3seminarionupefil\/wp-json\/wp\/v2\/pages\/20\/revisions\/64"}],"wp:attachment":[{"href":"https:\/\/eventos.ifg.edu.br\/3seminarionupefil\/wp-json\/wp\/v2\/media?parent=20"}],"curies":[{"name":"wp","href":"https:\/\/api.w.org\/{rel}","templated":true}]}}