{"id":15,"date":"2017-09-06T16:48:53","date_gmt":"2017-09-06T19:48:53","guid":{"rendered":"http:\/\/eventos.ifg.edu.br\/3seminarionupefil\/?page_id=15"},"modified":"2017-09-11T21:11:17","modified_gmt":"2017-09-12T00:11:17","slug":"apresentacao","status":"publish","type":"page","link":"https:\/\/eventos.ifg.edu.br\/3seminarionupefil\/apresentacao\/","title":{"rendered":"APRESENTA\u00c7\u00c3O"},"content":{"rendered":"<p style=\"text-align: justify\"><img fetchpriority=\"high\" decoding=\"async\" class=\"alignnone size-full wp-image-8\" src=\"http:\/\/eventos.ifg.edu.br\/3seminarionupefil\/wp-content\/uploads\/sites\/23\/2017\/09\/Cabe\u00e7alho-III-Seminario-NUPEFIL-e-VII-Encontro-de-Filosofia.png\" alt=\"Cabe\u00e7alho---III-Seminario-NUPEFIL-e-VII-Encontro-de-Filosofia\" width=\"1600\" height=\"230\" \/><\/p>\n<p style=\"text-align: justify\">Com o tema \u201cFilosofia, Crise e Perspectivas\u201d, o NUPEFIL \u2013 N\u00facleo de Estudos e Pesquisas em Filosofia realizar\u00e1 no IFG\/Campus Goi\u00e2nia, nos dias 30, 31 de outubro e dia 01 de novembro de 2017, o III Semin\u00e1rio NUPEFIL e VII Encontro de Filosofia. Nesta edi\u00e7\u00e3o, o evento apresenta um vi\u00e9s inter e transdisciplinar, que propiciar\u00e1 um debate, agregando reflex\u00f5es de cunho n\u00e3o apenas filos\u00f3fico, mas hist\u00f3rico, sociol\u00f3gico, educacional, est\u00e9tico, liter\u00e1rio e art\u00edstico, em busca de poss\u00edveis e novas perspectivas. O que se intenta, neste sentido, \u00e9 refletir, por meio da intersec\u00e7\u00e3o de v\u00e1rias \u00e1reas do conhecimento, o sentido da palavra crise que ganhou status internacional e vem sendo utilizada nos mais diversos dom\u00ednios, \u2013 crise econ\u00f4mica, pol\u00edtica, \u00e9tica, existencial, crise da pr\u00f3pria filosofia.<\/p>\n<p><img decoding=\"async\" class=\" wp-image-36 aligncenter\" src=\"http:\/\/eventos.ifg.edu.br\/3seminarionupefil\/wp-content\/uploads\/sites\/23\/2017\/09\/Rodap\u00e9-III-Seminario-NUPEFIL-e-VII-Encontro-de-Filosofia.png\" alt=\"Rodap\u00e9---III-Seminario-NUPEFIL-e-VII-Encontro-de-Filosofia\" width=\"625\" height=\"90\" \/><\/p>\n<p>&nbsp;<\/p>\n","protected":false},"excerpt":{"rendered":"<p>Com o tema \u201cFilosofia, Crise e Perspectivas\u201d, o NUPEFIL \u2013 N\u00facleo de Estudos e Pesquisas em Filosofia realizar\u00e1 no IFG\/Campus Goi\u00e2nia, nos dias 30, 31 de outubro e dia 01 de novembro de 2017, o III Semin\u00e1rio NUPEFIL e VII Encontro de Filosofia. Nesta edi\u00e7\u00e3o, o evento apresenta um vi\u00e9s inter e transdisciplinar, que propiciar\u00e1 &hellip; <a href=\"https:\/\/eventos.ifg.edu.br\/3seminarionupefil\/apresentacao\/\" class=\"more-link\">Continue lendo <span class=\"screen-reader-text\">APRESENTA\u00c7\u00c3O<\/span> <span class=\"meta-nav\">&rarr;<\/span><\/a><\/p>\n","protected":false},"author":55,"featured_media":0,"parent":0,"menu_order":0,"comment_status":"closed","ping_status":"closed","template":"","meta":{"ngg_post_thumbnail":0,"footnotes":""},"class_list":["post-15","page","type-page","status-publish","hentry"],"_links":{"self":[{"href":"https:\/\/eventos.ifg.edu.br\/3seminarionupefil\/wp-json\/wp\/v2\/pages\/15"}],"collection":[{"href":"https:\/\/eventos.ifg.edu.br\/3seminarionupefil\/wp-json\/wp\/v2\/pages"}],"about":[{"href":"https:\/\/eventos.ifg.edu.br\/3seminarionupefil\/wp-json\/wp\/v2\/types\/page"}],"author":[{"embeddable":true,"href":"https:\/\/eventos.ifg.edu.br\/3seminarionupefil\/wp-json\/wp\/v2\/users\/55"}],"replies":[{"embeddable":true,"href":"https:\/\/eventos.ifg.edu.br\/3seminarionupefil\/wp-json\/wp\/v2\/comments?post=15"}],"version-history":[{"count":4,"href":"https:\/\/eventos.ifg.edu.br\/3seminarionupefil\/wp-json\/wp\/v2\/pages\/15\/revisions"}],"predecessor-version":[{"id":39,"href":"https:\/\/eventos.ifg.edu.br\/3seminarionupefil\/wp-json\/wp\/v2\/pages\/15\/revisions\/39"}],"wp:attachment":[{"href":"https:\/\/eventos.ifg.edu.br\/3seminarionupefil\/wp-json\/wp\/v2\/media?parent=15"}],"curies":[{"name":"wp","href":"https:\/\/api.w.org\/{rel}","templated":true}]}}